{"id":61798,"date":"2025-03-10T13:56:00","date_gmt":"2025-03-10T13:56:00","guid":{"rendered":"https:\/\/urbex.direct\/product\/the-amazing-manor-ruin\/"},"modified":"2025-03-09T18:43:23","modified_gmt":"2025-03-09T18:43:23","slug":"a-espantosa-ruina-do-solar","status":"publish","type":"product","link":"https:\/\/urbex.direct\/pt\/product\/the-amazing-manor-ruin\/","title":{"rendered":"A incr\u00edvel ru\u00edna da mans\u00e3o"},"content":{"rendered":"<p>Coordenadas Urbex<\/p>","protected":false},"excerpt":{"rendered":"<p>Coordenadas Urbex<\/p>","protected":false},"featured_media":61797,"template":"","meta":[],"product_brand":[],"product_cat":[295,293],"product_tag":[],"class_list":{"0":"post-61798","1":"product","2":"type-product","3":"status-publish","4":"has-post-thumbnail","6":"product_cat-scotland","7":"product_cat-united-kingdom","9":"first","10":"instock","11":"downloadable","12":"taxable","13":"shipping-taxable","14":"purchasable","15":"product-type-simple"},"jetpack_sharing_enabled":true,"_links":{"self":[{"href":"https:\/\/urbex.direct\/pt\/wp-json\/wp\/v2\/product\/61798","targetHints":{"allow":["GET"]}}],"collection":[{"href":"https:\/\/urbex.direct\/pt\/wp-json\/wp\/v2\/product"}],"about":[{"href":"https:\/\/urbex.direct\/pt\/wp-json\/wp\/v2\/types\/product"}],"wp:featuredmedia":[{"embeddable":true,"href":"https:\/\/urbex.direct\/pt\/wp-json\/wp\/v2\/media\/61797"}],"wp:attachment":[{"href":"https:\/\/urbex.direct\/pt\/wp-json\/wp\/v2\/media?parent=61798"}],"wp:term":[{"taxonomy":"product_brand","embeddable":true,"href":"https:\/\/urbex.direct\/pt\/wp-json\/wp\/v2\/product_brand?post=61798"},{"taxonomy":"product_cat","embeddable":true,"href":"https:\/\/urbex.direct\/pt\/wp-json\/wp\/v2\/product_cat?post=61798"},{"taxonomy":"product_tag","embeddable":true,"href":"https:\/\/urbex.direct\/pt\/wp-json\/wp\/v2\/product_tag?post=61798"}],"curies":[{"name":"wp","href":"https:\/\/api.w.org\/{rel}","templated":true}]}}