{"id":61388,"date":"2025-02-20T18:03:20","date_gmt":"2025-02-20T18:03:20","guid":{"rendered":"https:\/\/urbex.direct\/?post_type=product&#038;p=61388"},"modified":"2025-02-20T18:26:35","modified_gmt":"2025-02-20T18:26:35","slug":"mapa-urbex-gratuito","status":"publish","type":"product","link":"https:\/\/urbex.direct\/pt\/product\/free-urbex-map\/","title":{"rendered":"Mapa Urbex gratuito"},"content":{"rendered":"","protected":false},"excerpt":{"rendered":"<p>Mapa urbex gratuito cheio de coordenadas de localiza\u00e7\u00e3o abandonadas \ud83c\udfda\ufe0f\ud83d\udd26<\/p>\n<p>Tem curiosidade em conhecer edif\u00edcios abandonados, locais escondidos e urbexes? Com o nosso mapa gratuito de urbexes, ter\u00e1 uma ideia das aventuras que o esperam!<\/p>\n<p>Descobrir uma sele\u00e7\u00e3o de locais abandonados<br \/>\nExperimente a qualidade e a facilidade de utiliza\u00e7\u00e3o do nosso mapa Urbex<br \/>\nPerfeito para quem est\u00e1 a come\u00e7ar a viver na cidade<\/p>\n<p>Quer ter acesso a locais exclusivos, informa\u00e7\u00f5es mais completas e actualiza\u00e7\u00f5es regulares? Ent\u00e3o, experimente os nossos outros mapas urbex e leve as suas descobertas para o n\u00edvel seguinte!<\/p>","protected":false},"featured_media":61397,"template":"","meta":[],"product_brand":[],"product_cat":[322,1134,1135,1229,1140,1137,1138,1376,1139,1136],"product_tag":[],"class_list":{"0":"post-61388","1":"product","2":"type-product","3":"status-publish","4":"has-post-thumbnail","6":"product_cat-location-packs","7":"product_cat-maps-belgium","8":"product_cat-maps-france","9":"product_cat-maps-germany","10":"product_cat-maps-greece","11":"product_cat-maps-italy","12":"product_cat-maps-luxembourg","13":"product_cat-maps-portugal","14":"product_cat-maps-spain","15":"product_cat-maps-the-netherlands","17":"first","18":"instock","19":"virtual","20":"taxable","21":"purchasable","22":"product-type-simple"},"jetpack_sharing_enabled":true,"_links":{"self":[{"href":"https:\/\/urbex.direct\/pt\/wp-json\/wp\/v2\/product\/61388","targetHints":{"allow":["GET"]}}],"collection":[{"href":"https:\/\/urbex.direct\/pt\/wp-json\/wp\/v2\/product"}],"about":[{"href":"https:\/\/urbex.direct\/pt\/wp-json\/wp\/v2\/types\/product"}],"wp:featuredmedia":[{"embeddable":true,"href":"https:\/\/urbex.direct\/pt\/wp-json\/wp\/v2\/media\/61397"}],"wp:attachment":[{"href":"https:\/\/urbex.direct\/pt\/wp-json\/wp\/v2\/media?parent=61388"}],"wp:term":[{"taxonomy":"product_brand","embeddable":true,"href":"https:\/\/urbex.direct\/pt\/wp-json\/wp\/v2\/product_brand?post=61388"},{"taxonomy":"product_cat","embeddable":true,"href":"https:\/\/urbex.direct\/pt\/wp-json\/wp\/v2\/product_cat?post=61388"},{"taxonomy":"product_tag","embeddable":true,"href":"https:\/\/urbex.direct\/pt\/wp-json\/wp\/v2\/product_tag?post=61388"}],"curies":[{"name":"wp","href":"https:\/\/api.w.org\/{rel}","templated":true}]}}