{"id":60752,"date":"2025-01-22T15:16:00","date_gmt":"2025-01-22T15:16:00","guid":{"rendered":"https:\/\/urbex.direct\/product\/bakery-company-compania-de-panaderia\/"},"modified":"2025-01-21T19:39:43","modified_gmt":"2025-01-21T19:39:43","slug":"empresa-de-panificacao-compania-de-panaderia","status":"publish","type":"product","link":"https:\/\/urbex.direct\/pt\/product\/bakery-company-compania-de-panaderia\/","title":{"rendered":"Bakery Company \/ Compa\u00f1\u00eda de panader\u00eda"},"content":{"rendered":"<p>Coordenadas Urbex<\/p>","protected":false},"excerpt":{"rendered":"<p>Coordenadas Urbex<\/p>","protected":false},"featured_media":60751,"template":"","meta":[],"product_brand":[],"product_cat":[319,282],"product_tag":[],"class_list":{"0":"post-60752","1":"product","2":"type-product","3":"status-publish","4":"has-post-thumbnail","6":"product_cat-galicia","7":"product_cat-spain","9":"first","10":"instock","11":"downloadable","12":"taxable","13":"shipping-taxable","14":"purchasable","15":"product-type-simple"},"jetpack_sharing_enabled":true,"_links":{"self":[{"href":"https:\/\/urbex.direct\/pt\/wp-json\/wp\/v2\/product\/60752","targetHints":{"allow":["GET"]}}],"collection":[{"href":"https:\/\/urbex.direct\/pt\/wp-json\/wp\/v2\/product"}],"about":[{"href":"https:\/\/urbex.direct\/pt\/wp-json\/wp\/v2\/types\/product"}],"wp:featuredmedia":[{"embeddable":true,"href":"https:\/\/urbex.direct\/pt\/wp-json\/wp\/v2\/media\/60751"}],"wp:attachment":[{"href":"https:\/\/urbex.direct\/pt\/wp-json\/wp\/v2\/media?parent=60752"}],"wp:term":[{"taxonomy":"product_brand","embeddable":true,"href":"https:\/\/urbex.direct\/pt\/wp-json\/wp\/v2\/product_brand?post=60752"},{"taxonomy":"product_cat","embeddable":true,"href":"https:\/\/urbex.direct\/pt\/wp-json\/wp\/v2\/product_cat?post=60752"},{"taxonomy":"product_tag","embeddable":true,"href":"https:\/\/urbex.direct\/pt\/wp-json\/wp\/v2\/product_tag?post=60752"}],"curies":[{"name":"wp","href":"https:\/\/api.w.org\/{rel}","templated":true}]}}