{"id":60456,"date":"2025-01-09T15:19:00","date_gmt":"2025-01-09T15:19:00","guid":{"rendered":"https:\/\/urbex.direct\/product\/manoir-du-lycee\/"},"modified":"2025-02-09T15:55:15","modified_gmt":"2025-02-09T15:55:15","slug":"manoir-du-lycee","status":"publish","type":"product","link":"https:\/\/urbex.direct\/pt\/product\/manoir-du-lycee\/","title":{"rendered":"Manoir du lyc\u00e9e"},"content":{"rendered":"","protected":false},"excerpt":{"rendered":"<p>Renova\u00e7\u00e3o<\/p>","protected":false},"featured_media":60455,"template":"","meta":[],"product_brand":[],"product_cat":[226,231,1051],"product_tag":[44],"class_list":{"0":"post-60456","1":"product","2":"type-product","3":"status-publish","4":"has-post-thumbnail","6":"product_cat-france","7":"product_cat-grand-est","8":"product_cat-moselle-57","9":"product_tag-geenurbex","11":"first","12":"outofstock","13":"downloadable","14":"taxable","15":"shipping-taxable","16":"purchasable","17":"product-type-simple"},"jetpack_sharing_enabled":true,"_links":{"self":[{"href":"https:\/\/urbex.direct\/pt\/wp-json\/wp\/v2\/product\/60456","targetHints":{"allow":["GET"]}}],"collection":[{"href":"https:\/\/urbex.direct\/pt\/wp-json\/wp\/v2\/product"}],"about":[{"href":"https:\/\/urbex.direct\/pt\/wp-json\/wp\/v2\/types\/product"}],"wp:featuredmedia":[{"embeddable":true,"href":"https:\/\/urbex.direct\/pt\/wp-json\/wp\/v2\/media\/60455"}],"wp:attachment":[{"href":"https:\/\/urbex.direct\/pt\/wp-json\/wp\/v2\/media?parent=60456"}],"wp:term":[{"taxonomy":"product_brand","embeddable":true,"href":"https:\/\/urbex.direct\/pt\/wp-json\/wp\/v2\/product_brand?post=60456"},{"taxonomy":"product_cat","embeddable":true,"href":"https:\/\/urbex.direct\/pt\/wp-json\/wp\/v2\/product_cat?post=60456"},{"taxonomy":"product_tag","embeddable":true,"href":"https:\/\/urbex.direct\/pt\/wp-json\/wp\/v2\/product_tag?post=60456"}],"curies":[{"name":"wp","href":"https:\/\/api.w.org\/{rel}","templated":true}]}}