{"id":60330,"date":"2024-12-30T11:30:58","date_gmt":"2024-12-30T11:30:58","guid":{"rendered":"https:\/\/urbex.direct\/?post_type=product&#038;p=60330"},"modified":"2025-05-27T20:14:57","modified_gmt":"2025-05-27T19:14:57","slug":"urbex-map-spain-all-regions-1-ano-de-acesso","status":"publish","type":"product","link":"https:\/\/urbex.direct\/pt\/product\/urbex-map-spain-all-regions-1-year-access\/","title":{"rendered":"Urbex Map Espanha Todas as Regi\u00f5es (1 Ano ou 2 Acessos)"},"content":{"rendered":"<p>Este mapa cont\u00e9m as seguintes localiza\u00e7\u00f5es: <ul><li>Casa do M\u00e9dico<\/li><li>Bunkeranlage<\/li><li>Hotel Miramar<\/li><li>Villa Olivera<\/li><li>Discoteca Lapsus<\/li><li>Mas Carles<\/li><li>Castillo Jov\u00e9<\/li><li>C-65 Restaurante \/ Resto R<\/li><li>Castillo Torre<\/li><li>F\u00e1brica de tabaco<\/li><li>Prevent\u00f3rio Sabinosa<\/li><li>Karting<\/li><li>Hotel Les Ferreses<\/li><li>Pal\u00e1cio Celeste<\/li><li>Balne\u00e1rio Termas la Puda<\/li><li>Col\u00f3nia Cementera<\/li><li>El pueblo del Japon\u00e9s \/ Cidade do Jap\u00e3o<\/li><li>Base militar Loran<\/li><li>Puti Club de Carretera<\/li><li>Pra\u00e7a de Touros<\/li><li>F\u00e1brica AP<\/li><li>Hostal del Gato Momificado<\/li><li>Masia del Soldado<\/li><li>Ruina Can Busquets<\/li><li>Gasolinera A<\/li><li>Coches mimetizados com a Natureza \/ Carros camuflados<\/li><li>Hotel Panik<\/li><li>Mans\u00e3o dos Ciervos<\/li><li>Villa Josefa<\/li><li>Casa Lila<\/li><li>A gest\u00e3o do crime<\/li><li>El Moli Vell<\/li><li>Antiguo Matadero Tordera<\/li><li>Castillo Mas Rissech<\/li><li>Masia de las Fantas<\/li><li>Mans\u00e3o dos 100 anos<\/li><li>Teneria Moderna Franco Espa\u00f1ola<\/li><li>O desvanecimento do artista<\/li><li>Mans\u00e3o do Conde<\/li><li>Estacionamento Abandonado<\/li><li>T\u00eaxtil La Blava<\/li><li>Clube N\u00e1utico<\/li><li>R\u00e1dio Liberdade<\/li><li>Mans\u00e3o de la Mariona<\/li><li>O \u00e1tico das soleiras<\/li><li>Aquapark Sitges<\/li><li>Cementera de la Gran Cupula<\/li><li>Esta\u00e7\u00e3o de Vallcarca<\/li><li>Discoteca Central<\/li><li>Cidade dos Milh\u00f5es<\/li><li>Fabrica de Harina Gualda<\/li><li>Chalet de la rata Muerta<\/li><li>Col\u00f3nia T\u00eaxtil<\/li><li>Aldeia perdida A<\/li><li>Casa do Piano<\/li><li>Casa Carro Blanco<\/li><li>Col\u00f3nia Minera<\/li><li>Igreja Perfeita<\/li><li>Citro\u00ebn 2cv<\/li><li>Masia Numero 20<\/li><li>Casa do 1817<\/li><li>M\u00e1quina com estanque<\/li><li>Mutua Abandonada<\/li><li>Piscinas com Futbolin<\/li><li>Masia de las Monedas<\/li><li>A f\u00e1brica dos Cartuchos<\/li><li>A Mans\u00e3o de Anabelle<\/li><li>Discoteca Pach\u00e1<\/li><li>Piscinas Canad\u00e1 Park<\/li><li>Mans\u00e3o das ratazanas mortas<\/li><li>M\u00e1scara dos Templ\u00e1rios<\/li><li>Urbaniza\u00e7\u00e3o Abandonada<\/li><li>Masia 1909<\/li><li>Hotel de los horrores<\/li><li>Hotel Prost\u00edbulo<\/li><li>Chiringuito de la Piscina<\/li><li>Polidesportivo com piscina<\/li><li>Les Bunes<\/li><li>Pequeno bloco de pisos<\/li><li>Mans\u00e3o e casa dos criados<\/li><li>Casa dos espect\u00e1culos<\/li><li>Cuarteles<\/li><li>Mans\u00e3o com Discoteca<\/li><li>Discoteca P<\/li><li>Casa do Torero<\/li><li>Corbera de l&#039;Ebre<\/li><li>Campo de golfe<\/li><li>F\u00e1brica Abandonada<\/li><li>Mans\u00e3o C\u00fapula<\/li><li>F\u00e1brica CE<\/li><li>Castillo Abuelo<\/li><li>Pueblo abandonado M<\/li><li>Discoteca LV<\/li><li>Carruajes<\/li><li>Hangar Coches Lekar<\/li><li>F\u00e1bricas Abandonadas<\/li><li>Pueblo Abandonado NT<\/li><li>Restaurante Arrasado<\/li><li>Esta\u00e7\u00e3o de ferragens<\/li><li>Fabrica de Tejidos<\/li><li>Casa de molino abandonada<\/li><li>Casa Palomas<\/li><li>F\u00e1brica da m\u00e1quina de impress\u00e3o<\/li><li>Casa Gioconda<\/li><li>Gran Hotel de la A<\/li><li>Chal\u00e9 do Acantilado<\/li><li>Hotel Abandonado<\/li><li>A casa Fantasma<\/li><li>Restaurante El Gran Ca\u00f1on<\/li><li>Restaurante de banquetes<\/li><li>Discoteca Tutan<\/li><li>Torre del Fang<\/li><li>Masia pode votar<\/li><li>Fonte Pirine<\/li><li>Harinera F.O.R.<\/li><li>Masia del Vendedor<\/li><li>Col\u00f3nia La Farinera<\/li><li>Casa La Vall<\/li><li>Masia Castellnou de la Plana<\/li><li>Mans\u00e3o do suicida \/ El Tint<\/li><li>Poblado SR<\/li><li>Masia Decay<\/li><li>Masia Perdendo Zorrillo<\/li><li>Masia Camas Voladorad<\/li><li>Ermita<\/li><li>Mini Falangista<\/li><li>Disco MF<\/li><li>Teatro Bel<\/li><li>F\u00e1brica + Balne\u00e1rio<\/li><li>Casa e Capela Branca<\/li><li>F\u00e1brica de ladrilhos<\/li><li>Fabrica Ortopedia<\/li><li>F\u00e1brica de Embutidos<\/li><li>Fabrica Quimicos<\/li><li>EL Pueblo Conejo<\/li><li>Geriatrico del Olvido<\/li><li>F\u00e1brica Intorfrisa<\/li><li>F\u00e1brica Siniestra<\/li><li>F\u00e1brica T\u00eaxtil<\/li><li>Hotel playa<\/li><li>F\u00e1brica T\u00eaxtil Abandonada<\/li><li>Restaurante \/ Casa abandonada<\/li><li>Discoteca Petada<\/li><li>Mas Lost Village<\/li><li>Col\u00f3nia Soldevilla<\/li><li>Cabaret las Aguilas<\/li><li>F\u00e1brica da pra\u00e7a<\/li><li>Escola do Senhor Ant\u00f3nio<\/li><li>A f\u00e1brica da Grua<\/li><li>Discoteca Arcus<\/li><li>Discoteca H<\/li><li>Villa del 1949<\/li><li>Fabrica Textil Doble<\/li><li>Fabrica del Coche<\/li><li>Fabrica piso Unico<\/li><li>Hospital del Carmen<\/li><li>Fabrica quimica el Peligro<\/li><li>Hostal Solitario<\/li><li>F\u00e1brica das Variedades<\/li><li>Fabrica ladrillos Premium<\/li><li>Hotel Cabaret<\/li><li>Polvor\u00edn<\/li><li>F\u00e1brica Metalera<\/li><li>Piso com fitness<\/li><li>Pequena casa de montanha<\/li><li>Masia del noble<\/li><li>Casa da serpente<\/li><li>Granja hist\u00f3rica<\/li><li>3 Cazas - MIG<\/li><li>A casa do vento<\/li><li>Autocares Abandonados \/ Taller<\/li><li>Masia de las Verduras<\/li><li>M\u00e1sia Murcielagos<\/li><li>Piscina abandonada e canchas de t\u00e9nis<\/li><li>Hermita Tumbas Abandonadas<\/li><li>Mans\u00e3o Urbex<\/li><li>Masias Gurb<\/li><li>Col\u00f3nia T\u00eaxtil + Casas<\/li><li>Masias Oris<\/li><li>Masia Voltrega<\/li><li>Viviendas Colonia<\/li><li>Casa Hermita<\/li><li>Masia Salort<\/li><li>Masia de las Ollas<\/li><li>Quinta La Porxada<\/li><li>Termica Central<\/li><li>Antigue Casa Bodega<\/li><li>Masia Barriles<\/li><li>Casas dos comiss\u00e1rios<\/li><li>Aulas de Motocicletas Cl\u00e1ssicas<\/li><li>Casa de las cristaleras<\/li><li>Casa dos gatos<\/li><li>Biof\u00e1brica<\/li><li>Castillo moderno<\/li><li>Can Rosis<\/li><li>Can Sol<\/li><li>A m\u00e1quina do punho<\/li><li>F\u00e1brica de pl\u00e1sticos do incidente<\/li><li>Hotel del Fallecido<\/li><li>Viviendas Oscuras<\/li><li>Carruagem abandonada<\/li><li>Orfanato Intacto<\/li><li>Metro Tuneladora<\/li><li>Cementerio Real Abanadonado<\/li><li>Centro Tuberculosos<\/li><li>Hibernadero Abandonado<\/li><li>Col\u00f3nia T\u00eaxtil H<\/li><li>Campo Golf Abandonado<\/li><li>Casa dos senhores montgros<\/li><li>Casa dos pais<\/li><li>Piscina P<\/li><li>Casas de antigos trabalhadores<\/li><li>A Villa Fant\u00e1stica<\/li><li>Monasterio H<\/li><li>Parque tem\u00e1tico perdido T<\/li><li>Hospital Abandonado<\/li><li>Matadouro de C\u00f3rdova \/ Matadero de C\u00f3rdoba<\/li><li>Convento LS<\/li><li>Os comboios de montanha<\/li><li>Cidade Fantasma Pag\u00e3<\/li><li>Convento Bajan<\/li><li>A granja milagrosa<\/li><li>Fazenda IBA<\/li><li>Gl\u00f3ria desvanecida<\/li><li>Torre do castelo pequeno<\/li><li>A ind\u00fastria perdida<\/li><li>Mega Mans\u00e3o Inacabada<\/li><li>Aldeia de oliveiras abandonada \/ Pueblo de olivos abandonado<\/li><li>Cementera Abandonada \/ F\u00e1brica Tim Burton<\/li><li>Tren Carcas \/ Comboio Carcas<\/li><li>Sal\u00e3o do Abismo<\/li><li>Talleres de minas \/ Workshops de minas<\/li><li>La mina del diretor \/ A mina do realizador<\/li><li>Igreja do Cortijo<\/li><li>Mina de oro \/ Mina de ouro<\/li><li>Disco Aqua<\/li><li>Hotel Triton<\/li><li>Aer\u00f3dromo de monta\u00f1a \/ Aer\u00f3dromo de montanha<\/li><li>Esco Lost Village<\/li><li>Central el\u00e9ctrica A<\/li><li>F\u00e1brica Arag\u00e3o<\/li><li>Zuper Hotel<\/li><li>Hotel Ode<\/li><li>Maison Pino<\/li><li>Fabrica Juan<\/li><li>Maison Renco<\/li><li>Castillo de F<\/li><li>Aldeia perdida de S\u00e3o Marcos<\/li><li>Los Planos Lost Village<\/li><li>Aldeia perdida de S\u00e3o Miguel<\/li><li>Aldeia perdida L<\/li><li>Aldeia perdida de Yesa<\/li><li>F\u00e1brica de Ouro e Prata<\/li><li>Balne\u00e1rio Jiloca<\/li><li>F\u00e1brica de Jabones<\/li><li>Bano Del Rey<\/li><li>Casa Dueno Fabrica Oro y Plata<\/li><li>Cajas de Vichy<\/li><li>Mans\u00e3o de la Carretera<\/li><li>Polidesportivo<\/li><li>Casa cubierta de maleza<\/li><li>La asombrosa ruina \/ A ru\u00edna espantosa<\/li><li>La Casa del Pilar \/ A Casa do Pilar<\/li><li>F\u00e1brica de Porcelana<\/li><li>Complejo Residencial<\/li><li>Ba\u00f1o Japonesa \/ Casa de banho japonesa Maison Heaven<\/li><li>Antiguo UCA Ast\u00farias<\/li><li>A antiga piscicultura<\/li><li>Sanatorio rojo y amarillo \/ Sanat\u00f3rio vermelho e amarelo<\/li><li>Casa Templ\u00e1ria<\/li><li>A aldeia dos gnomos<\/li><li>A aldeia dos gnomos 2<\/li><li>Escurid\u00e3o profunda<\/li><li>Forte Calvi\u00e0<\/li><li>Hotel Vallgornera<\/li><li>Nova Valldemossa<\/li><li>Pal\u00e1cio Alcudia<\/li><li>Fabrika Zagal<\/li><li>Espa\u00e7o da miss\u00e3o<\/li><li>Forte Disco<\/li><li>Apartamentos inacabados<\/li><li>Restaurante TX \/ Restaurante Cesar<\/li><li>Torre de Otxate<\/li><li>El Caballo Perdido<\/li><li>Granja Quemada<\/li><li>Central nuclear L<\/li><li>Col\u00e9gio intacto<\/li><li>Manoir S<\/li><li>Maison Persienne<\/li><li>Castelo Pequeno<\/li><li>Casa pais vasco<\/li><li>Torre del Pajarito \/ Torre dos P\u00e1ssaros Maison<\/li><li>Bodega del eco<\/li><li>Antena parab\u00f3lica antiga<\/li><li>La Iglesia del Sanatorio de Abades<\/li><li>Hotel Anjaza \/ Hotel Y<\/li><li>Hotel Fajana \/ Hotel Neptune<\/li><li>Hacienda<\/li><li>Iglesia Levator<\/li><li>Hotel Azu<\/li><li>Barco BT<\/li><li>Barragem perdida<\/li><li>Aldeia perdida LF<\/li><li>Barragem Perdida 2<\/li><li>Hotel Skeleton<\/li><li>Pianos Manoir Santos<\/li><li>Cidade de Villacreces<\/li><li>Igreja de La Fuente<\/li><li>F\u00e1brica de A\u00e7\u00facar<\/li><li>F\u00e1brica Harinas<\/li><li>Piramide Italiana<\/li><li>Sanat\u00f3rio de V<\/li><li>Col\u00f3nia infantil General Varela<\/li><li>Laborat\u00f3rio fotogr\u00e1fico<\/li><li>F\u00e1brica S<\/li><li>Casa dos criados<\/li><li>F\u00e1brica de Papel<\/li><li>Maison La Botica<\/li><li>Escola Regina Pacis<\/li><li>Celda 211<\/li><li>A Mans\u00e3o dos Pintores<\/li><li>Molino fantasma<\/li><li>Esta\u00e7\u00e3o de servi\u00e7o fantasma<\/li><li>Clube Jen<\/li><li>F\u00e1brica derrumbada \/ Collapsed Factory<\/li><li>A esta\u00e7\u00e3o fant\u00e1stica<\/li><li>la siguiente parada<\/li><li>Granja solitaria \/ Quinta solit\u00e1ria<\/li><li>La gasolinera de la vieja escuela \/ A bomba de gasolina da velha escola<\/li><li>A mina de carv\u00e3o e de ferro \/ La mina de carb\u00f3n y hierro<\/li><li>As casernas na floresta \/ Los cuarteles en el bosque<\/li><li>Cidade fantasma C<\/li><li>F\u00e1brica de arbustos \/ Bush Factory<\/li><li>La mina de la muerte \/ A mina da morte<\/li><li>La mina de la muerte \/ A mina da morte 2<\/li><li>La mina de la muerte \/ A mina da morte 3<\/li><li>Cidade fantasma Villar<\/li><li>A grande m\u00e1quina de minera\u00e7\u00e3o \/ La gran m\u00e1quina minera<\/li><li>A casa da mina abandonada<\/li><li>Hotel at the Water \/ Hotel en el agua<\/li><li>A aldeia m\u00e1gica da fronteira \/ El Pueblo M\u00e1gico de la Frontera<\/li><li>Casa Estaban<\/li><li>The Mining Age of Tungston 1<\/li><li>The Mining Age of Tungston 2<\/li><li>F\u00e1brica KK<\/li><li>O Clube K<\/li><li>Carregamento de carv\u00e3o<\/li><li>Antiga f\u00e1brica de minerais<\/li><li>Mina de esmeralda<\/li><li>Hotel Milenial<\/li><li>Casa El Campillo<\/li><li>Desvio mortal<\/li><li>Convento de la Florida<\/li><li>Casa Di Aduala<\/li><li>F\u00e1brica da natureza<\/li><li>Esta\u00e7\u00e3o sem viatura<\/li><li>Lost Forever\/ Perdido para sempre<\/li><li>Sanat\u00f3rio de Oza<\/li><li>Casas B<\/li><li>A boite das mil Vidrieras \/ Macrodiscoteca da Vidriera<\/li><li>Cidade do Circo<\/li><li>Castello Grido<\/li><li>A F\u00e1brica na praia 1<\/li><li>A F\u00e1brica na praia 2<\/li><li>Planta de cer\u00e2mica Ramon \/ Planta de Cer\u00e1mica Ramon<\/li><li>Maison Moldy Piano \/ Maison Gestapo<\/li><li>Casa de carros antigos \/ Casa de coches antiguos<\/li><li>The Watermill Factory \/ La f\u00e1brica de molinos de agua<\/li><li>A antiga est\u00e2ncia \/ El viejo complejo<\/li><li>Cidade fantasma SV \/ Ciudad fantasma SV<\/li><li>Shutter House \/ Casa de persianas<\/li><li>Casa de la arboleda<\/li><li>Casa Boen<\/li><li>Casa Veranda<\/li><li>Casa Bell<\/li><li>A grande pris\u00e3o<\/li><li>F\u00e1brica de ata\u00fades<\/li><li>Arte da cer\u00e2mica<\/li><li>Baterias \u00e0 beira-mar \/ Bater\u00edas frente al mar<\/li><li>SS Graffity Base \/ Base de graffiti SS<\/li><li>Bakery Company \/ Compa\u00f1\u00eda de panader\u00eda<\/li><li>A casa das plantas \/ La casa de las plantas<\/li><li>Mans\u00e3o Aldea \/ Mansi\u00f3n Aldea<\/li><li>Maison Blink \/ Casa Blink<\/li><li>F\u00e1brica de piscinas \/ F\u00e1brica de piscinas<\/li><li>A casa da vegeta\u00e7\u00e3o \/ La casa de la vegetaci\u00f3n<\/li><li>A casa pequena \/ La casita<\/li><li>Quinta da M\u00f3nica \/ Granja M\u00f3nica<\/li><li>Barandilla de la casa \/ Guarda-corpo da casa<\/li><li>La Rioja Aldeia Perdida<\/li><li>Discoteca anos 70-80 \/ Isla Club<\/li><li>Bodegas Breton<\/li><li>Restaurante de bodas<\/li><li>Clube de Alterne<\/li><li>Capela do 1879<\/li><li>Semin\u00e1rio dos Padres Escol\u00e1pios<\/li><li>O povo do vinho<\/li><li>Chal\u00e9 moderno<\/li><li>Sanat\u00f3rio da Marina<\/li><li>Pal\u00e1cio Pio<\/li><li>Convento dos graffitis<\/li><li>Estacionar as crian\u00e7as<\/li><li>El Alamin<\/li><li>Quartel militar abandonado<\/li><li>Parque Aragon<\/li><li>Pavilh\u00f5es dos cavaleiros<\/li><li>Hospital Oncol\u00f3gico<\/li><li>Casa de las sillas<\/li><li>Casa do soldado<\/li><li>Grande Teatro Abandonado<\/li><li>Mans\u00e3o \u00e1rabe<\/li><li>Hospital S<\/li><li>Resid\u00eancia de Anci\u00e3os<\/li><li>Casa de jogos de mesa<\/li><li>Casa 13<\/li><li>A vivenda fant\u00e1stica \/ La villa asombrosa<\/li><li>Piscina M<\/li><li>Mina de Maza<\/li><li>Canh\u00f5es de guerra<\/li><li>Igreja dos Trabalhadores<\/li><li>Casa de lavagem de minerais da m\u00e1fia<\/li><li>Mina Gold Rush<\/li><li>Restos de mina dist\u00f3picos<\/li><li>O Hotel Consul<\/li><li>O mercado negro<\/li><li>A ru\u00edna do velho padre<\/li><li>Castelo de Aso<\/li><li>Cidade fantasma Todos<\/li><li>Explora\u00e7\u00e3o oliv\u00edcola em colapso<\/li><li>Ru\u00ednas F\u00e1brica de Armas<\/li><li>Forte de Guerra<\/li><li>Esta\u00e7\u00e3o de comboios perdida C<\/li><li>Aserradero<\/li><li>Hotel H<\/li><li>Fabrica bid\u00f5es<\/li><li>Loja de moedas<\/li><li>Psiquiatrico de Cheste<\/li><li>Mas Blau<\/li><li>Preven\u00e7\u00e3o das \u00c1guas de Busot<\/li><li>F\u00e1brica de Bonecas de Porcelana<\/li><li>Col\u00f3nia de S E<\/li><li>Palacete Modernista<\/li><li>Balne\u00e1rio<\/li><li>Central Termica<\/li><li>Antiga F\u00e1brica de Conservas<\/li><li>Vila Pepito<\/li><li>Polvorin Turia<\/li><li>Antigua Cementera<\/li><li>Discoteca 80's<\/li><li>F\u00e1brica de Papel<\/li><li>Mans\u00e3o 1878<\/li><li>Palacio Arabe \/ Pal\u00e1cio \u00c1rabe<\/li><li>Hotel de Hormig\u00f3n<\/li><li>Maison Doctor<\/li><li>Hospital de Leprosos abandonado<\/li><\/ul><\/p>","protected":false},"excerpt":{"rendered":"<p>Este mapa urbex fornece-lhe todos os locais de explora\u00e7\u00e3o urbana (urbex) em<strong> Espanha, Todas as regi\u00f5es. <\/strong>Este mapa de lugares perdidos permanecer\u00e1 atualizado e acess\u00edvel durante, pelo menos, 365 dias ap\u00f3s a compra. <\/p>\n<p>This map has currently 455 of the most unique urban exploring locations in Spain: Catalonia and is accessible from anywhere with our easy to use map<strong>. <\/p>\n<p><\/strong><strong>Se j\u00e1 tem este pacote, pode aceder-lhe atrav\u00e9s de <a href=\"\/pt\/a-minha-conta\/area-de-membros\/43905\/o-meu-conteudo-de-membro\/\">Os meus mapas &gt; Ver.<\/a><\/strong> <a href=\"#tab-description\">Lista de todas as localiza\u00e7\u00f5es Urbex neste mapa.<\/a><\/p>","protected":false},"featured_media":60548,"template":"","meta":[],"product_brand":[],"product_cat":[322,1139,282],"product_tag":[],"class_list":{"0":"post-60330","1":"product","2":"type-product","3":"status-publish","4":"has-post-thumbnail","6":"product_cat-location-packs","7":"product_cat-maps-spain","8":"product_cat-spain","10":"first","11":"instock","12":"taxable","13":"shipping-taxable","14":"purchasable","15":"product-type-variable"},"jetpack_sharing_enabled":true,"_links":{"self":[{"href":"https:\/\/urbex.direct\/pt\/wp-json\/wp\/v2\/product\/60330","targetHints":{"allow":["GET"]}}],"collection":[{"href":"https:\/\/urbex.direct\/pt\/wp-json\/wp\/v2\/product"}],"about":[{"href":"https:\/\/urbex.direct\/pt\/wp-json\/wp\/v2\/types\/product"}],"wp:featuredmedia":[{"embeddable":true,"href":"https:\/\/urbex.direct\/pt\/wp-json\/wp\/v2\/media\/60548"}],"wp:attachment":[{"href":"https:\/\/urbex.direct\/pt\/wp-json\/wp\/v2\/media?parent=60330"}],"wp:term":[{"taxonomy":"product_brand","embeddable":true,"href":"https:\/\/urbex.direct\/pt\/wp-json\/wp\/v2\/product_brand?post=60330"},{"taxonomy":"product_cat","embeddable":true,"href":"https:\/\/urbex.direct\/pt\/wp-json\/wp\/v2\/product_cat?post=60330"},{"taxonomy":"product_tag","embeddable":true,"href":"https:\/\/urbex.direct\/pt\/wp-json\/wp\/v2\/product_tag?post=60330"}],"curies":[{"name":"wp","href":"https:\/\/api.w.org\/{rel}","templated":true}]}}