{"id":59972,"date":"2024-12-06T15:19:11","date_gmt":"2024-12-06T15:19:11","guid":{"rendered":"https:\/\/urbex.direct\/product\/fattoria-in-pista-farm-on-the-railway\/"},"modified":"2024-12-05T15:38:09","modified_gmt":"2024-12-05T15:38:09","slug":"fattoria-in-pista-farm-on-the-railway","status":"publish","type":"product","link":"https:\/\/urbex.direct\/pt\/product\/fattoria-in-pista-farm-on-the-railway\/","title":{"rendered":"Fattoria in pista \/ Explora\u00e7\u00e3o agr\u00edcola no caminho de ferro"},"content":{"rendered":"<p>Coordenadas Urbex<\/p>","protected":false},"excerpt":{"rendered":"<p>Coordenadas Urbex<\/p>","protected":false},"featured_media":59971,"template":"","meta":[],"product_brand":[],"product_cat":[244,243],"product_tag":[],"class_list":{"0":"post-59972","1":"product","2":"type-product","3":"status-publish","4":"has-post-thumbnail","6":"product_cat-emilia-romagna-2","7":"product_cat-italy","9":"first","10":"instock","11":"downloadable","12":"taxable","13":"shipping-taxable","14":"purchasable","15":"product-type-simple"},"jetpack_sharing_enabled":true,"_links":{"self":[{"href":"https:\/\/urbex.direct\/pt\/wp-json\/wp\/v2\/product\/59972","targetHints":{"allow":["GET"]}}],"collection":[{"href":"https:\/\/urbex.direct\/pt\/wp-json\/wp\/v2\/product"}],"about":[{"href":"https:\/\/urbex.direct\/pt\/wp-json\/wp\/v2\/types\/product"}],"wp:featuredmedia":[{"embeddable":true,"href":"https:\/\/urbex.direct\/pt\/wp-json\/wp\/v2\/media\/59971"}],"wp:attachment":[{"href":"https:\/\/urbex.direct\/pt\/wp-json\/wp\/v2\/media?parent=59972"}],"wp:term":[{"taxonomy":"product_brand","embeddable":true,"href":"https:\/\/urbex.direct\/pt\/wp-json\/wp\/v2\/product_brand?post=59972"},{"taxonomy":"product_cat","embeddable":true,"href":"https:\/\/urbex.direct\/pt\/wp-json\/wp\/v2\/product_cat?post=59972"},{"taxonomy":"product_tag","embeddable":true,"href":"https:\/\/urbex.direct\/pt\/wp-json\/wp\/v2\/product_tag?post=59972"}],"curies":[{"name":"wp","href":"https:\/\/api.w.org\/{rel}","templated":true}]}}