{"id":58422,"date":"2024-09-10T20:01:55","date_gmt":"2024-09-10T19:01:55","guid":{"rendered":"https:\/\/urbex.direct\/?post_type=product&#038;p=58422"},"modified":"2025-05-17T00:06:26","modified_gmt":"2025-05-16T23:06:26","slug":"urbex-map-portugal-todas-as-regioes-1-ano-de-acesso","status":"publish","type":"product","link":"https:\/\/urbex.direct\/pt\/product\/urbex-map-portugal-all-regions-1-year-access\/","title":{"rendered":"Urbex Map Portugal Todas as Regi\u00f5es (Acesso de 1 ou 2 anos)"},"content":{"rendered":"<p>Este mapa cont\u00e9m as seguintes localiza\u00e7\u00f5es: <ul><li>Fazenda Silvares<\/li><li>Villa Sacoor<\/li><li>Pal\u00e1cio dos Sonhos \/ Villa dos Sonhos<\/li><li>Castelo da DC<\/li><li>Casa Bonita<\/li><li>Mosteiro Assombrado \/ Mosteiro Assombrado<\/li><li>Mans\u00e3o cor-de-rosa<\/li><li>O Celeiro Sem Teto \/ O Celeiro Sem Teto<\/li><li>O celeiro escondido<\/li><li>Casa Ronaldo<\/li><li>Or\u00e7amento de demoli\u00e7\u00e3o perdido<\/li><li>A casa de praia esquecida \/ A casa de praia esquecida<\/li><li>Ru\u00ednas em Papel<\/li><li>Pal\u00e1cio Fonte da Pipa<\/li><li>Fazenda sem Telhado<\/li><li>Parque aqu\u00e1tico perdido 2<\/li><li>Hotel Golfinho<\/li><li>Praia Ruine<\/li><li>Campos de f\u00e9rias<\/li><li>Convento na praia<\/li><li>Convento S\u00e3o Francisco<\/li><li>Celeiro com vista<\/li><li>Fazenda 125 \/ Farm 125<\/li><li>2 Fazendas da Rep\u00fablica \/ 2 Republic Farms<\/li><li>Ru\u00edna Musical<\/li><li>As ru\u00ednas pac\u00edficas<\/li><li>A f\u00e1brica vermelha \/ The Red Factory<\/li><li>O grande pavilh\u00e3o de ca\u00e7a \/ The large hunting lodge<\/li><li>Hotel Maze Runner<\/li><li>Palacio L<\/li><li>Navios antigos<\/li><li>En\u00f3logo Portugu\u00eas<\/li><li>Asilo maio<\/li><li>Casa pequena sem telhado \/ Small House Without a roof<\/li><li>Aqualand<\/li><li>FDM do convento<\/li><li>Dr. Mena Villa<\/li><li>Casa Anha<\/li><li>Capela Celeste<\/li><li>Vivenda Guimar\u00e3es<\/li><li>Quinta do Minhoto<\/li><li>Casa Eusibio<\/li><li>Casa Tavio<\/li><li>Casa Sophia<\/li><li>A antiga institui\u00e7\u00e3o psiqui\u00e1trica \/ The old psychiatric institution<\/li><li>Casa Perdita<\/li><li>Vizinhos com excesso de vegeta\u00e7\u00e3o<\/li><li>Quinta com Capela \/ Quinta com Capela<\/li><li>O Segredo da Colina \/ The Secret of the Hill<\/li><li>As capelas rochosas<\/li><li>Hotel com vista para o mar\/ Hotel Sea View<\/li><li>Janelas tortas \/ Janelas Tortas<\/li><li>Casa Jesus<\/li><li>Ru\u00edna Dupla<\/li><li>O celeiro de vinhos<\/li><li>Casa com vista para o mar<\/li><li>F\u00e1brica S\u00e3o<\/li><li>Hotel da Foz<\/li><li>A antiga escola cat\u00f3lica<\/li><li>Mans\u00e3o Abigael<\/li><li>Quinta em lado nenhum<\/li><li>Floresta em casa<\/li><li>Motel na colina<\/li><li>Cripta<\/li><li>Semin\u00e1rio T<\/li><li>Casa Chelo<\/li><li>Arruinar Palmeira<\/li><li>Sanat\u00f3rio de Valongo<\/li><li>Vila Cora\u00e7\u00e3o de Le\u00e3o<\/li><li>Cripta com caix\u00f5es<\/li><li>Mans\u00e3o oz brasileira \/ Mans\u00e3o das Pinturas<\/li><li>Casa Azul<\/li><li>Dominico Villa<\/li><li>Maison Manuelina Da Foz<\/li><li>Parque RAF<\/li><li>Casa Nes<\/li><li>Fuedo CA<\/li><li>Antiga F\u00e1brica<\/li><li>Universidade Abandonada<\/li><li>Quinta das \u00c1guias<\/li><li>Tanques de Armazenamento<\/li><li>Escola Afonso Domingues<\/li><li>Panor\u00e2mico de Monsanto<\/li><li>Laborat\u00f3rio de Anatomia Patol\u00f3gica<\/li><li>Hospital Barro<\/li><li>Therme Sizandro<\/li><li>O galp\u00e3o de carros \/ The Car Shed<\/li><li>Casa Do violino<\/li><li>Casa Colomb<\/li><li>Casa Isac<\/li><li>Pal\u00e1cio Farro<\/li><li>Casas Blue Gates<\/li><li>Casa Jo\u00e3o<\/li><li>Cidade Fantasma AB<\/li><li>Casa Amarela<\/li><li>Casa de campo em colapso<\/li><li>F\u00e1brica e Campo Esportivo<\/li><li>As ru\u00ednas da igreja de 30 anos \/ The 30 year old church ruins<\/li><li>Asilo e Ru\u00edna<\/li><li>Casa Santa Rita<\/li><li>Sanat\u00f3rio AG<\/li><li>Ferme Carro Branco \/ Ferme Carro Branco<\/li><li>A f\u00e1brica de bolas<\/li><li>A fazenda no vazio \/ The farm in the middle of nowhere<\/li><li>A f\u00e1brica no rio \/ The Factory on the River<\/li><li>Casa Soluto<\/li><li>A bela fachada \/ The Beautiful Facade<\/li><li>Garagem de Carro Abandonada \/ Abandoned Car Garage<\/li><li>Resort inacabado \/ Unfinished Resort<\/li><li>Teatro Avenida<\/li><li>Contos de Fadas do Pal\u00e1cio \/ Palacio Conde De Sucena<\/li><li>Casa CDS<\/li><li>Usine Coima<\/li><li>Casa Azul \/ Maison Victoria<\/li><li>Mans\u00e3o do Professor<\/li><li>Casa da Silva<\/li><li>A Mans\u00e3o Cinzenta<\/li><li>A Villa de Arte Cor-de-Rosa<\/li><li>Discoteca Green Hill<\/li><li>Hotel P<\/li><li>Hotel Verde \/ Hotel Verde<\/li><li>Casa Gargarine<\/li><li>Boate Starry Night<\/li><li>O para\u00edso de slides Inacabado<\/li><li>Sanat\u00f3rio do Caramulo<\/li><li>Ru\u00edna do Pal\u00e1cio<\/li><li>Casa Lo<\/li><li>Antigo Hotel Av<\/li><li>A Casa do Piano<\/li><li>Casa Isma \/ Casa Isma<\/li><li>Despachante de comboios<\/li><li>Termas de outono<\/li><li>O Antigo Pal\u00e1cio das Termas<\/li><li>Piscina \u00e0 vista do avi\u00e3o<\/li><li>Est\u00e2ncia de f\u00e9rias Breakwater<\/li><li>Piscicultura Vista para o mar<\/li><li>Hotel MP<\/li><li>Forte da Baleia<\/li><li>Quinta da pianista<\/li><li>Vila das duas colunas<\/li><li>Moradia ALV<\/li><li>Hospital Infantil \/ Hospital das Crian\u00e7as<\/li><li>Pal\u00e1cio das Esculturas<\/li><li>Tr\u00eas vilas<\/li><li>Pal\u00e1cio Oblivion<\/li><li>Casa BA \/ Villa Pink<\/li><li>F\u00e1brica de cer\u00e2mica<\/li><li>F\u00e1brica de Coselhas<\/li><li>Mosteiro di V<\/li><li>Discoteca Lamarosa<\/li><li>A F\u00e1brica de Papel<\/li><li>Piscina de escorregas em falta<\/li><li>Pal\u00e1cio Salazar<\/li><li>Casa Nova Vida \/ Casa Nova Vida<\/li><li>O antigo armaz\u00e9m \/ The old warehouse<\/li><li>Casa do Junkie \/ Casa do Junkie<\/li><li>F\u00e1brica PO<\/li><li>Termas Aguas<\/li><li>Casa Real<\/li><li>Aquaparc \/ Escorrega seco<\/li><li>Ruinas MDH<\/li><li>A pequena cabana<\/li><li>Naufr\u00e1gio Beja<\/li><li>Cappela V<\/li><li>Convento MFD<\/li><li>Usine Villa No<\/li><li>Igreja Matt<\/li><\/ul><\/p>","protected":false},"excerpt":{"rendered":"<p>Este mapa urbex fornece-lhe todos os locais de explora\u00e7\u00e3o urbana (urbex) em <strong>Portugal, Todas as regi\u00f5es<\/strong><strong>.<\/strong> Este mapa de lugares perdidos permanecer\u00e1 atualizado e acess\u00edvel durante, pelo menos, 365 dias ap\u00f3s a compra.<\/p>\n<p>This map has currently 167 of the most unique urban exploring locations in Portugal and is accessible from anywhere with our easy to use map<strong>. <\/p>\n<p><\/strong><strong>Se j\u00e1 tem este pacote, pode aceder-lhe atrav\u00e9s de <\/strong><a href=\"\/pt\/a-minha-conta\/area-de-membros\/43905\/o-meu-conteudo-de-membro\/\"><strong>Os meus mapas &gt; Ver.<\/strong><\/a> <\/p>\n<p><a href=\"#tab-description\">Lista de todas as localiza\u00e7\u00f5es Urbex neste mapa.<\/a><\/p>","protected":false},"featured_media":58433,"template":"","meta":[],"product_brand":[],"product_cat":[322,1376,325],"product_tag":[],"class_list":{"0":"post-58422","1":"product","2":"type-product","3":"status-publish","4":"has-post-thumbnail","6":"product_cat-location-packs","7":"product_cat-maps-portugal","8":"product_cat-portugal","10":"first","11":"instock","12":"taxable","13":"shipping-taxable","14":"purchasable","15":"product-type-variable"},"jetpack_sharing_enabled":true,"_links":{"self":[{"href":"https:\/\/urbex.direct\/pt\/wp-json\/wp\/v2\/product\/58422","targetHints":{"allow":["GET"]}}],"collection":[{"href":"https:\/\/urbex.direct\/pt\/wp-json\/wp\/v2\/product"}],"about":[{"href":"https:\/\/urbex.direct\/pt\/wp-json\/wp\/v2\/types\/product"}],"wp:featuredmedia":[{"embeddable":true,"href":"https:\/\/urbex.direct\/pt\/wp-json\/wp\/v2\/media\/58433"}],"wp:attachment":[{"href":"https:\/\/urbex.direct\/pt\/wp-json\/wp\/v2\/media?parent=58422"}],"wp:term":[{"taxonomy":"product_brand","embeddable":true,"href":"https:\/\/urbex.direct\/pt\/wp-json\/wp\/v2\/product_brand?post=58422"},{"taxonomy":"product_cat","embeddable":true,"href":"https:\/\/urbex.direct\/pt\/wp-json\/wp\/v2\/product_cat?post=58422"},{"taxonomy":"product_tag","embeddable":true,"href":"https:\/\/urbex.direct\/pt\/wp-json\/wp\/v2\/product_tag?post=58422"}],"curies":[{"name":"wp","href":"https:\/\/api.w.org\/{rel}","templated":true}]}}