{"id":57995,"date":"2024-08-20T16:07:19","date_gmt":"2024-08-20T15:07:19","guid":{"rendered":"https:\/\/urbex.direct\/?post_type=product&#038;p=57995"},"modified":"2024-08-20T16:14:18","modified_gmt":"2024-08-20T15:14:18","slug":"urbex-map-france-occitanie-herault-34-1-year-access","status":"publish","type":"product","link":"https:\/\/urbex.direct\/pt\/product\/urbex-map-france-occitanie-herault-34-1-year-access\/","title":{"rendered":"Urbex Map France, Occitanie: H\u00e9rault (34) (1 ano de acesso)"},"content":{"rendered":"<p>Este mapa cont\u00e9m as seguintes localiza\u00e7\u00f5es:<br><br><ul><li>Sanat\u00f3rio Michel Peiry<\/li><li>Cave Coop\u00e9ratie<\/li><li>Castelo de Halabi<\/li><li>Pens\u00e3o Joseph Vacher<\/li><li>Maison de l'Inventeur<\/li><li>Maison Hant\u00e9e<\/li><li>Chateau BN<\/li><li>Utiliza\u00e7\u00e3o x Despolui\u00e7\u00e3o<\/li><li>Os pianos do campeonato<\/li><li>Usine Vieille Voitures<\/li><li>Centro de educa\u00e7\u00e3o<\/li><li>Maison RIP<\/li><li>Usine Hold<\/li><li>Rosa da Redid\u00eancia<\/li><li>Manoir de la tour<\/li><li>Ve\u00edculos da pol\u00edcia americana<\/li><li>As ru\u00ednas do moinho<\/li><li>Cidade fantasma 34<\/li><li>Colonie Lod<\/li><li>Outra cidade fantasma 34<\/li><li>Domaine Espa \/ O dom\u00ednio dos Fuzileiros<\/li><\/ul><\/p>","protected":false},"excerpt":{"rendered":"<p>Este mapa urbex fornece-lhe todos os locais de explora\u00e7\u00e3o urbana (urbex) em<strong> Fran\u00e7a, <\/strong><strong>Occit\u00e2nia<\/strong><strong>: H\u00e9rault (34).<\/strong> Este mapa de lugares perdidos permanecer\u00e1 atualizado e acess\u00edvel durante, pelo menos, 365 dias ap\u00f3s a compra.<\/p>\n<p>This map has currently 21 of the most unique urban exploring locations in France, Occitanie: H\u00e9rault (34) and is accessible from anywhere with our easy to use map<strong>.<\/strong> <\/p>\n<p><strong>Se j\u00e1 tem este pacote, pode aceder-lhe atrav\u00e9s de <a href=\"\/pt\/a-minha-conta\/area-de-membros\/43905\/o-meu-conteudo-de-membro\/\">Os meus mapas &gt; Ver.<\/a><\/strong> <\/p>\n<p><a href=\"#tab-description\">Lista de todas as localiza\u00e7\u00f5es Urbex neste mapa.<\/a><\/p>","protected":false},"featured_media":57999,"template":"","meta":[],"product_brand":[],"product_cat":[226,1087,236],"product_tag":[],"class_list":{"0":"post-57995","1":"product","2":"type-product","3":"status-publish","4":"has-post-thumbnail","6":"product_cat-france","7":"product_cat-herault-34","8":"product_cat-occitanie","10":"first","11":"instock","12":"taxable","13":"shipping-taxable","14":"purchasable","15":"product-type-simple"},"jetpack_sharing_enabled":true,"_links":{"self":[{"href":"https:\/\/urbex.direct\/pt\/wp-json\/wp\/v2\/product\/57995","targetHints":{"allow":["GET"]}}],"collection":[{"href":"https:\/\/urbex.direct\/pt\/wp-json\/wp\/v2\/product"}],"about":[{"href":"https:\/\/urbex.direct\/pt\/wp-json\/wp\/v2\/types\/product"}],"wp:featuredmedia":[{"embeddable":true,"href":"https:\/\/urbex.direct\/pt\/wp-json\/wp\/v2\/media\/57999"}],"wp:attachment":[{"href":"https:\/\/urbex.direct\/pt\/wp-json\/wp\/v2\/media?parent=57995"}],"wp:term":[{"taxonomy":"product_brand","embeddable":true,"href":"https:\/\/urbex.direct\/pt\/wp-json\/wp\/v2\/product_brand?post=57995"},{"taxonomy":"product_cat","embeddable":true,"href":"https:\/\/urbex.direct\/pt\/wp-json\/wp\/v2\/product_cat?post=57995"},{"taxonomy":"product_tag","embeddable":true,"href":"https:\/\/urbex.direct\/pt\/wp-json\/wp\/v2\/product_tag?post=57995"}],"curies":[{"name":"wp","href":"https:\/\/api.w.org\/{rel}","templated":true}]}}