{"id":56966,"date":"2024-06-30T18:38:56","date_gmt":"2024-06-30T17:38:56","guid":{"rendered":"https:\/\/urbex.direct\/?post_type=product&#038;p=56966"},"modified":"2025-05-22T18:03:12","modified_gmt":"2025-05-22T17:03:12","slug":"urbex-map-italy-veneto-trentino-south-tyrol-and-friuli-venezia-giulia-1-year-access","status":"publish","type":"product","link":"https:\/\/urbex.direct\/pt\/product\/urbex-map-italy-veneto-trentino-south-tyrol-and-friuli-venezia-giulia-1-year-access\/","title":{"rendered":"Urbex Map It\u00e1lia: Veneto, Trentino-Tirol do Sul e Friuli-Venezia Giulia (Acesso por 1 ou 2 anos)"},"content":{"rendered":"<p>Este mapa cont\u00e9m as seguintes localiza\u00e7\u00f5es: <ul><li>Antenato di F1<\/li><li>Ristorante dell&#039;aereo<\/li><li>Villa Miari<\/li><li>Isola del Veneto<\/li><li>Discoteca Miro<\/li><li>Villa della Contessa Impazzita<\/li><li>Lancia antigo<\/li><li>Discoteca Madruga<\/li><li>Villa Cabia<\/li><li>Cozinha nobre<\/li><li>Hotel Spa<\/li><li>Chiesa O<\/li><li>Casa Alice \/ Casa Diane<\/li><li>Centro comercial Esso<\/li><li>Moradia Alfred Ogwang<\/li><li>Teatro Evoluzione<\/li><li>Pal\u00e1cio a Sorpresa<\/li><li>Albergo Simpson<\/li><li>Acampamento Hippie<\/li><li>Asilo Granzette<\/li><li>F\u00e1brica Forti<\/li><li>Estocagem Alibaba<\/li><li>F\u00e1brica-cidade<\/li><li>Base missilistica<\/li><li>O grande albergue rico<\/li><li>Hotel Cristallo<\/li><li>Villa Astronomica<\/li><li>Casa com varanda<\/li><li>O Mosteiro do Sol<\/li><li>C\u00fapula autom\u00e1tica<\/li><li>Vida de um M\u00f3naco<\/li><li>Maison De L&#039;Impagliatore<\/li><li>Base do cabo<\/li><li>A f\u00e1brica das tran\u00e7as<\/li><li>F\u00e1brica s<\/li><li>Villa Nebbiosa<\/li><li>Antiga igreja de S\u00e3o Marziala<\/li><li>Casa Malcazine<\/li><li>Villa Reliquia<\/li><li>Cappella nella foresta \/ Cappella Bianchi<\/li><li>F\u00e1brica Branco<\/li><li>Ospedale Al Mare<\/li><li>A rainha da seta<\/li><li>O campo proibido<\/li><li>Caso Nosedo<\/li><li>Moradia Castelnuovo<\/li><li>F\u00e1brica de cantinas sociais<\/li><li>Armaz\u00e9m de p\u00f3lvora abandonado<\/li><li>Fantasmas do Castelo<\/li><li>Kinderheim<\/li><li>Mosteiro de Santa Croce<\/li><li>Estabiliza\u00e7\u00e3o de alum\u00ednio<\/li><li>Albergo Montano<\/li><li>Alojamento com cozinha<\/li><li>Bagni a tre Cime<\/li><li>O gigante dos bosques<\/li><li>A casa divina<\/li><li>A f\u00e1brica de salsichas<\/li><li>Casa Petrol<\/li><li>Hotel Maria Auxi<\/li><li>3 Case sulla roccia<\/li><li>Esta\u00e7\u00e3o de telef\u00e9rico NATO<\/li><li>Villa Gemona<\/li><li>Cacciatori delle Alpi<\/li><li>Sorelle em Miseria<\/li><li>Casa Ikonik<\/li><li>Beleza industrial<\/li><li>Igrejas com m\u00e3os de Deus<\/li><\/ul><br><\/p>","protected":false},"excerpt":{"rendered":"<p>Este mapa urbex fornece-lhe todos os locais de explora\u00e7\u00e3o urbana (urbex) em <strong>It\u00e1lia<\/strong><strong>, Veneto, Trentino-Tirol do Sul e Friuli-Venezia Giulia<\/strong><strong>.<\/strong> <\/p>\n<p>Este mapa de locais perdidos permanecer\u00e1 atualizado e acess\u00edvel durante, pelo menos, 365 dias ap\u00f3s a compra. Este mapa tem atualmente 68 dos locais de explora\u00e7\u00e3o urbana mais exclusivos em It\u00e1lia, Veneto, Trentino-Tirol do Sul e Friuli-Venezia Giulia e \u00e9 acess\u00edvel a partir de qualquer lugar com o nosso mapa f\u00e1cil de utilizar<strong>. <\/strong><strong><\/p>\n<p>Se j\u00e1 tem este pacote, pode aceder-lhe atrav\u00e9s de <\/strong><a href=\"\/pt\/a-minha-conta\/area-de-membros\/43905\/o-meu-conteudo-de-membro\/\"><strong>Os meus mapas &gt; Ver.<\/strong><\/a> <\/p>\n<p><a href=\"#tab-description\">Lista de todas as localiza\u00e7\u00f5es Urbex neste mapa.<\/a><\/p>","protected":false},"featured_media":56990,"template":"","meta":[],"product_brand":[],"product_cat":[1360,243,322,1137,251,313],"product_tag":[],"class_list":{"0":"post-56966","1":"product","2":"type-product","3":"status-publish","4":"has-post-thumbnail","6":"product_cat-friuli-venezia-giulia","7":"product_cat-italy","8":"product_cat-location-packs","9":"product_cat-maps-italy","10":"product_cat-trentino-south-tyrol","11":"product_cat-veneto-2","13":"first","14":"instock","15":"taxable","16":"shipping-taxable","17":"purchasable","18":"product-type-variable"},"jetpack_sharing_enabled":true,"_links":{"self":[{"href":"https:\/\/urbex.direct\/pt\/wp-json\/wp\/v2\/product\/56966","targetHints":{"allow":["GET"]}}],"collection":[{"href":"https:\/\/urbex.direct\/pt\/wp-json\/wp\/v2\/product"}],"about":[{"href":"https:\/\/urbex.direct\/pt\/wp-json\/wp\/v2\/types\/product"}],"wp:featuredmedia":[{"embeddable":true,"href":"https:\/\/urbex.direct\/pt\/wp-json\/wp\/v2\/media\/56990"}],"wp:attachment":[{"href":"https:\/\/urbex.direct\/pt\/wp-json\/wp\/v2\/media?parent=56966"}],"wp:term":[{"taxonomy":"product_brand","embeddable":true,"href":"https:\/\/urbex.direct\/pt\/wp-json\/wp\/v2\/product_brand?post=56966"},{"taxonomy":"product_cat","embeddable":true,"href":"https:\/\/urbex.direct\/pt\/wp-json\/wp\/v2\/product_cat?post=56966"},{"taxonomy":"product_tag","embeddable":true,"href":"https:\/\/urbex.direct\/pt\/wp-json\/wp\/v2\/product_tag?post=56966"}],"curies":[{"name":"wp","href":"https:\/\/api.w.org\/{rel}","templated":true}]}}