{"id":56964,"date":"2024-06-30T18:35:05","date_gmt":"2024-06-30T17:35:05","guid":{"rendered":"https:\/\/urbex.direct\/?post_type=product&#038;p=56964"},"modified":"2025-05-22T17:55:17","modified_gmt":"2025-05-22T16:55:17","slug":"urbex-map-italia-piemonte-liguria-e-vale-de-aosta-1-ano-de-acesso","status":"publish","type":"product","link":"https:\/\/urbex.direct\/pt\/product\/urbex-map-italy-piedmont-liguria-and-aosta-valley-1-year-access\/","title":{"rendered":"Urbex Map It\u00e1lia: Piemonte, Lig\u00faria e Vale de Aosta (Acesso por 1 ou 2 anos)"},"content":{"rendered":"<p>Este mapa cont\u00e9m as seguintes localiza\u00e7\u00f5es: <ul><li>F\u00e1brica Xi&#039;an<\/li><li>Escola de M\u00fasica Negra<\/li><li>Discoteca Divina<\/li><li>Manic\u00f3mio de Racconigi<\/li><li>Ospedale Bargnetta \/ La Bertagnetta<\/li><li>Asilo V<\/li><li>Villa Trendy<\/li><li>Vila Luciano<\/li><li>Ultimo Impero<\/li><li>Instituto Giuseppini<\/li><li>Ospedale della Croce Rossa<\/li><li>Monast\u00e9rio MG<\/li><li>Villa Sottos<\/li><li>Castello Novi<\/li><li>Villa Dante<\/li><li>Chiesa CM<\/li><li>Villa Margherita<\/li><li>Castello di Savi<\/li><li>Villa Corinna<\/li><li>Villa Melano<\/li><li>F\u00e1brica Fantasia<\/li><li>Vila Martiri<\/li><li>Orfanotrofio S<\/li><li>Aldeia perdida de Camillio<\/li><li>Castello Di V<\/li><li>Rovina Nella Foresta<\/li><li>Villa Albero delle Scimmie<\/li><li>Villa Abbettere<\/li><li>F\u00e1brica Grande e Vuoto<\/li><li>Casa Frazione<\/li><li>Vila Lm<\/li><li>Distribuidor de benzina abandonado<\/li><li>F\u00e1brica T<\/li><li>F\u00e1brica Angolo<\/li><li>Igreja da Madre de Deus<\/li><li>F\u00e1brica de cores<\/li><li>Chiesa SC<\/li><li>La Furnasetta<\/li><li>Palazzo L<\/li><li>Passo Dopo Passo<\/li><li>Pal\u00e1cio Oriental Gem<\/li><li>Castello di L<\/li><li>Ectoplasma<\/li><li>Villa Becker<\/li><li>Castello Di Re Claudio<\/li><li>Ospedale Pronto Scorsso<\/li><li>Villa Conchiglia<\/li><li>Cinema Enal<\/li><li>Santu\u00e1rio Bertha Gifford<\/li><li>Villa Donato Bilancia<\/li><li>Castello Mirafiori \/ Castello del Drosso<\/li><li>Vila Grazia<\/li><li>Escola Globe<\/li><li>Preven\u00e7\u00e3o Infantil<\/li><li>Discoteca Cesar Palace<\/li><li>Villa Artom<\/li><li>Escola Tofana<\/li><li>Igreja Bosco<\/li><li>Villa Solita<\/li><li>Villa Flavia<\/li><li>Mans\u00e3o Duchessa<\/li><li>Casa Nella Foresta<\/li><li>Segreti di Cotone \/ La Filature effiloch\u00e9e \/ La filature arlequine<\/li><li>Palazzo Sciure \/ Il Sanatorio Maledetto Di Bioglio<\/li><li>Villa Ron<\/li><li>Villa Rice<\/li><li>Casa di Bambola<\/li><li>Casa Baobicala<\/li><li>Moradia B<\/li><li>Albergo S<\/li><li>Villa del cacciatore<\/li><li>Casa Vara<\/li><li>Ferme Scina<\/li><li>Utiliza\u00e7\u00e3o Produtiva<\/li><li>Igreja de Rhogama<\/li><li>Fattoria Gazzurlo<\/li><li>O Clube Globe<\/li><li>A Mans\u00e3o 8K<\/li><li>Discoteca Aphro<\/li><li>La fattoria in montagna<\/li><li>Casa Ast<\/li><li>A Torre da Igreja de Pisa<\/li><li>Azienda agricola ASL<\/li><li>A casa do lobo do mar<\/li><li>Castelo Kippy<\/li><li>Vila fant\u00e1stica<\/li><li>Hotel Alberghetti<\/li><li>Capela da Villa Durazzo<\/li><li>Igreja Edio<\/li><li>Col\u00f3nia Ant\u00f3nia Devoto<\/li><li>Col\u00f3nia Fara<\/li><li>Manic\u00f3mio de Quarto<\/li><li>Pal\u00e1cio Bordoni<\/li><li>Villa Caelum<\/li><li>Villa Sultana<\/li><li>Villa Zan<\/li><li>Hotel Pigna<\/li><li>Eletricidade central<\/li><li>Hotel Coloniale<\/li><li>Mausol\u00e9u Crespi<\/li><li>Villa Ardesia<\/li><li>Igreja das origens<\/li><li>Ospedale Mediterraneo<\/li><li>Manic\u00f3mio de Cogoleto<\/li><li>Zona de Explora\u00e7\u00e3o Lunar<\/li><li>Villa Puma<\/li><li>Forte C<\/li><li>Forte T<\/li><li>Igreja Branca<\/li><li>Igreja Verde<\/li><li>Fabbrica Sub<\/li><li>Villa Romano<\/li><li>Battaglione Thermes<\/li><\/ul><br><\/p>","protected":false},"excerpt":{"rendered":"<p>Este mapa urbex fornece-lhe todos os locais de explora\u00e7\u00e3o urbana (urbex) em <strong>It\u00e1lia<\/strong><strong>Piemonte, Lig\u00faria e Vale de Aosta<\/strong><strong>.<\/strong> <\/p>\n<p>Este mapa de lugares perdidos permanecer\u00e1 atualizado e acess\u00edvel durante pelo menos 365 dias ap\u00f3s a compra. Este mapa tem atualmente 113 dos locais de explora\u00e7\u00e3o urbana mais exclusivos em It\u00e1lia, Piemonte, Lig\u00faria e Vale de Aosta e \u00e9 acess\u00edvel a partir de qualquer lugar com o nosso mapa f\u00e1cil de utilizar<strong>. <\/p>\n<p><\/strong><strong>Se j\u00e1 tem este pacote, pode aceder-lhe atrav\u00e9s de <\/strong><a href=\"\/pt\/a-minha-conta\/area-de-membros\/43905\/o-meu-conteudo-de-membro\/\"><strong>Os meus mapas &gt; Ver.<\/strong><\/a> <\/p>\n<p><a href=\"#tab-description\">Lista de todas as localiza\u00e7\u00f5es Urbex neste mapa.<\/a><\/p>","protected":false},"featured_media":56984,"template":"","meta":[],"product_brand":[],"product_cat":[243,245,322,1137,248,778],"product_tag":[],"class_list":{"0":"post-56964","1":"product","2":"type-product","3":"status-publish","4":"has-post-thumbnail","6":"product_cat-italy","7":"product_cat-ligurie-2","8":"product_cat-location-packs","9":"product_cat-maps-italy","10":"product_cat-piedmont","11":"product_cat-valle-daosta","13":"first","14":"instock","15":"taxable","16":"shipping-taxable","17":"purchasable","18":"product-type-variable"},"jetpack_sharing_enabled":true,"_links":{"self":[{"href":"https:\/\/urbex.direct\/pt\/wp-json\/wp\/v2\/product\/56964","targetHints":{"allow":["GET"]}}],"collection":[{"href":"https:\/\/urbex.direct\/pt\/wp-json\/wp\/v2\/product"}],"about":[{"href":"https:\/\/urbex.direct\/pt\/wp-json\/wp\/v2\/types\/product"}],"wp:featuredmedia":[{"embeddable":true,"href":"https:\/\/urbex.direct\/pt\/wp-json\/wp\/v2\/media\/56984"}],"wp:attachment":[{"href":"https:\/\/urbex.direct\/pt\/wp-json\/wp\/v2\/media?parent=56964"}],"wp:term":[{"taxonomy":"product_brand","embeddable":true,"href":"https:\/\/urbex.direct\/pt\/wp-json\/wp\/v2\/product_brand?post=56964"},{"taxonomy":"product_cat","embeddable":true,"href":"https:\/\/urbex.direct\/pt\/wp-json\/wp\/v2\/product_cat?post=56964"},{"taxonomy":"product_tag","embeddable":true,"href":"https:\/\/urbex.direct\/pt\/wp-json\/wp\/v2\/product_tag?post=56964"}],"curies":[{"name":"wp","href":"https:\/\/api.w.org\/{rel}","templated":true}]}}