{"id":56962,"date":"2024-06-30T18:31:02","date_gmt":"2024-06-30T17:31:02","guid":{"rendered":"https:\/\/urbex.direct\/?post_type=product&#038;p=56962"},"modified":"2025-05-22T17:46:04","modified_gmt":"2025-05-22T16:46:04","slug":"urbex-map-italia-apulia-basilicata-calabria-campania-e-sicilia-1-ano-de-acesso","status":"publish","type":"product","link":"https:\/\/urbex.direct\/pt\/product\/urbex-map-italy-apulia-basilicata-calabria-campania-and-sicily-1-year-access\/","title":{"rendered":"Urbex Map It\u00e1lia: Ap\u00falia, Basilicata, Cal\u00e1bria, Camp\u00e2nia e Sic\u00edlia (Acesso por 1 ou 2 anos)"},"content":{"rendered":"<p>Este mapa cont\u00e9m as seguintes localiza\u00e7\u00f5es: <ul><li>Escola de Biologia<\/li><li>Fabbrica Olio d&#039; Oliva<\/li><li>Villa Agora<\/li><li>Fabbrica la Biancheria Sporca<\/li><li>F\u00e1brica CPT<\/li><li>Villa Coni<\/li><li>Villa Uva<\/li><li>Quinta abandonada<\/li><li>Destilaria Nuova<\/li><li>Tet\u00e2nico<\/li><li>Grego Acquapark<\/li><li>Instituto Psicopedag\u00f3gico<\/li><li>Villa Ferrero<\/li><li>O sole mio<\/li><li>Aldeia rural abandonada<\/li><li>Miragica<\/li><li>Col\u00e9gio Naval<\/li><li>Villa Cerulli Bozzi Corso<\/li><li>Igreja de S\u00e3o Jorge dos Arm\u00e9nios<\/li><li>Sacar<\/li><li>Casa Di Molla<\/li><li>Hotel M<\/li><li>Hotel A<\/li><li>Hotel Dourado<\/li><li>Vila Normanna<\/li><li>Vila Iverna<\/li><li>Piscina crollata<\/li><li>Convento Episcopal<\/li><li>Impianto Chimico<\/li><li>Hotel Piana<\/li><li>Abbandono do terreno<\/li><li>Casa sem acabamentos<\/li><li>L'oliveto<\/li><li>F\u00e1brica de cimento C<\/li><li>O grande site da f\u00e1brica<\/li><li>Os apartamentos n\u00e3o s\u00e3o acabados<\/li><li>L'albergo dei rifiuti \/ O hotel dos res\u00edduos<\/li><li>Casa Avati<\/li><li>F\u00e1brica Visibilidade reduzida<\/li><li>A f\u00e1brica das armas<\/li><li>O apartamento \u00e9 \u00f3timo<\/li><li>Villa Pazza<\/li><li>F\u00e1brica nas estradas<\/li><li>Vila Tocco<\/li><li>Chiessa C<\/li><li>Guardare Attraverso<\/li><li>F\u00e1brica Tetto Ruggine<\/li><li>Villa Inaspettato<\/li><li>Casa Mo<\/li><li>Ruderi C<\/li><li>F\u00e1brica A<\/li><li>Vale dos Moinhos<\/li><li>Casa di Cal<\/li><li>Casa Viti<\/li><li>Vila Provincial<\/li><li>Hotel de la V\u00e9suve<\/li><li>Base Nato<\/li><li>Cidade Fantasma AV<\/li><li>Chiesseta Agreste<\/li><li>Igreja de Santo Ant\u00f3nio<\/li><li>Chiessa Madonna dil Ponte<\/li><li>Igreja do Largo Capuccini<\/li><li>A cidade abandonada, na cidade abandonada<\/li><li>Villas para\u00edso verde<\/li><li>Asilo de mortos-vivos Campania<\/li><li>Prison Break Campania<\/li><li>Piscina Para\u00edso Perdido<\/li><li>Convento medieval<\/li><li>Pal\u00e1cio Ducal<\/li><li>Ancienne Fabrique NSS<\/li><li>Hotel Eremo<\/li><li>Casa Di Spinola<\/li><li>Aldeia perdida Pog<\/li><li>Miniera di solfiti<\/li><li>F\u00e1brica Coso<\/li><li>Castelo Catarina<\/li><li>O Clube do Mar<\/li><li>Ospedale Clearblue<\/li><li>La fattoria dimenticata<\/li><li>Casa Kasko<\/li><li>F\u00e1brica na f\u00e1brica<\/li><li>Rovina della fattoria<\/li><li>Rovina della fattoria 2<\/li><li>A rovina na montanha<\/li><li>Ponte e t\u00fanel de Potter abandonados<\/li><li>Casa Lofaro<\/li><li>O spa em crescimento<\/li><li>Casa da autoestrada<\/li><li>Igreja do Baro<\/li><li>Cord\u00e3o das Ru\u00ednas de Caserma<\/li><li>Grande Hotel Templi<\/li><li>Castello di Somersault<\/li><\/ul><br><\/p>","protected":false},"excerpt":{"rendered":"<p>Este mapa urbex fornece-lhe todos os locais de explora\u00e7\u00e3o urbana (urbex) em <strong>It\u00e1lia<\/strong><strong>Ap\u00falia, Basilicata, Cal\u00e1bria, Camp\u00e2nia e Sic\u00edlia<\/strong><strong>.<\/strong> <\/p>\n<p>Este mapa de lugares perdidos permanecer\u00e1 atualizado e acess\u00edvel durante pelo menos 365 dias ap\u00f3s a compra. Este mapa tem atualmente 92 dos locais de explora\u00e7\u00e3o urbana mais exclusivos de It\u00e1lia, Ap\u00falia, Basilicata, Cal\u00e1bria, Camp\u00e2nia e Sic\u00edlia e \u00e9 acess\u00edvel a partir de qualquer lugar com o nosso mapa f\u00e1cil de utilizar<strong>. <\/p>\n<p><\/strong><strong>Se j\u00e1 tem este pacote, pode aceder-lhe atrav\u00e9s de <\/strong><a href=\"\/pt\/a-minha-conta\/area-de-membros\/43905\/o-meu-conteudo-de-membro\/\"><strong>Os meus mapas &gt; Ver.<\/strong><\/a> <\/p>\n<p><a href=\"#tab-description\">Lista de todas as localiza\u00e7\u00f5es Urbex neste mapa.<\/a><\/p>","protected":false},"featured_media":56980,"template":"","meta":[],"product_brand":[],"product_cat":[315,340,1356,332,243,322,1137,948],"product_tag":[],"class_list":{"0":"post-56962","1":"product","2":"type-product","3":"status-publish","4":"has-post-thumbnail","6":"product_cat-apulia","7":"product_cat-basilicata","8":"product_cat-calabria","9":"product_cat-campania","10":"product_cat-italy","11":"product_cat-location-packs","12":"product_cat-maps-italy","13":"product_cat-sicilie","15":"first","16":"instock","17":"taxable","18":"shipping-taxable","19":"purchasable","20":"product-type-variable"},"jetpack_sharing_enabled":true,"_links":{"self":[{"href":"https:\/\/urbex.direct\/pt\/wp-json\/wp\/v2\/product\/56962","targetHints":{"allow":["GET"]}}],"collection":[{"href":"https:\/\/urbex.direct\/pt\/wp-json\/wp\/v2\/product"}],"about":[{"href":"https:\/\/urbex.direct\/pt\/wp-json\/wp\/v2\/types\/product"}],"wp:featuredmedia":[{"embeddable":true,"href":"https:\/\/urbex.direct\/pt\/wp-json\/wp\/v2\/media\/56980"}],"wp:attachment":[{"href":"https:\/\/urbex.direct\/pt\/wp-json\/wp\/v2\/media?parent=56962"}],"wp:term":[{"taxonomy":"product_brand","embeddable":true,"href":"https:\/\/urbex.direct\/pt\/wp-json\/wp\/v2\/product_brand?post=56962"},{"taxonomy":"product_cat","embeddable":true,"href":"https:\/\/urbex.direct\/pt\/wp-json\/wp\/v2\/product_cat?post=56962"},{"taxonomy":"product_tag","embeddable":true,"href":"https:\/\/urbex.direct\/pt\/wp-json\/wp\/v2\/product_tag?post=56962"}],"curies":[{"name":"wp","href":"https:\/\/api.w.org\/{rel}","templated":true}]}}