{"id":56959,"date":"2024-06-30T18:26:55","date_gmt":"2024-06-30T17:26:55","guid":{"rendered":"https:\/\/urbex.direct\/?post_type=product&#038;p=56959"},"modified":"2025-05-22T17:26:11","modified_gmt":"2025-05-22T16:26:11","slug":"urbex-map-italia-abruzzo-lazio-marche-umbria-e-molise-1-ano-de-acesso","status":"publish","type":"product","link":"https:\/\/urbex.direct\/pt\/product\/urbex-map-italy-abruzzo-lazio-marche-umbria-and-molise-1-year-access\/","title":{"rendered":"Urbex Map It\u00e1lia: Abruzzo, Lazio, Marche, Umbria e Molise (Acesso por 1 ou 2 anos)"},"content":{"rendered":"<p>Este mapa cont\u00e9m as seguintes localiza\u00e7\u00f5es: <ul><li>Casa Mysteria<\/li><li>Convento SM<\/li><li>Hospital CS \/ Ospedale CS<\/li><li>Centro Termale<\/li><li>Villa Ranalli<\/li><li>Vilaaggio Perduto Fara<\/li><li>Noite do vilarejo abandonado<\/li><li>Villa Atelier Della Scultrice<\/li><li>Pal\u00e1cio do Cardeal<\/li><li>Ex Istituto Geso Devino Operaio<\/li><li>Convento B<\/li><li>Mosteiro de Fara<\/li><li>Villa Ponam<\/li><li>Pista D&#039;oro<\/li><li>Orfanotrofio Marcigliana<\/li><li>Villa Mario<\/li><li>Manic\u00f3mio psiqui\u00e1trico<\/li><li>Elixir da aldeia perdida<\/li><li>Pequeno Zoo \/ Piccolo Zoo<\/li><li>Escola de gigantes<\/li><li>Villa Status Quo<\/li><li>Ippodromo di Lafuente<\/li><li>Casa Sperimentale<\/li><li>Cinema com est\u00e1tuas<\/li><li>Fabricca SIA<\/li><li>Hotel Bonifacev<\/li><li>Cimenterie Cerrano<\/li><li>Refinaria de zucchero<\/li><li>F\u00e1brica de abbigliamento<\/li><li>Casa Scarpa<\/li><li>Castello dei Ciclopi<\/li><li>Capannone invaso dalla vegetazione<\/li><li>Serre Aurelia 1<\/li><li>Serre Aurelia 2<\/li><li>Col\u00f3nia Pyrgi<\/li><li>Octogono<\/li><li>Mercados centrais com gru<\/li><li>Moulin \u00c0 Huile<\/li><li>Grande Hotel Primus<\/li><li>Eletricidade da Central Hidroel\u00e9trica<\/li><li>F\u00e1brica de medicamentos<\/li><li>Usine Cecconi<\/li><li>Villa su Strada<\/li><li>Piscina branca<\/li><li>Saponificio<\/li><li>Campo Interno<\/li><li>Col\u00f3nia Firenza<\/li><li>F\u00e1brica di Teschi<\/li><li>Hotel Nico<\/li><li>Castelo na floresta<\/li><li>F\u00e1brica Mistral<\/li><li>Ferme Aux Pigeons<\/li><li>Fabricca di Mira<\/li><li>Ex Cartiera AP<\/li><li>Aloggi dei lavoratori<\/li><li>O mosteiro abandonado \u00e0 \u00e1gua<\/li><li>F\u00e1brica Vita<\/li><li>Cartiera e centro de congressos<\/li><li>Villa La Quiete<\/li><li>Villa Pasa<\/li><li>Vila Vina<\/li><li>Villa Botticelli<\/li><li>Igreja do Parocco<\/li><li>Convento Corridonia<\/li><li>Aquaparc Adri\u00e1tico<\/li><li>Villa Vespa<\/li><li>Villa Dei Volatili<\/li><li>Villa Milanov<\/li><li>Villa Dei Poeti<\/li><li>Igreja dos Anjos<\/li><li>Disco Sophistica<\/li><li>Aliena\u00e7\u00e3o de cal\u00e7ado<\/li><li>Chiesa Verde \/ Chiesa del cane pazzo<\/li><li>A igreja em casa<\/li><li>A igreja rimane<\/li><li>Mosteiro na neve<\/li><li>Disco Frank<\/li><li>Convento di F<\/li><li>Ospedale Gallo<\/li><li>Ristorante Della Nave<\/li><li>L&#039;hotel con 2 torri<\/li><li>Central el\u00e9ctrica V<\/li><li>Central el\u00e9ctrica ENEL<\/li><li>Igreja de A<\/li><li>Villa Palma<\/li><li>La Casa Della Nonna<\/li><li>Villa Compresso<\/li><li>Esta\u00e7\u00e3o Magazzini<\/li><li>A pequena escola de avia\u00e7\u00e3o<\/li><li>Hotel Torre<\/li><li>Convento Verde<\/li><li>Abadia de \u00c2ngelo<\/li><li>F\u00e1brica de polvoras<\/li><li>Igreja rosa verde<\/li><li>Fortezza Ginevra<\/li><li>Aldeia das duas igrejas<\/li><li>Matadouro de pombos<\/li><li>O Burgage perdido<\/li><\/ul><br><\/p>\n\n\n\n<p><\/p>","protected":false},"excerpt":{"rendered":"<p>Este mapa urbex fornece-lhe todos os locais de explora\u00e7\u00e3o urbana (urbex) em <strong>It\u00e1lia<\/strong><strong>, Abruzzo, Lazio, Marche, Umbria e Molise<\/strong><strong>.<\/strong> <\/p>\n<p>Este mapa de lugares perdidos permanecer\u00e1 atualizado e acess\u00edvel durante pelo menos 365 dias ap\u00f3s a compra. Este mapa tem atualmente 98 dos locais de explora\u00e7\u00e3o urbana mais exclusivos em It\u00e1lia, Abruzzo, Lazio, Marche, Umbria e Molise e \u00e9 acess\u00edvel a partir de qualquer lugar com o nosso mapa f\u00e1cil de utilizar<strong>. <\/p>\n<p><\/strong><strong>Se j\u00e1 tem este pacote, pode aceder-lhe atrav\u00e9s de <\/strong><a href=\"\/pt\/a-minha-conta\/area-de-membros\/43905\/o-meu-conteudo-de-membro\/\"><strong>Os meus mapas &gt; Ver.<\/strong><\/a> <\/p>\n<p><a href=\"#tab-description\">Lista de todas as localiza\u00e7\u00f5es Urbex neste mapa.<\/a><\/p>","protected":false},"featured_media":56976,"template":"","meta":[],"product_brand":[],"product_cat":[339,951,949,243,322,1137,247,1362],"product_tag":[],"class_list":{"0":"post-56959","1":"product","2":"type-product","3":"status-publish","4":"has-post-thumbnail","6":"product_cat-abruzzen","7":"product_cat-lazio","8":"product_cat-umbrie","9":"product_cat-italy","10":"product_cat-location-packs","11":"product_cat-maps-italy","12":"product_cat-marche-2","13":"product_cat-molise","15":"first","16":"instock","17":"taxable","18":"shipping-taxable","19":"purchasable","20":"product-type-variable"},"jetpack_sharing_enabled":true,"_links":{"self":[{"href":"https:\/\/urbex.direct\/pt\/wp-json\/wp\/v2\/product\/56959","targetHints":{"allow":["GET"]}}],"collection":[{"href":"https:\/\/urbex.direct\/pt\/wp-json\/wp\/v2\/product"}],"about":[{"href":"https:\/\/urbex.direct\/pt\/wp-json\/wp\/v2\/types\/product"}],"wp:featuredmedia":[{"embeddable":true,"href":"https:\/\/urbex.direct\/pt\/wp-json\/wp\/v2\/media\/56976"}],"wp:attachment":[{"href":"https:\/\/urbex.direct\/pt\/wp-json\/wp\/v2\/media?parent=56959"}],"wp:term":[{"taxonomy":"product_brand","embeddable":true,"href":"https:\/\/urbex.direct\/pt\/wp-json\/wp\/v2\/product_brand?post=56959"},{"taxonomy":"product_cat","embeddable":true,"href":"https:\/\/urbex.direct\/pt\/wp-json\/wp\/v2\/product_cat?post=56959"},{"taxonomy":"product_tag","embeddable":true,"href":"https:\/\/urbex.direct\/pt\/wp-json\/wp\/v2\/product_tag?post=56959"}],"curies":[{"name":"wp","href":"https:\/\/api.w.org\/{rel}","templated":true}]}}