{"id":55807,"date":"2024-05-08T09:06:18","date_gmt":"2024-05-08T08:06:18","guid":{"rendered":"https:\/\/urbex.direct\/?post_type=product&#038;p=55807"},"modified":"2024-05-08T19:48:18","modified_gmt":"2024-05-08T18:48:18","slug":"mapa-urbex-de-liege-para-principiantes","status":"publish","type":"product","link":"https:\/\/urbex.direct\/pt\/product\/beginner-urbex-map-liege\/","title":{"rendered":"Urbex Map Li\u00e8ge para principiantes"},"content":{"rendered":"","protected":false},"excerpt":{"rendered":"<p>Comece a sua aventura urbex em Li\u00e8ge com o nosso exclusivo Urbex Map Li\u00e8ge para principiantes! Este mapa de f\u00e1cil utiliza\u00e7\u00e3o guia-o por 12 locais excitantes, ideais para os rec\u00e9m-chegados ao mundo urbex. Com locais a apenas 10 minutos de carro uns dos outros, pode explorar de um local misterioso para outro sem esfor\u00e7o. Obtenha acesso imediato e vital\u00edcio aos melhores locais de explora\u00e7\u00e3o urbana para principiantes em Li\u00e8ge.<\/p>\n<p>Urbexers sobre os locais:<br \/>\n\"Local perfeito para principiantes passearem. Corredores longos, muita decad\u00eancia e alguns pormenores bonitos. H\u00e1 quem diga que existem entidades...\" - AnonUrbexer<\/p>\n<p>\"Bastante grande e pode ver-se que a natureza devolve tudo aqui. Depois de algum tempo, nada ficar\u00e1 de p\u00e9 aqui, as ra\u00edzes das \u00e1rvores acabar\u00e3o por empurrar tudo\". - Geert<\/p>","protected":false},"featured_media":55809,"template":"","meta":[],"product_brand":[],"product_cat":[197,201,322,1134],"product_tag":[],"class_list":{"0":"post-55807","1":"product","2":"type-product","3":"status-publish","4":"has-post-thumbnail","6":"product_cat-belgium","7":"product_cat-liege","8":"product_cat-location-packs","9":"product_cat-maps-belgium","11":"first","12":"instock","13":"virtual","14":"taxable","15":"purchasable","16":"product-type-simple"},"jetpack_sharing_enabled":true,"_links":{"self":[{"href":"https:\/\/urbex.direct\/pt\/wp-json\/wp\/v2\/product\/55807","targetHints":{"allow":["GET"]}}],"collection":[{"href":"https:\/\/urbex.direct\/pt\/wp-json\/wp\/v2\/product"}],"about":[{"href":"https:\/\/urbex.direct\/pt\/wp-json\/wp\/v2\/types\/product"}],"wp:featuredmedia":[{"embeddable":true,"href":"https:\/\/urbex.direct\/pt\/wp-json\/wp\/v2\/media\/55809"}],"wp:attachment":[{"href":"https:\/\/urbex.direct\/pt\/wp-json\/wp\/v2\/media?parent=55807"}],"wp:term":[{"taxonomy":"product_brand","embeddable":true,"href":"https:\/\/urbex.direct\/pt\/wp-json\/wp\/v2\/product_brand?post=55807"},{"taxonomy":"product_cat","embeddable":true,"href":"https:\/\/urbex.direct\/pt\/wp-json\/wp\/v2\/product_cat?post=55807"},{"taxonomy":"product_tag","embeddable":true,"href":"https:\/\/urbex.direct\/pt\/wp-json\/wp\/v2\/product_tag?post=55807"}],"curies":[{"name":"wp","href":"https:\/\/api.w.org\/{rel}","templated":true}]}}