{"id":55777,"date":"2024-05-05T18:14:28","date_gmt":"2024-05-05T17:14:28","guid":{"rendered":"https:\/\/urbex.direct\/?post_type=product&#038;p=55777"},"modified":"2025-05-21T20:48:25","modified_gmt":"2025-05-21T19:48:25","slug":"urbex-map-germany-1-year-access","status":"publish","type":"product","link":"https:\/\/urbex.direct\/pt\/product\/urbex-map-germany-1-year-access\/","title":{"rendered":"Urbex Map Germany Todas as regi\u00f5es (Acesso de 1 ou 2 anos)"},"content":{"rendered":"<p>Este mapa cont\u00e9m as seguintes localiza\u00e7\u00f5es: <ul><li>Hotel BM<\/li><li>Caf\u00e9 Eisenbahn<\/li><li>Acampamento Hitfeld<\/li><li>China Imbiss<\/li><li>Restaurante Eichhof<\/li><li>Bar Flower Valley<\/li><li>Casa Fontanna<\/li><li>Haus-Rhenus<\/li><li>Instituto Mollenkotten<\/li><li>O Senhor dos An\u00e9is<\/li><li>Tanques perdidos<\/li><li>Schwimmbad B<\/li><li>F\u00e1brica de luz solar<\/li><li>Villa Bogata<\/li><li>Villa Muhr<\/li><li>Wollseifen<\/li><li>Zeche Rudolf<\/li><li>Estufas<\/li><li>F\u00e1brica Feuerfest<\/li><li>Sanat\u00f3rio pulmonar<\/li><li>Quinta JRT<\/li><li>Kaserene ENG<\/li><li>Escola Verlassen<\/li><li>F\u00e1brica de bolachas<\/li><li>Hotel Kino \/ Weser Lichtspiele<\/li><li>F\u00e1brica de armaduras<\/li><li>Casa dos Gerentes<\/li><li>Freibad<\/li><li>Norton<\/li><li>St. A Krankenhaus<\/li><li>Tuchfabrik<\/li><li>Zeche N<\/li><li>Ponte do comboio W<\/li><li>Corpo de Verbrannter<\/li><li>Bauernhof Heu<\/li><li>Casa do Sauerei<\/li><li>Hexenhaus<\/li><li>Escola de Arte<\/li><li>F\u00e1brica de tecidos<\/li><li>Zeche DB<\/li><li>O Alte Krankenhaus<\/li><li>Igreja de S\u00e3o Francisco<\/li><li>A cl\u00ednica de reabilita\u00e7\u00e3o de idosos<\/li><li>Kazerne Herongen<\/li><li>Flugzeughangar<\/li><li>Casa de Sch\u00e4nders<\/li><li>Maison FOS<\/li><li>O bunker da Segunda Guerra Mundial<\/li><li>Eisenbahntunnel<\/li><li>A casa de banho<\/li><li>Hotel inacabado H<\/li><li>Maison Markus<\/li><li>Tanque de borracha<\/li><li>Bunkers Muna<\/li><li>Steinbruch M<\/li><li>Avi\u00e3o de mato<\/li><li>O hotel<\/li><li>Das Alte Strandhotel<\/li><li>Bunker de muni\u00e7\u00f5es<\/li><li>Lar das crian\u00e7as perdidas<\/li><li>O acampamento terminou<\/li><li>Maison Chinapalace<\/li><li>Caf\u00e9 hippie<\/li><li>O centro de compras<\/li><li>F\u00e1brica de motociclistas<\/li><li>A m\u00fasica<\/li><li>Casa de jogos para crian\u00e7as<\/li><li>O s\u00edtio dos ventos fortes<\/li><li>Ziegelei an der Villa<\/li><li>O vinho azul<\/li><li>Ataque de Marte<\/li><li>Oleoduto NAVO<\/li><li>Campo de tiro da Segunda Guerra Mundial<\/li><li>Bunker Klein<\/li><li>Ponte antiga do comboio Alemanha<\/li><li>Cinema XXX<\/li><li>No armaz\u00e9m \/ No armaz\u00e9m<\/li><li>Naufr\u00e1gio de um barco<\/li><li>Lanchonete<\/li><li>Quartel S<\/li><li>Sepulturas assustadoras<\/li><li>Casa dos pescadores<\/li><li>A piscina desactivada<\/li><li>Bunker im Wald<\/li><li>O velho Kalkofen<\/li><li>Quinta Europa<\/li><li>Casa de repouso B<\/li><li>Escola de ver\u00e3o<\/li><li>Bunker no meio da floresta<\/li><li>A igreja esquecida na floresta<\/li><li>Kalkfabrik<\/li><li>Casa do Professor<\/li><li>Piscina e restaurante<\/li><li>Campo militar das SS<\/li><li>Gest\u00e3o de muni\u00e7\u00f5es<\/li><li>Hotel am See<\/li><li>Das Kalkoven<\/li><li>A f\u00e1brica azul<\/li><li>A hist\u00f3ria dos chefes<\/li><li>Desperate Housewife<\/li><li>Blue Wonder<\/li><li>Elstal Wustermark<\/li><li>Schloss Dammsm\u00fchle<\/li><li>Schloss Gentzrode<\/li><li>Casa do ex\u00e9rcito<\/li><li>Trabalhos de filtragem<\/li><li>Cidade Verbotene<\/li><li>Colosso<\/li><li>Casa de banho de Oranien<\/li><li>Manic\u00f3mio T<\/li><li>Garagem mar\u00edtima<\/li><li>Kaserne Joter<\/li><li>Escola de Voo Zeppelin<\/li><li>Zinna-Schule III<\/li><li>Experi\u00eancia do ex\u00e9rcito<\/li><li>Flugplatz Sperenberg<\/li><li>Schloss F<\/li><li>Comboios de batalha<\/li><li>Wilhelm Pieck<\/li><li>Casa Templ\u00e1ria<\/li><li>Dom\u00ednio Geron<\/li><li>Casa Denkmal<\/li><li>Der alte Zirkus<\/li><li>Pflegeheim Ru<\/li><li>A casa do leite<\/li><li>Cl\u00ednica K<\/li><li>Krafwerk P<\/li><li>Cemit\u00e9rio da T-Mobile<\/li><li>Schloss SH<\/li><li>Flugplatz O<\/li><li>Freedom Brige<\/li><li>Estrada de Walking Dead 2.0<\/li><li>Campo de tiro Graffity<\/li><li>Campo das SS<\/li><li>Flugabwehr-Raketenabteilung<\/li><li>Infantaria em Dienst<\/li><li>A festa est\u00e1 a chegar<\/li><li>Acampamento Nick<\/li><li>Campo Bombodrom<\/li><li>Versteckter Flugplatz<\/li><li>Furstenberg lager<\/li><li>As casas abandonadas da SS<\/li><li>A casa de repouso da Stasi<\/li><li>Hotel B\u00e4renstark<\/li><li>Kurklinik am Bomberg<\/li><li>Schloss Olderhausen<\/li><li>Sprengstofffabrik Tanne<\/li><li>Villa Kunzima<\/li><li>Zucherfabrik<\/li><li>Panzers<\/li><li>Casa da Rainha \/ Casa da Rainha \/ Casa dos Homens<\/li><li>Armazenamento perdido<\/li><li>Luftmunitionslager<\/li><li>Casa da Perola branca<\/li><li>Pena de pris\u00e3o<\/li><li>Comboio amarelo<\/li><li>Das Retro Guesthaus<\/li><li>Hotel Eden R<\/li><li>Alojamentos de f\u00e9rias<\/li><li>Das Alte Retro Hotel<\/li><li>Alte Bergbaureste<\/li><li>Pris\u00e3o Nittle<\/li><li>Hotel das L\u00e2mpadas<\/li><li>Brincar ao comboio<\/li><li>Casa Grande em Waldrand<\/li><li>A m\u00fasica do getarnte<\/li><li>Estufas em colapso<\/li><li>Happy Meal<\/li><li>Liberdade na C\u00e2mara<\/li><li>Bunker Bassum<\/li><li>Palha e trator \/ Stroh und Traktor<\/li><li>Naufr\u00e1gio (localiza\u00e7\u00e3o do drone)<\/li><li>Bateria Flak \/ Flakbatterie<\/li><li>Sanat\u00f3rio Bernhardi e Casa de For\u00e7a<\/li><li>Mausol\u00e9u dos B\u00e4ren<\/li><li>A casa de banho<\/li><li>Cl\u00ednica Wintermoor<\/li><li>Geistervilla<\/li><li>Wald Bunker Eib<\/li><li>O El\u00e9trico Alte<\/li><li>Casa Wolf<\/li><li>Alte Mahlwerk<\/li><li>Sanat\u00f3rio de Konigsberg<\/li><li>O sistema de bunker cl\u00e1ssico<\/li><li>Katholisch Keller<\/li><li>Zoogehege<\/li><li>Pr\u00e1xis de classe alta<\/li><li>Russische Panzer<\/li><li>Piscina Roter<\/li><li>Crian\u00e7as do mundo<\/li><li>Cemit\u00e9rio dos Illuminati<\/li><li>Hotel Waldkater<\/li><li>Sombra da casa<\/li><li>Pens\u00e3o Isolde<\/li><li>Ballsaal Melodie<\/li><li>Berghaus<\/li><li>Casa dos r\u00e9us C<\/li><li>Igreja da Metanfetamina Azul<\/li><li>Edif\u00edcio O<\/li><li>Edif\u00edcio Odpadki<\/li><li>F\u00e1brica de decomposi\u00e7\u00e3o<\/li><li>Emilien Haus<\/li><li>F\u00e1brica Z<\/li><li>FDGB Mooskombinaat<\/li><li>Gebaude Brunn<\/li><li>Gebaude Scheffel<\/li><li>Gebaude Schwarzbach<\/li><li>Casa de campo<\/li><li>Casa BC<\/li><li>Casa Ebersbach<\/li><li>Casa Elly<\/li><li>Casa Elyan<\/li><li>Casa Hofer<\/li><li>Casa Konz<\/li><li>Casa Ramazotti<\/li><li>Hotel Atlantis<\/li><li>Hotel Flanell<\/li><li>Hotel Jugel<\/li><li>Tricotar a casa da av\u00f3<\/li><li>Edif\u00edcio Kompass<\/li><li>Perdido em Chemnitz<\/li><li>Muldenhaus<\/li><li>Sanat\u00f3rio Kussmund<\/li><li>Schloss Thierbach<\/li><li>Brancura do s\u00edtio<\/li><li>O Edif\u00edcio Desgra\u00e7ado<\/li><li>Teatro V<\/li><li>Tonwarenfabrik Blumenpott<\/li><li>Usine Joha<\/li><li>Usine Markus<\/li><li>Villa Filzhaus<\/li><li>Moradia H\u00fcttengrund<\/li><li>Villa Sylvana<\/li><li>Alojamentos A + B<\/li><li>F\u00e1brica de balas de madeira<\/li><li>Villa Kolbe<\/li><li>M\u00f6belhaus<\/li><li>Sal\u00e3o do Graffiti<\/li><li>Davy C Hotel<\/li><li>Zucher Fabrik D<\/li><li>Casa Sprem<\/li><li>A F\u00e1brica Kaos<\/li><li>Das Tanzlokal<\/li><li>Escola Strawberry<\/li><li>Acampamento Sovjet \/ Sovjet Mosaik<\/li><li>F\u00e1brica da nova vaga \/ Fabrik New Wave<\/li><li>Mondfabrik<\/li><li>Fu\u00dfballarena<\/li><li>A casa dos herdeiros<\/li><li>Instituto de Neurologia<\/li><li>Albrechtshaus<\/li><li>Gebaude K<\/li><li>Casa Angelika<\/li><li>Casa Luisengraben<\/li><li>Igreja Z<\/li><li>Kraftwerk Vockerode<\/li><li>Igreja de raiz<\/li><li>Mausol\u00e9u Real \/ Mausol\u00e9u K<\/li><li>Igreja em ru\u00ednas<\/li><li>Rua Usine<\/li><li>Villa Idla<\/li><li>Villa Panda<\/li><li>Vila Wonka<\/li><li>Hotel Heinrich Dunker<\/li><li>Schweinehochhaus<\/li><li>O restaurante de vinhos<\/li><li>A igreja dos ministros<\/li><li>Kegelbahn Sport Frei<\/li><li>Prison Bande<\/li><li>Hotel H<\/li><li>ESOC Bodenstation<\/li><li>Dra. Anna<\/li><li>Clube Blue Leguan<\/li><li>Cervejaria zum Hirsch<\/li><li>Resist\u00eancia aos S\u00e9niores F<\/li><li>Estufas perdidas<\/li><li>Casa A<\/li><li>Barco da selva<\/li><li>Bungalow H<\/li><li>Hotel Das Sport<\/li><li>Cl\u00ednica Dr. Baldrian<\/li><li>Grand Hotel Papagei<\/li><li>Hotel Piano<\/li><li>Schloss Waldfee<\/li><li>Cl\u00ednica de paralisia<\/li><li>Cl\u00ednica Flamingo<\/li><li>Polizeipr\u00e4sidium<\/li><li>Emma Kinderheim<\/li><li>Monstertruck-Friedhof<\/li><li>Hausfremder<\/li><li>Grube W\u00fcrgengel<\/li><li>Bahnhof D<\/li><li>Bahnhof R<\/li><li>Carros de passeio<\/li><li>Cemit\u00e9rio do Ex\u00e9rcito<\/li><li>Casa S\u00edsifo<\/li><li>Pneu de f\u00e1brica \/ Fabrik Band<\/li><li>Casa HW<\/li><li>Sanat\u00f3rio Mossy<\/li><li>Ruine Berg<\/li><li>Floresta Bunker dos EUA<\/li><li>Hotel Hexenbut<\/li><li>Hotel Hlava<\/li><li>Natuurfreibad K<\/li><li>Esta\u00e7\u00e3o ferrovi\u00e1ria de Malbergbahn<\/li><li>Moradia Viktoriastift<\/li><li>F\u00e1brica de lentes de contacto<\/li><li>Nadador<\/li><li>Hotel Verlassen<\/li><li>Edelsteinschleiferei<\/li><li>Pens\u00e3o<\/li><li>Drei Kreuze \/ Volvo&#039;s<\/li><li>Verlassener Metzger<\/li><li>F\u00e1brica do desconhecido<\/li><li>A empresa americana<\/li><li>Nenhum bunker de muni\u00e7\u00f5es<\/li><li>Bunker de muni\u00e7\u00f5es 2<\/li><li>Moradia na floresta<\/li><li>Casa do comboio K<\/li><li>Das alte Haus an der Stra\u00dfe<\/li><li>Sanat\u00f3rio Gauva<\/li><li>Hotel Burned Dreams<\/li><li>Divis\u00e3o da casa<\/li><li>Casa Collap<\/li><li>Aer\u00f3dromo na cidade<\/li><li>Pista de lan\u00e7amento<\/li><li>Sanat\u00f3rio Charlottenh\u00f6he<\/li><li>US Heliport<\/li><li>Casa no lago<\/li><li>Hotel Fakir<\/li><li>Cl\u00ednica Holzbein<\/li><li>Rotten House in the woods<\/li><li>Hotel Crown<\/li><li>Hotel Archen<\/li><li>Schimmel Hotel 2.0 l<\/li><li>A Cl\u00ednica da Floresta Negra<\/li><li>Friedliche Gr\u00e4ber \/ Sepulturas tranquilas<\/li><li>Hospital M\u00edstico<\/li><li>Children&#039;s Manor \/ Kinderanwesen<\/li><li>Casa dos Pastores<\/li><li>Der LKW-Friedhof \/ O cemit\u00e9rio de cami\u00f5es<\/li><li>Forma\u00e7\u00e3o e desenvolvimento<\/li><li>Instituto KU<\/li><li>O meu \u00e9 o Hang<\/li><li>Ziegelei Antoinette<\/li><li>Ex\u00e9rcito dos EUA em Wald<\/li><li>Fahrradhaus<\/li><li>Cl\u00ednica dos doentes graves<\/li><li>Casa dos nerds<\/li><li>Brauerei Sch\u00c3\u00b6neweide<\/li><li>East German Children&#039;s Hospital<\/li><li>Emva Komzila<\/li><li>Funkhaus Grunau<\/li><li>Spreepark *Legal*<\/li><li>Waldhaus B<\/li><li>Botschaft iraquiana<\/li><li>Freibad WE<\/li><li>Flughafen Lugplatz<\/li><li>Fl\u00fcchtlingszentrum<\/li><li>Montanha do Diabo<\/li><li>Kontrollraum mit Glasdach<\/li><li>Os antigos reis<\/li><li>Casa dos Pol\u00edcias<\/li><li>Hospital Harold Greenwood<\/li><li>Casa dos Ossos<\/li><li>Knappschaft Heilstatten<\/li><li>Milchhof G<\/li><li>F\u00e1brica de porcelana<\/li><li>Prison 1555<\/li><li>Rittergut V<\/li><li>Sanat\u00f3rio Hohentanneck<\/li><li>Sanatorium Schwarzeck<\/li><li>Sanat\u00f3rio Sophie<\/li><li>Sanat\u00f3rio W<\/li><li>Hotel Aussicht<\/li><li>Pequena Paris<\/li><li>Kulturpalast<\/li><li>Cena de ver\u00e3o<\/li><li>Esta\u00e7\u00e3o ferrovi\u00e1ria de Ziegelei<\/li><li>O trabalho dos mestres<\/li><li>Sanat\u00f3rio Frissen<\/li><li>Villa Schwarza<\/li><li>Alte Brauerei mit Tunnel<\/li><li>Instala\u00e7\u00e3o de renova\u00e7\u00e3o<\/li><li>Casa dos Espelhos<\/li><li>Kinderheim HC<\/li><li>Sanat\u00f3rio Erich Steinfurth<\/li><li>Schloss S<\/li><li>Old Car W50 DDR<\/li><li>Kegelbahn mit Hotel und Gastst\u00e4tte<\/li><li>Casa no Vale<\/li><li>Maison R\u00fcmpel<\/li><li>Escola Verlassen<\/li><li>Casa da Cultura<\/li><li>A cole\u00e7\u00e3o de autom\u00f3veis<\/li><li>Manoir Antique<\/li><li>Sekret\u00e4r aus Holzstoff<\/li><li>Base NVA<\/li><li>Complexo Das Alte DWA<\/li><li>Escola Das Alte Gymnasium<\/li><li>Paragem de pesca \/ Naufr\u00e1gios<\/li><li>Hotel Saar<\/li><li>Alte Bahnhallen<\/li><li>Casa da ind\u00fastria<\/li><li>Geisterstation J<\/li><li>Fahrzeughalle<\/li><li>F\u00e1brica N<\/li><li>Zementwerk<\/li><li>Casa de Campo 1817<\/li><li>Casa de Schneiderin<\/li><li>Arava<\/li><li>Plankenhammer<\/li><li>Sanat\u00f3rio Apolant<\/li><li>The Gardener&#039;s House<\/li><li>O Matadouro<\/li><li>Funcity P<\/li><li>Casa do Vinhateiro<\/li><li>Casa de Cl\u00e1udio<\/li><li>Kristalltherme F<\/li><li>Garagem Maffia<\/li><li>Mausol\u00e9u Z<\/li><li>Casa Rodach<\/li><li>O alojamento na floresta \/ Wald Bar<\/li><li>Despachante de comboios assustador<\/li><li>A f\u00e1brica de muni\u00e7\u00f5es perdida Bam<\/li><li>Casa dos anos 60<\/li><li>Tram friedhof<\/li><li>A escola de base florida<\/li><li>Fliegerbunker<\/li><li>Kunst Mine<\/li><li>Casa de banho<\/li><li>Kur Heim<\/li><li>Riesige Porzellanfabrik<\/li><li>Glasfabrik<\/li><li>Bomba de \u00e1gua quente<\/li><li>Fritz Krankenhaus<\/li><li>Lokomotivscheibe<\/li><li>H\u00fcbscher Bauernhof<\/li><li>Hospital H \/ Krankenhaus H<\/li><li>A \u00faltima igreja<\/li><li>A quinta Skilift<\/li><li>Clube Pit Up<\/li><li>A ilha<\/li><li>A casa de banho no vale<\/li><li>Hotel famoso<\/li><li>Alte Train<\/li><li>Federball Fabrik \/ F\u00e1brica de petecas<\/li><li>Endstation Ich Liebe Dich<\/li><li>Hexenhaus Bavaria<\/li><li>Alter Bauernhof B<\/li><\/ul><\/p>","protected":false},"excerpt":{"rendered":"<p>Este mapa urbex fornece-lhe todos os locais de explora\u00e7\u00e3o urbana (urbex) em <strong>Alemanha<\/strong><strong>, <\/strong><strong>All Regions<\/strong><strong>.<\/strong> <\/p>\n<p>This lost places map will remain updated and accessible for at least 365 days after purchase. This map has currently 450 of the most unique urban exploring locations in Germany and is accessible from anywhere with our easy to use map<strong>. <\/p>\n<p><\/strong><strong>Se j\u00e1 tem este pacote, pode aceder-lhe atrav\u00e9s de <\/strong><a href=\"\/pt\/a-minha-conta\/area-de-membros\/43905\/o-meu-conteudo-de-membro\/\"><strong>Os meus mapas &gt; Ver.<\/strong><\/a> <\/p>\n<p><a href=\"#tab-description\">Lista de todas as localiza\u00e7\u00f5es Urbex neste mapa.<\/a><\/p>","protected":false},"featured_media":56794,"template":"","meta":[],"product_brand":[],"product_cat":[210,322,1229],"product_tag":[],"class_list":{"0":"post-55777","1":"product","2":"type-product","3":"status-publish","4":"has-post-thumbnail","6":"product_cat-germany","7":"product_cat-location-packs","8":"product_cat-maps-germany","10":"first","11":"instock","12":"taxable","13":"shipping-taxable","14":"purchasable","15":"product-type-variable"},"jetpack_sharing_enabled":true,"_links":{"self":[{"href":"https:\/\/urbex.direct\/pt\/wp-json\/wp\/v2\/product\/55777","targetHints":{"allow":["GET"]}}],"collection":[{"href":"https:\/\/urbex.direct\/pt\/wp-json\/wp\/v2\/product"}],"about":[{"href":"https:\/\/urbex.direct\/pt\/wp-json\/wp\/v2\/types\/product"}],"wp:featuredmedia":[{"embeddable":true,"href":"https:\/\/urbex.direct\/pt\/wp-json\/wp\/v2\/media\/56794"}],"wp:attachment":[{"href":"https:\/\/urbex.direct\/pt\/wp-json\/wp\/v2\/media?parent=55777"}],"wp:term":[{"taxonomy":"product_brand","embeddable":true,"href":"https:\/\/urbex.direct\/pt\/wp-json\/wp\/v2\/product_brand?post=55777"},{"taxonomy":"product_cat","embeddable":true,"href":"https:\/\/urbex.direct\/pt\/wp-json\/wp\/v2\/product_cat?post=55777"},{"taxonomy":"product_tag","embeddable":true,"href":"https:\/\/urbex.direct\/pt\/wp-json\/wp\/v2\/product_tag?post=55777"}],"curies":[{"name":"wp","href":"https:\/\/api.w.org\/{rel}","templated":true}]}}