{"id":54384,"date":"2024-03-12T16:42:19","date_gmt":"2024-03-12T16:42:19","guid":{"rendered":"https:\/\/urbex.direct\/?post_type=product&#038;p=54384"},"modified":"2025-05-21T21:05:07","modified_gmt":"2025-05-21T20:05:07","slug":"mapa-de-localizacao-saxonia-anhalt-alemanha","status":"publish","type":"product","link":"https:\/\/urbex.direct\/pt\/product\/location-map-saxony-anhalt-germany\/","title":{"rendered":"Urbex Map Germany, Sax\u00f3nia-Anhalt (Acesso de 1 ou 2 anos)"},"content":{"rendered":"<p>Este mapa cont\u00e9m as seguintes localiza\u00e7\u00f5es: <ul><li>Albrechtshaus<\/li><li>Gebaude K<\/li><li>Casa Angelika<\/li><li>Casa Luisengraben<\/li><li>Igreja Z<\/li><li>Kraftwerk Vockerode<\/li><li>Igreja de raiz<\/li><li>Mausol\u00e9u Real \/ Mausol\u00e9u K<\/li><li>Igreja em ru\u00ednas<\/li><li>Rua Usine<\/li><li>Villa Idla<\/li><li>Villa Panda<\/li><li>Vila Wonka<\/li><li>Hotel Heinrich Dunker<\/li><li>Schweinehochhaus<\/li><li>O restaurante de vinhos<\/li><li>A igreja dos ministros<\/li><li>Kegelbahn Sport Frei<\/li><li>Prison Bande<\/li><\/ul><\/p>","protected":false},"excerpt":{"rendered":"<p>Este mapa urbex fornece-lhe todos os locais de explora\u00e7\u00e3o urbana (urbex) em <strong>Alemanha<\/strong><strong>, <\/strong><strong>Sax\u00f3nia-Anhalt<\/strong><strong>.<\/strong> <\/p>\n<p>This lost places map will remain updated and accessible for at least 365 days after purchase. This map has currently 19 of the most unique urban exploring locations in Germany, Saxony-Anhalt and is accessible from anywhere with our easy to use map<strong>. <\/p>\n<p><\/strong><strong>Se j\u00e1 tem este pacote, pode aceder-lhe atrav\u00e9s de <a href=\"\/pt\/a-minha-conta\/area-de-membros\/43905\/o-meu-conteudo-de-membro\/\">Os meus mapas &gt; Ver.<\/a><\/strong> <\/p>\n<p><a href=\"#tab-description\">Lista de todas as localiza\u00e7\u00f5es Urbex neste mapa.<\/a><\/p>","protected":false},"featured_media":54914,"template":"","meta":[],"product_brand":[],"product_cat":[210,322,1229,221],"product_tag":[],"class_list":{"0":"post-54384","1":"product","2":"type-product","3":"status-publish","4":"has-post-thumbnail","6":"product_cat-germany","7":"product_cat-location-packs","8":"product_cat-maps-germany","9":"product_cat-saxony-anhalt","11":"first","12":"instock","13":"taxable","14":"shipping-taxable","15":"purchasable","16":"product-type-variable"},"jetpack_sharing_enabled":true,"_links":{"self":[{"href":"https:\/\/urbex.direct\/pt\/wp-json\/wp\/v2\/product\/54384","targetHints":{"allow":["GET"]}}],"collection":[{"href":"https:\/\/urbex.direct\/pt\/wp-json\/wp\/v2\/product"}],"about":[{"href":"https:\/\/urbex.direct\/pt\/wp-json\/wp\/v2\/types\/product"}],"wp:featuredmedia":[{"embeddable":true,"href":"https:\/\/urbex.direct\/pt\/wp-json\/wp\/v2\/media\/54914"}],"wp:attachment":[{"href":"https:\/\/urbex.direct\/pt\/wp-json\/wp\/v2\/media?parent=54384"}],"wp:term":[{"taxonomy":"product_brand","embeddable":true,"href":"https:\/\/urbex.direct\/pt\/wp-json\/wp\/v2\/product_brand?post=54384"},{"taxonomy":"product_cat","embeddable":true,"href":"https:\/\/urbex.direct\/pt\/wp-json\/wp\/v2\/product_cat?post=54384"},{"taxonomy":"product_tag","embeddable":true,"href":"https:\/\/urbex.direct\/pt\/wp-json\/wp\/v2\/product_tag?post=54384"}],"curies":[{"name":"wp","href":"https:\/\/api.w.org\/{rel}","templated":true}]}}