{"id":54380,"date":"2024-03-12T16:39:21","date_gmt":"2024-03-12T16:39:21","guid":{"rendered":"https:\/\/urbex.direct\/?post_type=product&#038;p=54380"},"modified":"2025-05-21T20:55:04","modified_gmt":"2025-05-21T19:55:04","slug":"location-map-brandenburg-germany","status":"publish","type":"product","link":"https:\/\/urbex.direct\/pt\/product\/location-map-brandenburg-germany\/","title":{"rendered":"Urbex Map Germany, Brandenburg (Acesso de 1 ou 2 anos)"},"content":{"rendered":"<p>Este mapa cont\u00e9m as seguintes localiza\u00e7\u00f5es: <ul><li>Blue Wonder<\/li><li>Elstal Wustermark<\/li><li>Schloss Dammsm\u00fchle<\/li><li>Schloss Gentzrode<\/li><li>Casa do ex\u00e9rcito<\/li><li>Trabalhos de filtragem<\/li><li>Cidade Verbotene<\/li><li>Colosso<\/li><li>Casa de banho de Oranien<\/li><li>Manic\u00f3mio T<\/li><li>Garagem mar\u00edtima<\/li><li>Kaserne Joter<\/li><li>Bar de vegetais<\/li><li>Escola de Voo Zeppelin<\/li><li>Zinna-Schule III<\/li><li>Experi\u00eancia do ex\u00e9rcito<\/li><li>Flugplatz Sperenberg<\/li><li>Schloss F<\/li><li>Comboios de batalha<\/li><li>Casa Maus<\/li><li>Wilhelm Pieck<\/li><li>Casa Templ\u00e1ria<\/li><li>Dom\u00ednio Geron<\/li><li>Casa Denkmal<\/li><li>Der alte Zirkus<\/li><li>Pflegeheim Ru<\/li><li>A casa do leite<\/li><li>Cl\u00ednica K<\/li><li>Krafwerk P<\/li><li>Cemit\u00e9rio da T-Mobile<\/li><li>Schloss SH<\/li><li>Flugplatz O<\/li><li>Freedom Brige<\/li><li>Estrada de Walking Dead 2.0<\/li><li>Campo de tiro Graffity<\/li><li>Campo das SS<\/li><li>Flugabwehr-Raketenabteilung<\/li><li>Infantaria em Dienst<\/li><li>A festa est\u00e1 a chegar<\/li><li>Acampamento Nick<\/li><li>Campo Bombodrom<\/li><li>Versteckter Flugplatz<\/li><li>Furstenberg lager<\/li><li>As casas abandonadas da SS<\/li><li>A casa de repouso da Stasi<\/li><\/ul><\/p>","protected":false},"excerpt":{"rendered":"<p>Este mapa urbex fornece-lhe todos os locais de explora\u00e7\u00e3o urbana (urbex) em <strong>Alemanha<\/strong><strong>, <\/strong><strong>Brandenburgo<\/strong><strong>.<\/strong> <\/p>\n<p>This lost places map will remain updated and accessible for at least 365 days after purchase. This map has currently 45 of the most unique urban exploring locations in Germany, Brandenburg and is accessible from anywhere with our easy to use map<strong>. <\/p>\n<p><\/strong><strong>Se j\u00e1 tem este pacote, pode aceder-lhe atrav\u00e9s de <a href=\"\/pt\/a-minha-conta\/area-de-membros\/43905\/o-meu-conteudo-de-membro\/\">Os meus mapas &gt; Ver.<\/a><\/strong> <\/p>\n<p><a href=\"#tab-description\">Lista de todas as localiza\u00e7\u00f5es Urbex neste mapa.<\/a><\/p>","protected":false},"featured_media":54901,"template":"","meta":[],"product_brand":[],"product_cat":[214,210,322,1229],"product_tag":[],"class_list":{"0":"post-54380","1":"product","2":"type-product","3":"status-publish","4":"has-post-thumbnail","6":"product_cat-brandenburg-2","7":"product_cat-germany","8":"product_cat-location-packs","9":"product_cat-maps-germany","11":"first","12":"instock","13":"taxable","14":"shipping-taxable","15":"purchasable","16":"product-type-variable"},"jetpack_sharing_enabled":true,"_links":{"self":[{"href":"https:\/\/urbex.direct\/pt\/wp-json\/wp\/v2\/product\/54380","targetHints":{"allow":["GET"]}}],"collection":[{"href":"https:\/\/urbex.direct\/pt\/wp-json\/wp\/v2\/product"}],"about":[{"href":"https:\/\/urbex.direct\/pt\/wp-json\/wp\/v2\/types\/product"}],"wp:featuredmedia":[{"embeddable":true,"href":"https:\/\/urbex.direct\/pt\/wp-json\/wp\/v2\/media\/54901"}],"wp:attachment":[{"href":"https:\/\/urbex.direct\/pt\/wp-json\/wp\/v2\/media?parent=54380"}],"wp:term":[{"taxonomy":"product_brand","embeddable":true,"href":"https:\/\/urbex.direct\/pt\/wp-json\/wp\/v2\/product_brand?post=54380"},{"taxonomy":"product_cat","embeddable":true,"href":"https:\/\/urbex.direct\/pt\/wp-json\/wp\/v2\/product_cat?post=54380"},{"taxonomy":"product_tag","embeddable":true,"href":"https:\/\/urbex.direct\/pt\/wp-json\/wp\/v2\/product_tag?post=54380"}],"curies":[{"name":"wp","href":"https:\/\/api.w.org\/{rel}","templated":true}]}}