{"id":53137,"date":"2024-02-05T17:30:49","date_gmt":"2024-02-05T17:30:49","guid":{"rendered":"https:\/\/urbex.direct\/?post_type=product&#038;p=53137"},"modified":"2024-06-20T09:00:15","modified_gmt":"2024-06-20T08:00:15","slug":"location-map-vienne-86-france","status":"publish","type":"product","link":"https:\/\/urbex.direct\/pt\/product\/location-map-vienne-86-france\/","title":{"rendered":"Urbex Map France, Nouvelle-Aquitaine: Vienne (86) (1 ano de acesso)"},"content":{"rendered":"<p>Este mapa cont\u00e9m as seguintes localiza\u00e7\u00f5es:<\/p>\n\n\n\n<ul><li>Castelo de Pont-Levis<\/li><li>Igreja Matriz<\/li><li>B\u00eate Noir<\/li><li>A casa do explorador<\/li><li>Manoir Sanitol<\/li><li>Maison des Merveilles du Monde<\/li><li>Manoir Mort-Vivant<\/li><li>Maison A Fam\u00edlia Addams<\/li><li>Maison Blink<\/li><li>Maison Sint<\/li><\/ul>","protected":false},"excerpt":{"rendered":"<p>Este mapa urbex fornece-lhe todos os locais de explora\u00e7\u00e3o urbana (urbex) em<strong> France, Nouvelle-Aquitaine: Vienne (86).<\/strong> Este mapa de lugares perdidos permanecer\u00e1 atualizado e acess\u00edvel durante, pelo menos, 365 dias ap\u00f3s a compra.<\/p>\n<p>This map has currently 10 of the most unique urban exploring locations in France, Nouvelle-Aquitaine: Vienne (86) and is accessible from anywhere with our easy to use map<strong>.<\/p>\n<p><\/strong><strong>Se j\u00e1 tem este pacote, pode aceder-lhe atrav\u00e9s de <a href=\"\/pt\/a-minha-conta\/area-de-membros\/43905\/o-meu-conteudo-de-membro\/\">Os meus mapas &gt; Ver.<\/a><\/strong><strong><\/p>\n<p><\/strong><a href=\"#tab-description\">Lista de todas as localiza\u00e7\u00f5es Urbex neste mapa.<\/a><\/p>","protected":false},"featured_media":53151,"template":"","meta":[],"product_brand":[],"product_cat":[226,322,1135,1349,235],"product_tag":[],"class_list":{"0":"post-53137","1":"product","2":"type-product","3":"status-publish","4":"has-post-thumbnail","6":"product_cat-france","7":"product_cat-location-packs","8":"product_cat-maps-france","9":"product_cat-maps-nouvelle-aquitaine","10":"product_cat-nouvelle-aquitaine","12":"first","13":"instock","14":"virtual","15":"taxable","16":"purchasable","17":"product-type-simple"},"jetpack_sharing_enabled":true,"_links":{"self":[{"href":"https:\/\/urbex.direct\/pt\/wp-json\/wp\/v2\/product\/53137","targetHints":{"allow":["GET"]}}],"collection":[{"href":"https:\/\/urbex.direct\/pt\/wp-json\/wp\/v2\/product"}],"about":[{"href":"https:\/\/urbex.direct\/pt\/wp-json\/wp\/v2\/types\/product"}],"wp:featuredmedia":[{"embeddable":true,"href":"https:\/\/urbex.direct\/pt\/wp-json\/wp\/v2\/media\/53151"}],"wp:attachment":[{"href":"https:\/\/urbex.direct\/pt\/wp-json\/wp\/v2\/media?parent=53137"}],"wp:term":[{"taxonomy":"product_brand","embeddable":true,"href":"https:\/\/urbex.direct\/pt\/wp-json\/wp\/v2\/product_brand?post=53137"},{"taxonomy":"product_cat","embeddable":true,"href":"https:\/\/urbex.direct\/pt\/wp-json\/wp\/v2\/product_cat?post=53137"},{"taxonomy":"product_tag","embeddable":true,"href":"https:\/\/urbex.direct\/pt\/wp-json\/wp\/v2\/product_tag?post=53137"}],"curies":[{"name":"wp","href":"https:\/\/api.w.org\/{rel}","templated":true}]}}