{"id":53136,"date":"2024-02-05T17:30:55","date_gmt":"2024-02-05T17:30:55","guid":{"rendered":"https:\/\/urbex.direct\/?post_type=product&#038;p=53136"},"modified":"2024-06-20T08:59:02","modified_gmt":"2024-06-20T07:59:02","slug":"mapa-de-localizacao-charente-maritime-17-franca","status":"publish","type":"product","link":"https:\/\/urbex.direct\/pt\/product\/location-map-charente-maritime-17-france\/","title":{"rendered":"Urbex Map France, Nouvelle-Aquitaine: Charente-Maritime (17) (1 ano de acesso)"},"content":{"rendered":"<p>Este mapa cont\u00e9m as seguintes localiza\u00e7\u00f5es:<\/p>\n\n\n\n<ul><li>Centro comercial Leclerc<\/li><li>Hospital Barri\u00e8re<\/li><li>Hotel Angely<\/li><li>Hospital Roch<\/li><li>Castelo Edgar Boulai<\/li><li>Casa de repouso SG<\/li><li>Manoir Bamboo<\/li><li>Matadouro S<\/li><li>Maison Helipad<\/li><li>Col\u00f3nia dos Tricolos<\/li><li>Col\u00f3nia Lombric<\/li><li>Domin\u00f3 da col\u00f3nia<\/li><li>Maison Galards<\/li><li>Ataque de alertas<\/li><li>Concession\u00e1rio autom\u00f3vel<\/li><\/ul>","protected":false},"excerpt":{"rendered":"<p>&nbsp;<\/p>\n<p>Este mapa urbex fornece-lhe todos os locais de explora\u00e7\u00e3o urbana (urbex) em<strong> Fran\u00e7a, Nova Aquit\u00e2nia: Charente-Maritime (17).<\/strong> Este mapa de lugares perdidos permanecer\u00e1 atualizado e acess\u00edvel durante, pelo menos, 365 dias ap\u00f3s a compra.<\/p>\n<p>Este mapa cont\u00e9m atualmente 15 dos locais de explora\u00e7\u00e3o urbana mais singulares de Fran\u00e7a, Nouvelle-Aquitaine: Charente-Maritime (17) e \u00e9 acess\u00edvel a partir de qualquer lugar com o nosso mapa f\u00e1cil de utilizar<strong>.<\/p>\n<p><\/strong><strong>Se j\u00e1 tem este pacote, pode aceder-lhe atrav\u00e9s de <a href=\"\/pt\/a-minha-conta\/area-de-membros\/43905\/o-meu-conteudo-de-membro\/\">Os meus mapas &gt; Ver.<\/a><\/strong><strong><\/p>\n<p><\/strong><a href=\"#tab-description\">Lista de todas as localiza\u00e7\u00f5es Urbex neste mapa.<\/a><\/p>\n<p>&nbsp;<\/p>","protected":false},"featured_media":53150,"template":"","meta":[],"product_brand":[],"product_cat":[226,322,1135,1349,235],"product_tag":[],"class_list":{"0":"post-53136","1":"product","2":"type-product","3":"status-publish","4":"has-post-thumbnail","6":"product_cat-france","7":"product_cat-location-packs","8":"product_cat-maps-france","9":"product_cat-maps-nouvelle-aquitaine","10":"product_cat-nouvelle-aquitaine","12":"first","13":"instock","14":"virtual","15":"taxable","16":"purchasable","17":"product-type-simple"},"jetpack_sharing_enabled":true,"_links":{"self":[{"href":"https:\/\/urbex.direct\/pt\/wp-json\/wp\/v2\/product\/53136","targetHints":{"allow":["GET"]}}],"collection":[{"href":"https:\/\/urbex.direct\/pt\/wp-json\/wp\/v2\/product"}],"about":[{"href":"https:\/\/urbex.direct\/pt\/wp-json\/wp\/v2\/types\/product"}],"wp:featuredmedia":[{"embeddable":true,"href":"https:\/\/urbex.direct\/pt\/wp-json\/wp\/v2\/media\/53150"}],"wp:attachment":[{"href":"https:\/\/urbex.direct\/pt\/wp-json\/wp\/v2\/media?parent=53136"}],"wp:term":[{"taxonomy":"product_brand","embeddable":true,"href":"https:\/\/urbex.direct\/pt\/wp-json\/wp\/v2\/product_brand?post=53136"},{"taxonomy":"product_cat","embeddable":true,"href":"https:\/\/urbex.direct\/pt\/wp-json\/wp\/v2\/product_cat?post=53136"},{"taxonomy":"product_tag","embeddable":true,"href":"https:\/\/urbex.direct\/pt\/wp-json\/wp\/v2\/product_tag?post=53136"}],"curies":[{"name":"wp","href":"https:\/\/api.w.org\/{rel}","templated":true}]}}