{"id":53135,"date":"2024-02-05T17:31:01","date_gmt":"2024-02-05T17:31:01","guid":{"rendered":"https:\/\/urbex.direct\/?post_type=product&#038;p=53135"},"modified":"2024-06-20T08:59:37","modified_gmt":"2024-06-20T07:59:37","slug":"mapa-de-localizacao-haute-vienne-87-franca","status":"publish","type":"product","link":"https:\/\/urbex.direct\/pt\/product\/location-map-haute-vienne-87-france\/","title":{"rendered":"Urbex Map France, Nouvelle-Aquitaine: Haute-Vienne (87) (1 ano de acesso)"},"content":{"rendered":"<p>Este mapa cont\u00e9m as seguintes localiza\u00e7\u00f5es:<\/p>\n\n\n\n<ul><li>Serres V\u00e9drine<\/li><li>Manoir Melomane<\/li><li>Castelo de Bagnac<\/li><li>Chateau S\u00e9r\u00e9nade<\/li><li>Hospital Thomas<\/li><li>Usine Vienne<\/li><li>Maison Scorpial<\/li><li>A Demanda da Legi\u00e3o do Terror<\/li><li>Hotel em frente \u00e0 autoestrada<\/li><li>Chateau Dystopia<\/li><\/ul>","protected":false},"excerpt":{"rendered":"<p>Este mapa urbex fornece-lhe todos os locais de explora\u00e7\u00e3o urbana (urbex) em<strong> Fran\u00e7a, Nova Aquit\u00e2nia: Haute-Vienne (87).<\/strong> Este mapa de lugares perdidos permanecer\u00e1 atualizado e acess\u00edvel durante, pelo menos, 365 dias ap\u00f3s a compra.<\/p>\n<p>Este mapa tem atualmente 10 dos locais de explora\u00e7\u00e3o urbana mais exclusivos em Fran\u00e7a, Nouvelle-Aquitaine: Haute-Vienne (87) e \u00e9 acess\u00edvel a partir de qualquer lugar com o nosso mapa f\u00e1cil de utilizar<strong>.<\/p>\n<p><\/strong><strong>Se j\u00e1 tem este pacote, pode aceder-lhe atrav\u00e9s de <a href=\"\/pt\/a-minha-conta\/area-de-membros\/43905\/o-meu-conteudo-de-membro\/\">Os meus mapas &gt; Ver.<\/a><\/strong><strong><\/p>\n<p><\/strong><a href=\"#tab-description\">Lista de todas as localiza\u00e7\u00f5es Urbex neste mapa.<\/a><\/p>","protected":false},"featured_media":53149,"template":"","meta":[],"product_brand":[],"product_cat":[226,322,1135,1349,235],"product_tag":[],"class_list":{"0":"post-53135","1":"product","2":"type-product","3":"status-publish","4":"has-post-thumbnail","6":"product_cat-france","7":"product_cat-location-packs","8":"product_cat-maps-france","9":"product_cat-maps-nouvelle-aquitaine","10":"product_cat-nouvelle-aquitaine","12":"first","13":"instock","14":"virtual","15":"taxable","16":"purchasable","17":"product-type-simple"},"jetpack_sharing_enabled":true,"_links":{"self":[{"href":"https:\/\/urbex.direct\/pt\/wp-json\/wp\/v2\/product\/53135","targetHints":{"allow":["GET"]}}],"collection":[{"href":"https:\/\/urbex.direct\/pt\/wp-json\/wp\/v2\/product"}],"about":[{"href":"https:\/\/urbex.direct\/pt\/wp-json\/wp\/v2\/types\/product"}],"wp:featuredmedia":[{"embeddable":true,"href":"https:\/\/urbex.direct\/pt\/wp-json\/wp\/v2\/media\/53149"}],"wp:attachment":[{"href":"https:\/\/urbex.direct\/pt\/wp-json\/wp\/v2\/media?parent=53135"}],"wp:term":[{"taxonomy":"product_brand","embeddable":true,"href":"https:\/\/urbex.direct\/pt\/wp-json\/wp\/v2\/product_brand?post=53135"},{"taxonomy":"product_cat","embeddable":true,"href":"https:\/\/urbex.direct\/pt\/wp-json\/wp\/v2\/product_cat?post=53135"},{"taxonomy":"product_tag","embeddable":true,"href":"https:\/\/urbex.direct\/pt\/wp-json\/wp\/v2\/product_tag?post=53135"}],"curies":[{"name":"wp","href":"https:\/\/api.w.org\/{rel}","templated":true}]}}