{"id":52590,"date":"2024-01-21T17:38:14","date_gmt":"2024-01-21T17:38:14","guid":{"rendered":"https:\/\/urbex.direct\/?post_type=product&#038;p=52590"},"modified":"2024-06-20T08:55:24","modified_gmt":"2024-06-20T07:55:24","slug":"mapa-de-localizacao-calvados-14-franca","status":"publish","type":"product","link":"https:\/\/urbex.direct\/pt\/product\/location-map-calvados-14-france\/","title":{"rendered":"Urbex Map Fran\u00e7a, Normandia: Calvados (14) (1 ano de acesso)"},"content":{"rendered":"<p>Este mapa cont\u00e9m as seguintes localiza\u00e7\u00f5es:<\/p>\n\n\n\n<ul><li>Manoir Dalida<\/li><li>Usine Mathis<\/li><li>Chateau Eva &amp; Co<\/li><li>Capela dos Pilotos<\/li><li>Hopitall Plaza<\/li><li>Antigo Cimeti\u00e8re<\/li><li>Castelo do Cur\u00e9<\/li><li>Manoir du Nomade \/ Maison Foresti\u00e8re<\/li><li>Casa de banho<\/li><li>Maison Cat<\/li><li>Ferme effondr\u00e9e<\/li><li>Maison Cadran \/ Maison vieille cuisini\u00e8re<\/li><li>Manoir Nazi<\/li><li>Usine Fromage Maxi<\/li><li>Manoir Cardhu Manoir Cardhu<\/li><li>Maison Meslin<\/li><li>Maison des Duckers<\/li><li>Maison Canop\u00e9e verte<\/li><li>A Oficina Secreta<\/li><li>A igreja desactivada<\/li><li>Usine Ornaise<\/li><li>Castelo Trop Vert<\/li><li>Le Maison Ronces<\/li><li>Maison Brique Rouge<\/li><li>\u00c9dipo Usine<\/li><li>Usine Dynamite<\/li><li>As belas ru\u00ednas da igreja<\/li><li>Utiliza\u00e7\u00e3o FP<\/li><li>F\u00e1brica de an\u00f5es<\/li><li>Maison Coss \/ Maison Lamia<\/li><li>Igreja do Mundo Vermelho<\/li><li>Mina de Erebor<\/li><li>Maison la Vache<\/li><li>Maison des Livres Calvados<\/li><li>Manoir Tong<\/li><li>A vida na quinta<\/li><li>Quinta da Toalha<\/li><li>Casa em colombages<\/li><li>Ferme avec portail rouge<\/li><\/ul>","protected":false},"excerpt":{"rendered":"<p>Este mapa urbex fornece-lhe todos os locais de explora\u00e7\u00e3o urbana (urbex) em<strong> Fran\u00e7a, <\/strong><strong>Normandia<\/strong><strong>: Calvados (14).<\/strong> Este mapa de lugares perdidos permanecer\u00e1 atualizado e acess\u00edvel durante, pelo menos, 365 dias ap\u00f3s a compra.<\/p>\n<p>Este mapa tem atualmente 39 dos locais de explora\u00e7\u00e3o urbana mais exclusivos em Fran\u00e7a, Normandia: Calvados (14) e \u00e9 acess\u00edvel a partir de qualquer lugar com o nosso mapa f\u00e1cil de utilizar<strong>.<\/p>\n<p><\/strong><strong>Se j\u00e1 tem este pacote, pode aceder-lhe atrav\u00e9s de <a href=\"\/pt\/a-minha-conta\/area-de-membros\/43905\/o-meu-conteudo-de-membro\/\">Os meus mapas &gt; Ver.<\/a><\/strong><strong><\/p>\n<p><\/strong><a href=\"#tab-description\">Lista de todas as localiza\u00e7\u00f5es Urbex neste mapa.<\/a><\/p>","protected":false},"featured_media":52607,"template":"","meta":[],"product_brand":[],"product_cat":[1068,226,322,1135,1344,234],"product_tag":[],"class_list":{"0":"post-52590","1":"product","2":"type-product","3":"status-publish","4":"has-post-thumbnail","6":"product_cat-calvados-14","7":"product_cat-france","8":"product_cat-location-packs","9":"product_cat-maps-france","10":"product_cat-maps-normandie","11":"product_cat-normandie","13":"first","14":"instock","15":"virtual","16":"taxable","17":"purchasable","18":"product-type-simple"},"jetpack_sharing_enabled":true,"_links":{"self":[{"href":"https:\/\/urbex.direct\/pt\/wp-json\/wp\/v2\/product\/52590","targetHints":{"allow":["GET"]}}],"collection":[{"href":"https:\/\/urbex.direct\/pt\/wp-json\/wp\/v2\/product"}],"about":[{"href":"https:\/\/urbex.direct\/pt\/wp-json\/wp\/v2\/types\/product"}],"wp:featuredmedia":[{"embeddable":true,"href":"https:\/\/urbex.direct\/pt\/wp-json\/wp\/v2\/media\/52607"}],"wp:attachment":[{"href":"https:\/\/urbex.direct\/pt\/wp-json\/wp\/v2\/media?parent=52590"}],"wp:term":[{"taxonomy":"product_brand","embeddable":true,"href":"https:\/\/urbex.direct\/pt\/wp-json\/wp\/v2\/product_brand?post=52590"},{"taxonomy":"product_cat","embeddable":true,"href":"https:\/\/urbex.direct\/pt\/wp-json\/wp\/v2\/product_cat?post=52590"},{"taxonomy":"product_tag","embeddable":true,"href":"https:\/\/urbex.direct\/pt\/wp-json\/wp\/v2\/product_tag?post=52590"}],"curies":[{"name":"wp","href":"https:\/\/api.w.org\/{rel}","templated":true}]}}