{"id":52415,"date":"2024-01-15T20:04:00","date_gmt":"2024-01-15T20:04:00","guid":{"rendered":"https:\/\/urbex.direct\/?post_type=product&#038;p=52415"},"modified":"2024-06-20T08:54:08","modified_gmt":"2024-06-20T07:54:08","slug":"mapa-de-localizacao-yvelines-78-franca","status":"publish","type":"product","link":"https:\/\/urbex.direct\/pt\/product\/location-map-yvelines-78-france\/","title":{"rendered":"Urbex Map France, \u00cele-de-France: Yvelines (78) (1 ano de acesso)"},"content":{"rendered":"<p>Este mapa cont\u00e9m as seguintes localiza\u00e7\u00f5es:<\/p>\n\n\n\n<ul><li>Capela da Princesa Titine<\/li><li>Ch\u00e2teau Bonifatius<\/li><li>Villa Melodie \/ Maison Docteur du Harp<\/li><li>Parque Aqu\u00e1tico<\/li><li>Bordel Allemand<\/li><li>Villa Popova<\/li><li>Chateau des Cr\u00eapes<\/li><li>Forte HB<\/li><li>Casa do Sr. Hugo<\/li><li>O hotel dos condenados<\/li><li>La Maison du Preux<\/li><li>Casa de repouso Israel Lipski<\/li><li>Capela azul na floresta<\/li><li>Maison Tonnerre<\/li><li>Maison du lapin Rose<\/li><li>Torre perdida<\/li><li>Jardinagem<\/li><li>Usine Viardoss<\/li><li>Maison Sentier<\/li><li>Acampamento da For\u00e7a A\u00e9rea<\/li><li>Casa do oclusor<\/li><li>Hangar d'Orgy<\/li><\/ul>","protected":false},"excerpt":{"rendered":"<p>Este mapa urbex fornece-lhe todos os locais de explora\u00e7\u00e3o urbana (urbex) em<strong> Fran\u00e7a, <\/strong><strong>\u00cele-de-France<\/strong><strong>: Yvelines (78).<\/strong> Este mapa de lugares perdidos permanecer\u00e1 atualizado e acess\u00edvel durante, pelo menos, 365 dias ap\u00f3s a compra.<\/p>\n<p>Este mapa tem atualmente 22 dos locais de explora\u00e7\u00e3o urbana mais exclusivos em Fran\u00e7a, \u00cele-de-France: Yvelines (78) e \u00e9 acess\u00edvel a partir de qualquer lugar com o nosso mapa f\u00e1cil de utilizar<strong>.<\/p>\n<p><\/strong><strong>Se j\u00e1 tem este pacote, pode aceder-lhe atrav\u00e9s de <a href=\"\/pt\/a-minha-conta\/area-de-membros\/43905\/o-meu-conteudo-de-membro\/\">Os meus mapas &gt; Ver.<\/a><\/strong><strong><\/p>\n<p><\/strong><a href=\"#tab-description\">Lista de todas as localiza\u00e7\u00f5es Urbex neste mapa.<\/a><\/p>","protected":false},"featured_media":52419,"template":"","meta":[],"product_brand":[],"product_cat":[226,233,322,1135,1343,1060],"product_tag":[],"class_list":{"0":"post-52415","1":"product","2":"type-product","3":"status-publish","4":"has-post-thumbnail","6":"product_cat-france","7":"product_cat-ile-de-france","8":"product_cat-location-packs","9":"product_cat-maps-france","10":"product_cat-maps-ile-de-france","11":"product_cat-yvelines-78","13":"first","14":"instock","15":"virtual","16":"taxable","17":"purchasable","18":"product-type-simple"},"jetpack_sharing_enabled":true,"_links":{"self":[{"href":"https:\/\/urbex.direct\/pt\/wp-json\/wp\/v2\/product\/52415","targetHints":{"allow":["GET"]}}],"collection":[{"href":"https:\/\/urbex.direct\/pt\/wp-json\/wp\/v2\/product"}],"about":[{"href":"https:\/\/urbex.direct\/pt\/wp-json\/wp\/v2\/types\/product"}],"wp:featuredmedia":[{"embeddable":true,"href":"https:\/\/urbex.direct\/pt\/wp-json\/wp\/v2\/media\/52419"}],"wp:attachment":[{"href":"https:\/\/urbex.direct\/pt\/wp-json\/wp\/v2\/media?parent=52415"}],"wp:term":[{"taxonomy":"product_brand","embeddable":true,"href":"https:\/\/urbex.direct\/pt\/wp-json\/wp\/v2\/product_brand?post=52415"},{"taxonomy":"product_cat","embeddable":true,"href":"https:\/\/urbex.direct\/pt\/wp-json\/wp\/v2\/product_cat?post=52415"},{"taxonomy":"product_tag","embeddable":true,"href":"https:\/\/urbex.direct\/pt\/wp-json\/wp\/v2\/product_tag?post=52415"}],"curies":[{"name":"wp","href":"https:\/\/api.w.org\/{rel}","templated":true}]}}