{"id":51065,"date":"2023-12-01T21:45:00","date_gmt":"2023-12-01T21:45:00","guid":{"rendered":"https:\/\/urbex.direct\/product\/hotel-a-cote-de-lautoroute\/"},"modified":"2023-11-29T21:48:11","modified_gmt":"2023-11-29T21:48:11","slug":"hotel-a-cote-de-lautoroute","status":"publish","type":"product","link":"https:\/\/urbex.direct\/pt\/product\/hotel-a-cote-de-lautoroute\/","title":{"rendered":"Hotel \u00e0 c\u00f4t\u00e9 de l'autoroute \/ Hotel Freeway"},"content":{"rendered":"","protected":false},"excerpt":{"rendered":"","protected":false},"featured_media":51066,"template":"","meta":[],"product_brand":[],"product_cat":[226,1080,235],"product_tag":[],"class_list":{"0":"post-51065","1":"product","2":"type-product","3":"status-publish","4":"has-post-thumbnail","6":"product_cat-france","7":"product_cat-haute-vienne-87","8":"product_cat-nouvelle-aquitaine","10":"first","11":"instock","12":"downloadable","13":"taxable","14":"shipping-taxable","15":"purchasable","16":"product-type-simple"},"jetpack_sharing_enabled":true,"_links":{"self":[{"href":"https:\/\/urbex.direct\/pt\/wp-json\/wp\/v2\/product\/51065","targetHints":{"allow":["GET"]}}],"collection":[{"href":"https:\/\/urbex.direct\/pt\/wp-json\/wp\/v2\/product"}],"about":[{"href":"https:\/\/urbex.direct\/pt\/wp-json\/wp\/v2\/types\/product"}],"wp:featuredmedia":[{"embeddable":true,"href":"https:\/\/urbex.direct\/pt\/wp-json\/wp\/v2\/media\/51066"}],"wp:attachment":[{"href":"https:\/\/urbex.direct\/pt\/wp-json\/wp\/v2\/media?parent=51065"}],"wp:term":[{"taxonomy":"product_brand","embeddable":true,"href":"https:\/\/urbex.direct\/pt\/wp-json\/wp\/v2\/product_brand?post=51065"},{"taxonomy":"product_cat","embeddable":true,"href":"https:\/\/urbex.direct\/pt\/wp-json\/wp\/v2\/product_cat?post=51065"},{"taxonomy":"product_tag","embeddable":true,"href":"https:\/\/urbex.direct\/pt\/wp-json\/wp\/v2\/product_tag?post=51065"}],"curies":[{"name":"wp","href":"https:\/\/api.w.org\/{rel}","templated":true}]}}