{"id":49318,"date":"2023-10-11T09:02:18","date_gmt":"2023-10-11T08:02:18","guid":{"rendered":"https:\/\/urbex.direct\/?post_type=product&#038;p=49318"},"modified":"2024-06-20T08:47:20","modified_gmt":"2024-06-20T07:47:20","slug":"mapa-de-localizacao-bas-rhin-67-franca","status":"publish","type":"product","link":"https:\/\/urbex.direct\/pt\/product\/location-map-bas-rhin-67-france\/","title":{"rendered":"Urbex Map Fran\u00e7a, Grand Est: Bas-Rhin (67) (1 ano de acesso)"},"content":{"rendered":"<p>Este mapa cont\u00e9m as seguintes localiza\u00e7\u00f5es:<\/p>\n\n\n\n<ul><li>Centro M\u00e9dico H<\/li><li>Casas de selva e de cip\u00f3 \/ Les Maisons Savane et Peluche<\/li><li>Manor Accrobranche \/ Casa de Trepar \u00e0 \u00c1rvore<\/li><li>Manoir General<\/li><li>Villa Des Ours<\/li><li>Lock Hotel \/ Hotel do porto<\/li><li>O Quartel Longo<\/li><li>Usine Coloree \/ Serra\u00e7\u00e3o W<\/li><li>Manoir des Anglais \/ A Nova Mans\u00e3o Inglesa<\/li><li>A pequena casa na pradaria<\/li><li>Quadro da Maison<\/li><li>Maison Fanatique des oiseaux<\/li><li>A sala de festas \/ Teatro do c\u00e3o<\/li><li>Le Tram jaune \/ O el\u00e9trico amarelo<\/li><li>Cimeti\u00e8re sur la colline \/ Cemit\u00e9rio na colina<\/li><li>Maison Piscine<\/li><li>A casa do colecionador de livros<\/li><\/ul>","protected":false},"excerpt":{"rendered":"<p>&nbsp;<\/p>\n<p>Este mapa urbex fornece-lhe todos os locais de explora\u00e7\u00e3o urbana (urbex) em<strong> Fran\u00e7a, <\/strong><strong>Grande Est<\/strong><strong>: Baixo Reno (67).<\/strong> Este mapa de lugares perdidos permanecer\u00e1 atualizado e acess\u00edvel durante, pelo menos, 365 dias ap\u00f3s a compra.<\/p>\n<p>Este mapa tem atualmente 17 dos locais de explora\u00e7\u00e3o urbana mais exclusivos em Fran\u00e7a, Grand Est: Bas-Rhin (67) e \u00e9 acess\u00edvel a partir de qualquer lugar com o nosso mapa f\u00e1cil de utilizar<strong>.<\/p>\n<p><\/strong><strong>Se j\u00e1 tem este pacote, pode aceder-lhe atrav\u00e9s de <a href=\"\/pt\/a-minha-conta\/area-de-membros\/43905\/o-meu-conteudo-de-membro\/\">Os meus mapas &gt; Ver.<\/a><\/strong><\/p>\n<p>&nbsp;<\/p>","protected":false},"featured_media":49325,"template":"","meta":[],"product_brand":[],"product_cat":[1043,226,231,322,1135,1341],"product_tag":[],"class_list":{"0":"post-49318","1":"product","2":"type-product","3":"status-publish","4":"has-post-thumbnail","6":"product_cat-bas-rhin-67","7":"product_cat-france","8":"product_cat-grand-est","9":"product_cat-location-packs","10":"product_cat-maps-france","11":"product_cat-maps-grand-est","13":"first","14":"instock","15":"virtual","16":"taxable","17":"purchasable","18":"product-type-simple"},"jetpack_sharing_enabled":true,"_links":{"self":[{"href":"https:\/\/urbex.direct\/pt\/wp-json\/wp\/v2\/product\/49318","targetHints":{"allow":["GET"]}}],"collection":[{"href":"https:\/\/urbex.direct\/pt\/wp-json\/wp\/v2\/product"}],"about":[{"href":"https:\/\/urbex.direct\/pt\/wp-json\/wp\/v2\/types\/product"}],"wp:featuredmedia":[{"embeddable":true,"href":"https:\/\/urbex.direct\/pt\/wp-json\/wp\/v2\/media\/49325"}],"wp:attachment":[{"href":"https:\/\/urbex.direct\/pt\/wp-json\/wp\/v2\/media?parent=49318"}],"wp:term":[{"taxonomy":"product_brand","embeddable":true,"href":"https:\/\/urbex.direct\/pt\/wp-json\/wp\/v2\/product_brand?post=49318"},{"taxonomy":"product_cat","embeddable":true,"href":"https:\/\/urbex.direct\/pt\/wp-json\/wp\/v2\/product_cat?post=49318"},{"taxonomy":"product_tag","embeddable":true,"href":"https:\/\/urbex.direct\/pt\/wp-json\/wp\/v2\/product_tag?post=49318"}],"curies":[{"name":"wp","href":"https:\/\/api.w.org\/{rel}","templated":true}]}}