{"id":49317,"date":"2023-10-11T09:01:08","date_gmt":"2023-10-11T08:01:08","guid":{"rendered":"https:\/\/urbex.direct\/?post_type=product&#038;p=49317"},"modified":"2024-06-20T08:43:39","modified_gmt":"2024-06-20T07:43:39","slug":"location-map-morbihan-56-france","status":"publish","type":"product","link":"https:\/\/urbex.direct\/pt\/product\/location-map-morbihan-56-france\/","title":{"rendered":"Urbex Map Fran\u00e7a, Bretagne: Morbihan (56) (1 ano de acesso)"},"content":{"rendered":"<p>Este mapa cont\u00e9m as seguintes localiza\u00e7\u00f5es:<\/p>\n\n\n\n<ul><li>Cemit\u00e9rio de destro\u00e7os de navios<\/li><li>Manoir Yves Dandonneau \/ Mans\u00e3o Yves Dandonneau<\/li><li>Ch\u00e2teau Sequoia<\/li><li>Clinique SC<\/li><li>Maison de Lac<\/li><li>Cimeti\u00e8re de Bateaux Rivi\u00e8re<\/li><li>Jardin Aux Papillons \/ O jardim das borboletas<\/li><li>Outro navio naufraga no cemit\u00e9rio<\/li><li>Destro\u00e7os de esqueletos<\/li><li>O parque e\u00f3lico<\/li><li>Casa e igreja abandonadas<\/li><li>Casas de f\u00e9rias \u00e0 beira do lago<\/li><li>Maison Tourelle Nord<\/li><li>Base Fluvial<\/li><li>Manoir Piano 56<\/li><\/ul>","protected":false},"excerpt":{"rendered":"<p>&nbsp;<\/p>\n<p>Este mapa urbex fornece-lhe todos os locais de explora\u00e7\u00e3o urbana (urbex) em<strong> France, Bretagne: Morbihan (56).<\/strong> Este mapa de lugares perdidos permanecer\u00e1 atualizado e acess\u00edvel durante, pelo menos, 365 dias ap\u00f3s a compra.<\/p>\n<p>This map has currently 15 of the most unique urban exploring locations in France, Bretagne: Morbihan (56) and is accessible from anywhere with our easy to use map<strong>.<\/p>\n<p><\/strong><strong>Se j\u00e1 tem este pacote, pode aceder-lhe atrav\u00e9s de <a href=\"\/pt\/a-minha-conta\/area-de-membros\/43905\/o-meu-conteudo-de-membro\/\">Os meus mapas &gt; Ver.<\/a><\/strong><strong><\/p>\n<p><\/strong><a href=\"#tab-description\">Lista de todas as localiza\u00e7\u00f5es Urbex neste mapa.<\/a><\/p>\n<p>&nbsp;<\/p>","protected":false},"featured_media":49321,"template":"","meta":[],"product_brand":[],"product_cat":[229,226,322,1339,1135,1042],"product_tag":[],"class_list":{"0":"post-49317","1":"product","2":"type-product","3":"status-publish","4":"has-post-thumbnail","6":"product_cat-bretagne","7":"product_cat-france","8":"product_cat-location-packs","9":"product_cat-maps-bretagne","10":"product_cat-maps-france","11":"product_cat-morbihan-56","13":"first","14":"instock","15":"virtual","16":"taxable","17":"purchasable","18":"product-type-simple"},"jetpack_sharing_enabled":true,"_links":{"self":[{"href":"https:\/\/urbex.direct\/pt\/wp-json\/wp\/v2\/product\/49317","targetHints":{"allow":["GET"]}}],"collection":[{"href":"https:\/\/urbex.direct\/pt\/wp-json\/wp\/v2\/product"}],"about":[{"href":"https:\/\/urbex.direct\/pt\/wp-json\/wp\/v2\/types\/product"}],"wp:featuredmedia":[{"embeddable":true,"href":"https:\/\/urbex.direct\/pt\/wp-json\/wp\/v2\/media\/49321"}],"wp:attachment":[{"href":"https:\/\/urbex.direct\/pt\/wp-json\/wp\/v2\/media?parent=49317"}],"wp:term":[{"taxonomy":"product_brand","embeddable":true,"href":"https:\/\/urbex.direct\/pt\/wp-json\/wp\/v2\/product_brand?post=49317"},{"taxonomy":"product_cat","embeddable":true,"href":"https:\/\/urbex.direct\/pt\/wp-json\/wp\/v2\/product_cat?post=49317"},{"taxonomy":"product_tag","embeddable":true,"href":"https:\/\/urbex.direct\/pt\/wp-json\/wp\/v2\/product_tag?post=49317"}],"curies":[{"name":"wp","href":"https:\/\/api.w.org\/{rel}","templated":true}]}}