{"id":49182,"date":"2023-10-02T16:39:20","date_gmt":"2023-10-02T15:39:20","guid":{"rendered":"https:\/\/urbex.direct\/?post_type=product&#038;p=49182"},"modified":"2024-06-20T08:39:29","modified_gmt":"2024-06-20T07:39:29","slug":"mapa-de-localizacao-loire-42-franca","status":"publish","type":"product","link":"https:\/\/urbex.direct\/pt\/product\/location-map-loire-42-france\/","title":{"rendered":"Urbex Map Fran\u00e7a, Auvergne-Rh\u00f4ne-Alps: Loire (42) (1 ano de acesso)"},"content":{"rendered":"<p>Este mapa cont\u00e9m as seguintes localiza\u00e7\u00f5es:<\/p>\n<ul><li>Ch\u00e2teau Versa Pique<\/li><li>Termas Bleus<\/li><li>Castelo das F\u00e1bulas<\/li><li>Usine du Sable<\/li><li>Hopital du Cheval<\/li><li>Maison de la Mine<\/li><li>Maison Papy &amp; Mamie<\/li><li>Aldeia de f\u00e9rias<\/li><li>Maison Vignoble<\/li><li>Maison Croix de Guerre<\/li><li>Casa de campo<\/li><li>Castelo de verdura<\/li><li>A Barragem \/ Le colosse d\u00e9chu<\/li><li>Usine Abasourdix<\/li><\/ul>","protected":false},"excerpt":{"rendered":"<p>Este mapa urbex fornece-lhe todos os locais de explora\u00e7\u00e3o urbana (urbex) em<strong> Fran\u00e7a, Auvergne-Rh\u00f4ne-Alps, Loire (42).<\/strong> Este mapa de lugares perdidos permanecer\u00e1 atualizado e acess\u00edvel durante, pelo menos, 365 dias ap\u00f3s a compra.<\/p>\n<p>Este mapa cont\u00e9m atualmente 14 dos locais de explora\u00e7\u00e3o urbana mais singulares de Fran\u00e7a, Auvergne-Rh\u00f4ne-Alps: Loire (42) e \u00e9 acess\u00edvel a partir de qualquer lugar com o nosso mapa f\u00e1cil de utilizar<strong>.<\/strong><\/p>\n<p><strong>Se j\u00e1 tem este pacote, pode aceder-lhe atrav\u00e9s de <a href=\"\/pt\/a-minha-conta\/area-de-membros\/43905\/o-meu-conteudo-de-membro\/\">Os meus mapas &gt; Ver.<\/a><\/strong><\/p>\n<p><a href=\"#tab-description\">Lista de todas as localiza\u00e7\u00f5es Urbex neste mapa.<\/a><\/p>","protected":false},"featured_media":49183,"template":"","meta":[],"product_brand":[],"product_cat":[227,226,322,1008,1336,1135],"product_tag":[],"class_list":{"0":"post-49182","1":"product","2":"type-product","3":"status-publish","4":"has-post-thumbnail","6":"product_cat-auvergne-rhone-alps","7":"product_cat-france","8":"product_cat-location-packs","9":"product_cat-loire-42","10":"product_cat-maps-auvergne-rhone-alps","11":"product_cat-maps-france","13":"first","14":"instock","15":"virtual","16":"taxable","17":"purchasable","18":"product-type-simple"},"jetpack_sharing_enabled":true,"_links":{"self":[{"href":"https:\/\/urbex.direct\/pt\/wp-json\/wp\/v2\/product\/49182","targetHints":{"allow":["GET"]}}],"collection":[{"href":"https:\/\/urbex.direct\/pt\/wp-json\/wp\/v2\/product"}],"about":[{"href":"https:\/\/urbex.direct\/pt\/wp-json\/wp\/v2\/types\/product"}],"wp:featuredmedia":[{"embeddable":true,"href":"https:\/\/urbex.direct\/pt\/wp-json\/wp\/v2\/media\/49183"}],"wp:attachment":[{"href":"https:\/\/urbex.direct\/pt\/wp-json\/wp\/v2\/media?parent=49182"}],"wp:term":[{"taxonomy":"product_brand","embeddable":true,"href":"https:\/\/urbex.direct\/pt\/wp-json\/wp\/v2\/product_brand?post=49182"},{"taxonomy":"product_cat","embeddable":true,"href":"https:\/\/urbex.direct\/pt\/wp-json\/wp\/v2\/product_cat?post=49182"},{"taxonomy":"product_tag","embeddable":true,"href":"https:\/\/urbex.direct\/pt\/wp-json\/wp\/v2\/product_tag?post=49182"}],"curies":[{"name":"wp","href":"https:\/\/api.w.org\/{rel}","templated":true}]}}