{"id":48859,"date":"2023-09-21T09:15:13","date_gmt":"2023-09-21T08:15:13","guid":{"rendered":"https:\/\/urbex.direct\/?post_type=product&#038;p=48859"},"modified":"2024-06-20T08:56:50","modified_gmt":"2024-06-20T07:56:50","slug":"location-map-haute-garonne-31-france","status":"publish","type":"product","link":"https:\/\/urbex.direct\/pt\/product\/location-map-haute-garonne-31-france\/","title":{"rendered":"Urbex Map France, Occitanie: Haute-Garonne (31) (1 ano de acesso)"},"content":{"rendered":"<p>Este mapa cont\u00e9m as seguintes localiza\u00e7\u00f5es:<\/p>\n<ul><li>A casa do sal<\/li><li>Maison B<\/li><li>Garagem OH MY G<\/li><li>Ch\u00e2teau Marguerite \/ Ch\u00e2teau Joachim Toro<\/li><li>Clinique Wisteria Hos<\/li><li>Usine Hirondelles<\/li><li>A Serra do Cirurgi\u00e3o<\/li><li>Ch\u00e2teau du Colonel<\/li><li>Hospital do Castelo<\/li><li>Ch\u00e2teau Voiture<\/li><li>Usine Plus<\/li><li>Manoir du Sud<\/li><li>Bateau Pirate \/ Restaurante Le Bateau<\/li><li>Casa das Cobras<\/li><li>Maison G<\/li><li>O castelo das fen\u00eatres condenadas<\/li><li>Autom\u00f3veis antigos<\/li><li>Hotel des Soeurs Papins<\/li><li>Usine de Bruss<\/li><li>L'orphelinat Color\u00e9 \/ O orfanato colorido<\/li><li>Casa do ca\u00e7ador \/ Maison des Chasseurs<\/li><li>Chal\u00e9 CLF \/ O Chal\u00e9 do Bi\u00f3logo<\/li><li>Manoir du capitaliste<\/li><li>Casino de la Montagne<\/li><li>Velho e bem rodado<\/li><li>Maison Astro<\/li><li>Maison Autoroute<\/li><li>Casa do Rei<\/li><li>Casa enfeiti\u00e7ada<\/li><li>Ornitorrinco<\/li><li>Maison Lofi<\/li><li>Maison TB<\/li><li>O bar<\/li><li>Maison Mari<\/li><li>Casa da ciranda<\/li><li>Maison Deglingo<\/li><li>Rua do Pr\u00edncipe<\/li><li>O velho Moulin<\/li><li>O grelhador abandonado<\/li><li>Hangar antigo<\/li><li>Utiliza\u00e7\u00e3o de cadeiras<\/li><li>Utiliza\u00e7\u00e3o de Libras<\/li><li>Colapso da casa<\/li><\/ul>","protected":false},"excerpt":{"rendered":"<p>Este mapa urbex fornece-lhe todos os locais de explora\u00e7\u00e3o urbana (urbex) em<strong> Fran\u00e7a, <\/strong><strong>Occit\u00e2nia<\/strong><strong>: Haute-Garonne (31).<\/strong> Este mapa de lugares perdidos permanecer\u00e1 atualizado e acess\u00edvel durante, pelo menos, 365 dias ap\u00f3s a compra.<\/p>\n<p>This map has currently 43 of the most unique urban exploring locations in France, Occitanie: Haute-Garonne (31) and is accessible from anywhere with our easy to use map<strong>.<\/strong><\/p>\n<p><strong>Se j\u00e1 tem este pacote, pode aceder-lhe atrav\u00e9s de <a href=\"\/pt\/a-minha-conta\/area-de-membros\/43905\/o-meu-conteudo-de-membro\/\">Os meus mapas &gt; Ver.<\/a><\/strong><\/p>\n<p><a href=\"#tab-description\">Lista de todas as localiza\u00e7\u00f5es Urbex neste mapa.<\/a><\/p>","protected":false},"featured_media":49134,"template":"","meta":[],"product_brand":[],"product_cat":[226,1092,322,1135,1346,236],"product_tag":[],"class_list":{"0":"post-48859","1":"product","2":"type-product","3":"status-publish","4":"has-post-thumbnail","6":"product_cat-france","7":"product_cat-haute-garonne-31","8":"product_cat-location-packs","9":"product_cat-maps-france","10":"product_cat-maps-occitanie","11":"product_cat-occitanie","13":"first","14":"instock","15":"virtual","16":"taxable","17":"purchasable","18":"product-type-simple"},"jetpack_sharing_enabled":true,"_links":{"self":[{"href":"https:\/\/urbex.direct\/pt\/wp-json\/wp\/v2\/product\/48859","targetHints":{"allow":["GET"]}}],"collection":[{"href":"https:\/\/urbex.direct\/pt\/wp-json\/wp\/v2\/product"}],"about":[{"href":"https:\/\/urbex.direct\/pt\/wp-json\/wp\/v2\/types\/product"}],"wp:featuredmedia":[{"embeddable":true,"href":"https:\/\/urbex.direct\/pt\/wp-json\/wp\/v2\/media\/49134"}],"wp:attachment":[{"href":"https:\/\/urbex.direct\/pt\/wp-json\/wp\/v2\/media?parent=48859"}],"wp:term":[{"taxonomy":"product_brand","embeddable":true,"href":"https:\/\/urbex.direct\/pt\/wp-json\/wp\/v2\/product_brand?post=48859"},{"taxonomy":"product_cat","embeddable":true,"href":"https:\/\/urbex.direct\/pt\/wp-json\/wp\/v2\/product_cat?post=48859"},{"taxonomy":"product_tag","embeddable":true,"href":"https:\/\/urbex.direct\/pt\/wp-json\/wp\/v2\/product_tag?post=48859"}],"curies":[{"name":"wp","href":"https:\/\/api.w.org\/{rel}","templated":true}]}}