{"id":48857,"date":"2023-09-21T09:14:06","date_gmt":"2023-09-21T08:14:06","guid":{"rendered":"https:\/\/urbex.direct\/?post_type=product&#038;p=48857"},"modified":"2024-06-20T08:59:59","modified_gmt":"2024-06-20T07:59:59","slug":"mapa-de-localizacao-pirineus-atlanticos-64-franca","status":"publish","type":"product","link":"https:\/\/urbex.direct\/pt\/product\/location-map-pyrenees-atlantiques-64-france\/","title":{"rendered":"Urbex Map France, Nouvelle-Aquitaine: Pyr\u00e9n\u00e9es-Atlantiques (64) (1 ano de acesso)"},"content":{"rendered":"<p>Este mapa cont\u00e9m as seguintes localiza\u00e7\u00f5es:<\/p>\n<ul><li>Ch\u00e2teau Bijoux<\/li><li>Hotel d'Angleterre<\/li><li>Usine L\u00e9on<\/li><li>Ch\u00e2teau Affranchis \/ Chateau Aristo \/ Chateau Mirador<\/li><li>Chateau NP<\/li><li>Hotel dos Pr\u00edncipes<\/li><li>Ch\u00e2teau Matti Haapoja<\/li><li>Sanat\u00f3rio Thierry Paulin<\/li><li>Maison Rouge<\/li><li>Bo\u00eete de Nuit Jalousie<\/li><li>Ch\u00e2teau du mage blanc<\/li><li>La Belle Maison<\/li><li>Maison Plague<\/li><li>Casa invis\u00edvel<\/li><li>Villa Winsti<\/li><li>Maison Les Flots<\/li><li>Ferme Fifi<\/li><li>Maison Pissenlit<\/li><li>Casa 7 jumelos<\/li><li>Cl\u00ednica Beaulieu<\/li><\/ul>","protected":false},"excerpt":{"rendered":"<p>Este mapa urbex fornece-lhe todos os locais de explora\u00e7\u00e3o urbana (urbex) em<strong> Fran\u00e7a, Nova Aquit\u00e2nia: Pyr\u00e9n\u00e9es-Atlantiques (64).<\/strong> Este mapa de lugares perdidos permanecer\u00e1 atualizado e acess\u00edvel durante, pelo menos, 365 dias ap\u00f3s a compra.<\/p>\n<p>Este mapa tem atualmente 20 dos locais de explora\u00e7\u00e3o urbana mais exclusivos em Fran\u00e7a, Nouvelle-Aquitaine: Pyr\u00e9n\u00e9es-Atlantiques (64) e \u00e9 acess\u00edvel a partir de qualquer lugar com o nosso mapa f\u00e1cil de utilizar<strong>.<\/strong><\/p>\n<p><strong>Se j\u00e1 tem este pacote, pode aceder-lhe atrav\u00e9s de <a href=\"\/pt\/a-minha-conta\/area-de-membros\/43905\/o-meu-conteudo-de-membro\/\">Os meus mapas &gt; Ver.<\/a><\/strong><\/p>\n<p><a href=\"#tab-description\">Lista de todas as localiza\u00e7\u00f5es Urbex neste mapa.<\/a><\/p>","protected":false},"featured_media":49140,"template":"","meta":[],"product_brand":[],"product_cat":[226,322,1135,1349,235,1077],"product_tag":[],"class_list":{"0":"post-48857","1":"product","2":"type-product","3":"status-publish","4":"has-post-thumbnail","6":"product_cat-france","7":"product_cat-location-packs","8":"product_cat-maps-france","9":"product_cat-maps-nouvelle-aquitaine","10":"product_cat-nouvelle-aquitaine","11":"product_cat-pyrenees-atlantiques-64","13":"first","14":"instock","15":"virtual","16":"taxable","17":"purchasable","18":"product-type-simple"},"jetpack_sharing_enabled":true,"_links":{"self":[{"href":"https:\/\/urbex.direct\/pt\/wp-json\/wp\/v2\/product\/48857","targetHints":{"allow":["GET"]}}],"collection":[{"href":"https:\/\/urbex.direct\/pt\/wp-json\/wp\/v2\/product"}],"about":[{"href":"https:\/\/urbex.direct\/pt\/wp-json\/wp\/v2\/types\/product"}],"wp:featuredmedia":[{"embeddable":true,"href":"https:\/\/urbex.direct\/pt\/wp-json\/wp\/v2\/media\/49140"}],"wp:attachment":[{"href":"https:\/\/urbex.direct\/pt\/wp-json\/wp\/v2\/media?parent=48857"}],"wp:term":[{"taxonomy":"product_brand","embeddable":true,"href":"https:\/\/urbex.direct\/pt\/wp-json\/wp\/v2\/product_brand?post=48857"},{"taxonomy":"product_cat","embeddable":true,"href":"https:\/\/urbex.direct\/pt\/wp-json\/wp\/v2\/product_cat?post=48857"},{"taxonomy":"product_tag","embeddable":true,"href":"https:\/\/urbex.direct\/pt\/wp-json\/wp\/v2\/product_tag?post=48857"}],"curies":[{"name":"wp","href":"https:\/\/api.w.org\/{rel}","templated":true}]}}