{"id":48854,"date":"2023-09-21T09:10:39","date_gmt":"2023-09-21T08:10:39","guid":{"rendered":"https:\/\/urbex.direct\/?post_type=product&#038;p=48854"},"modified":"2024-06-20T08:55:58","modified_gmt":"2024-06-20T07:55:58","slug":"mapa-de-localizacao-seine-maritime-76-franca","status":"publish","type":"product","link":"https:\/\/urbex.direct\/pt\/product\/location-map-seine-maritime-76-france\/","title":{"rendered":"Urbex Map Fran\u00e7a, Normandia: Seine-Maritime (76) (1 ano de acesso)"},"content":{"rendered":"<p>Este mapa cont\u00e9m as seguintes localiza\u00e7\u00f5es:<\/p>\n<ul><li>Usine Gyblanc<\/li><li>Maison Maresco<\/li><li>Piscina Tournesol 7<\/li><li>Cimeti\u00e8re de Trains R<\/li><li>Chai \u00e0 Vin<\/li><li>Castelo Feerie<\/li><li>Manoir Nightmare<\/li><li>Ch\u00e2teau de l'emmur\u00e9 \/ Ch\u00e2teau des Ducs<\/li><li>Perdido Sporthall<\/li><li>Usine Diep<\/li><li>Usine Blang<\/li><li>Villa Morisque \/ Manoir Atlas<\/li><li>Casa do crente<\/li><li>Casa da t\u00eate br\u00fbl\u00e9e<\/li><li>Imprensa do vinhedo<\/li><li>Maison Rase<\/li><li>Casa da Pradaria<\/li><li>Ch\u00e2teau d&#039;Antiville<\/li><li>O velho atelier<\/li><li>Maison bout du monde<\/li><li>Maison Mitoyenne<\/li><li>Viaduto Fantasma<\/li><\/ul>","protected":false},"excerpt":{"rendered":"<p>Este mapa urbex fornece-lhe todos os locais de explora\u00e7\u00e3o urbana (urbex) em<strong> Fran\u00e7a, <\/strong><strong>Normandia<\/strong><strong>: Seine-Maritime (76).<\/strong> Este mapa de lugares perdidos permanecer\u00e1 atualizado e acess\u00edvel durante, pelo menos, 365 dias ap\u00f3s a compra.<\/p>\n<p>Este mapa tem atualmente 22 dos locais de explora\u00e7\u00e3o urbana mais exclusivos em Fran\u00e7a, Normandia: Seine-Maritime (76) e \u00e9 acess\u00edvel a partir de qualquer lugar com o nosso mapa f\u00e1cil de utilizar<strong>.<\/strong><\/p>\n<p><strong>Se j\u00e1 tem este pacote, pode aceder-lhe atrav\u00e9s de <a href=\"\/pt\/a-minha-conta\/area-de-membros\/43905\/o-meu-conteudo-de-membro\/\">Os meus mapas &gt; Ver.<\/a><\/strong><\/p>\n<p><a href=\"#tab-description\">Lista de todas as localiza\u00e7\u00f5es Urbex neste mapa.<\/a><\/p>","protected":false},"featured_media":49137,"template":"","meta":[],"product_brand":[],"product_cat":[226,322,1135,1344,234,1072],"product_tag":[],"class_list":{"0":"post-48854","1":"product","2":"type-product","3":"status-publish","4":"has-post-thumbnail","6":"product_cat-france","7":"product_cat-location-packs","8":"product_cat-maps-france","9":"product_cat-maps-normandie","10":"product_cat-normandie","11":"product_cat-seine-maritime-76","13":"first","14":"instock","15":"virtual","16":"taxable","17":"purchasable","18":"product-type-simple"},"jetpack_sharing_enabled":true,"_links":{"self":[{"href":"https:\/\/urbex.direct\/pt\/wp-json\/wp\/v2\/product\/48854","targetHints":{"allow":["GET"]}}],"collection":[{"href":"https:\/\/urbex.direct\/pt\/wp-json\/wp\/v2\/product"}],"about":[{"href":"https:\/\/urbex.direct\/pt\/wp-json\/wp\/v2\/types\/product"}],"wp:featuredmedia":[{"embeddable":true,"href":"https:\/\/urbex.direct\/pt\/wp-json\/wp\/v2\/media\/49137"}],"wp:attachment":[{"href":"https:\/\/urbex.direct\/pt\/wp-json\/wp\/v2\/media?parent=48854"}],"wp:term":[{"taxonomy":"product_brand","embeddable":true,"href":"https:\/\/urbex.direct\/pt\/wp-json\/wp\/v2\/product_brand?post=48854"},{"taxonomy":"product_cat","embeddable":true,"href":"https:\/\/urbex.direct\/pt\/wp-json\/wp\/v2\/product_cat?post=48854"},{"taxonomy":"product_tag","embeddable":true,"href":"https:\/\/urbex.direct\/pt\/wp-json\/wp\/v2\/product_tag?post=48854"}],"curies":[{"name":"wp","href":"https:\/\/api.w.org\/{rel}","templated":true}]}}