{"id":48850,"date":"2023-09-21T09:08:13","date_gmt":"2023-09-21T08:08:13","guid":{"rendered":"https:\/\/urbex.direct\/?post_type=product&#038;p=48850"},"modified":"2024-06-20T08:53:18","modified_gmt":"2024-06-20T07:53:18","slug":"mapa-de-localizacao-essonne-91-franca","status":"publish","type":"product","link":"https:\/\/urbex.direct\/pt\/product\/location-map-essonne-91-france\/","title":{"rendered":"Urbex Map Fran\u00e7a, \u00cele-de-France: Essonne (91) (1 ano de acesso)"},"content":{"rendered":"<div class=\"ql-block\" data-block-id=\"block-a01928d9-6766-401c-b88c-53e7fc62ff67\">Este mapa cont\u00e9m as seguintes localiza\u00e7\u00f5es:<\/div>\n<div data-block-id=\"block-a01928d9-6766-401c-b88c-53e7fc62ff67\"><\/div>\n<div class=\"ql-block\" data-block-id=\"block-95c59a9f-caf1-489c-8f6a-b5d531e2b0fa\"><ul><li>Maison Norman<\/li><li>Esta\u00e7\u00e3o de Pompage<\/li><li>Gabinetes de Apoio \u00e0s Liberdades<\/li><li>Usine JK<\/li><li>Hopital CB<\/li><li>Maxi morgue<\/li><li>HippoDr\u00f4me<\/li><li>Maison Alphonse Daudet<\/li><li>Casa H\u00e9l\u00e8ne<\/li><li>Chateau Barbusse<\/li><li>Ch\u00e2teau du Chat Mort<\/li><li>Gare Atrigo \/ Gare Wissous<\/li><li>Piscina abandonada<\/li><li>Matadouro<\/li><li>Grelhador perdido<\/li><li>Centro d&#039;artista<\/li><li>Circo V \/ Escola de Circo<\/li><li>Manoir Trois Colonnes<\/li><li>Ch\u00e2teau Foss\u00e9<\/li><li>Chateau \u00e0 L&#039;horloge<\/li><li>Castelo de Hitler<\/li><li>Zoo do General<\/li><li>Orphelinat Futuro<\/li><li>Moradia Barby<\/li><li>Grupos de francos<\/li><li>Casas de campo<\/li><li>Villa voisine<\/li><li>Sistema Usine X<\/li><li>Villa Ongaria<\/li><li>Mosteiro do Moinho<\/li><li>Morgue Dead \/ Morgue Braindead \/ Morgue mort c\u00e9r\u00e9brale<\/li><li>Ch\u00e2teau Malfrat \/ Ch\u00e2teau au buste rouge<\/li><li>Centro a\u00e9r\u00e9<\/li><li>Moradia de controlo<\/li><li>Inf\u00e2ncia de GIF<\/li><li>Maison des marais<\/li><li>Manoir Casanova<\/li><li>Pequeno Pavilh\u00e3o<\/li><li>Maison Champion<\/li><li>\u00c9paves de bateaux fluviaux<\/li><li>Gare Perdue ES<\/li><\/ul><\/div>","protected":false},"excerpt":{"rendered":"<p>Este mapa urbex fornece-lhe todos os locais de explora\u00e7\u00e3o urbana (urbex) em<strong> Fran\u00e7a, <\/strong><strong>\u00cele-de-France<\/strong><strong>: Essonne (91).<\/strong> Este mapa de lugares perdidos permanecer\u00e1 atualizado e acess\u00edvel durante, pelo menos, 365 dias ap\u00f3s a compra.<\/p>\n<p>Este mapa tem atualmente 41 dos locais de explora\u00e7\u00e3o urbana mais exclusivos em Fran\u00e7a, \u00cele-de-France: Essonne (91) e \u00e9 acess\u00edvel a partir de qualquer lugar com o nosso mapa f\u00e1cil de utilizar<strong>.<\/strong><\/p>\n<p><strong>Se j\u00e1 tem este pacote, pode aceder-lhe atrav\u00e9s de <a href=\"\/pt\/a-minha-conta\/area-de-membros\/43905\/o-meu-conteudo-de-membro\/\">Os meus mapas &gt; Ver.<\/a><\/strong><\/p>\n<p><a href=\"#tab-description\">Lista de todas as localiza\u00e7\u00f5es Urbex neste mapa.<\/a><\/p>","protected":false},"featured_media":49147,"template":"","meta":[],"product_brand":[],"product_cat":[1061,226,233,322,1135,1343],"product_tag":[],"class_list":{"0":"post-48850","1":"product","2":"type-product","3":"status-publish","4":"has-post-thumbnail","6":"product_cat-essonne-91","7":"product_cat-france","8":"product_cat-ile-de-france","9":"product_cat-location-packs","10":"product_cat-maps-france","11":"product_cat-maps-ile-de-france","13":"first","14":"instock","15":"virtual","16":"taxable","17":"purchasable","18":"product-type-simple"},"jetpack_sharing_enabled":true,"_links":{"self":[{"href":"https:\/\/urbex.direct\/pt\/wp-json\/wp\/v2\/product\/48850","targetHints":{"allow":["GET"]}}],"collection":[{"href":"https:\/\/urbex.direct\/pt\/wp-json\/wp\/v2\/product"}],"about":[{"href":"https:\/\/urbex.direct\/pt\/wp-json\/wp\/v2\/types\/product"}],"wp:featuredmedia":[{"embeddable":true,"href":"https:\/\/urbex.direct\/pt\/wp-json\/wp\/v2\/media\/49147"}],"wp:attachment":[{"href":"https:\/\/urbex.direct\/pt\/wp-json\/wp\/v2\/media?parent=48850"}],"wp:term":[{"taxonomy":"product_brand","embeddable":true,"href":"https:\/\/urbex.direct\/pt\/wp-json\/wp\/v2\/product_brand?post=48850"},{"taxonomy":"product_cat","embeddable":true,"href":"https:\/\/urbex.direct\/pt\/wp-json\/wp\/v2\/product_cat?post=48850"},{"taxonomy":"product_tag","embeddable":true,"href":"https:\/\/urbex.direct\/pt\/wp-json\/wp\/v2\/product_tag?post=48850"}],"curies":[{"name":"wp","href":"https:\/\/api.w.org\/{rel}","templated":true}]}}