{"id":48846,"date":"2023-09-21T08:57:50","date_gmt":"2023-09-21T07:57:50","guid":{"rendered":"https:\/\/urbex.direct\/?post_type=product&#038;p=48846"},"modified":"2024-06-20T08:51:51","modified_gmt":"2024-06-20T07:51:51","slug":"mapa-de-localizacao-nord-59-france","status":"publish","type":"product","link":"https:\/\/urbex.direct\/pt\/product\/location-map-nord-59-france\/","title":{"rendered":"Urbex Map France, Hauts-de-France: Nord (59) (1 ano de acesso)"},"content":{"rendered":"<p>Este mapa cont\u00e9m as seguintes localiza\u00e7\u00f5es:<\/p>\n<ul><li>Manoir 1800<\/li><li>Maison Queue de Faisan<\/li><li>Uso tropical<\/li><li>F\u00e1brica de patos<\/li><li>Moradia Alphonse<\/li><li>Usina de Bi\u00e8res<\/li><li>Maison Leko<\/li><li>Utiliza\u00e7\u00e3o de 1932<\/li><li>El\u00e9phant de la m\u00e9moire \/ Elefante perdido<\/li><li>Usine Standart S A<\/li><li>Cl\u00ednica da Maternidade<\/li><li>Capela La Barbe \/ Capela da Barba<\/li><li>P\u00e1tio de tijolos fumados<\/li><li>Chateau de l&#039;Empire \/ Castelo do General Vandamme<\/li><li>Manoir Porsche<\/li><li>Ferme Aux Obus \/ Ferme Quality Street<\/li><li>Hospital G<\/li><li>Crucifixo Ferme<\/li><li>Cervejaria C<\/li><li>Plano Azul 2.0<\/li><li>Silo de discoteca<\/li><li>Usine Camus<\/li><li>Maison Horizon<\/li><li>Maison Meunier<\/li><li>Ch\u00e2teau Frakacet<\/li><li>Maison Calmette<\/li><li>Cemit\u00e9rio de comboios \/ Trains d'un autre monde<\/li><li>Igreja da desola\u00e7\u00e3o<\/li><li>Discoteca antiga<\/li><li>Maison Mickey<\/li><li>Maison FlipFlop<\/li><li>Casa de f\u00e9rias<\/li><li>Entreposto na floresta<\/li><li>Maison Fleury<\/li><li>Maison Gestapo<\/li><li>Maison Volt<\/li><li>A antiga f\u00e1brica de comboios<\/li><li>Manoir Bourgeois<\/li><li>Ferme Nationale<\/li><li>Maison Salva<\/li><li>Casa dos caminhos-de-ferro<\/li><li>Casa com problemas de constru\u00e7\u00e3o<\/li><li>Castelo de Douaniers<\/li><li>Forte M<\/li><li>Forte M 2<\/li><li>Forte M 3<\/li><li>Forte M 4<\/li><li>Centro de Cultura<\/li><li>Garagem Fina<\/li><li>Maison du P\u00eacheur<\/li><li>Piscina Tournesol 4<\/li><li>Centrale H<\/li><li>Casa de banho<\/li><li>Maison no meio<\/li><li>Bowling no espa\u00e7o<\/li><li>Maison Cloch<\/li><li>Casa de fer<\/li><li>Entreposto desabitado<\/li><li>A casa de sonho branca<\/li><li>Maison Watchtower<\/li><li>Casas tortas<\/li><li>Ataque do tit\u00e3<\/li><li>Casa figurada no tempo<\/li><\/ul>","protected":false},"excerpt":{"rendered":"<p>Este mapa urbex fornece-lhe todos os locais de explora\u00e7\u00e3o urbana (urbex) em<strong> Fran\u00e7a, <\/strong><strong>Hauts-de-France<\/strong><strong>: Nord (59).<\/strong> Este mapa de lugares perdidos permanecer\u00e1 atualizado e acess\u00edvel durante, pelo menos, 365 dias ap\u00f3s a compra.<\/p>\n<p>This map has currently 63 of the most unique urban exploring locations in France, Hauts-de-France: Nord (59) and is accessible from anywhere with our easy to use map<strong>.<\/strong><\/p>\n<p><strong>Se j\u00e1 tem este pacote, pode aceder-lhe atrav\u00e9s de <a href=\"\/pt\/a-minha-conta\/area-de-membros\/43905\/o-meu-conteudo-de-membro\/\">Os meus mapas &gt; Ver.<\/a><\/strong><\/p>\n<p><a href=\"#tab-description\">Lista de todas as localiza\u00e7\u00f5es Urbex neste mapa.<\/a><\/p>","protected":false},"featured_media":49067,"template":"","meta":[],"product_brand":[],"product_cat":[226,232,322,1135,1342,1053],"product_tag":[],"class_list":{"0":"post-48846","1":"product","2":"type-product","3":"status-publish","4":"has-post-thumbnail","6":"product_cat-france","7":"product_cat-hauts-de-france","8":"product_cat-location-packs","9":"product_cat-maps-france","10":"product_cat-maps-hauts-de-france","11":"product_cat-nord-59","13":"first","14":"instock","15":"virtual","16":"taxable","17":"purchasable","18":"product-type-simple"},"jetpack_sharing_enabled":true,"_links":{"self":[{"href":"https:\/\/urbex.direct\/pt\/wp-json\/wp\/v2\/product\/48846","targetHints":{"allow":["GET"]}}],"collection":[{"href":"https:\/\/urbex.direct\/pt\/wp-json\/wp\/v2\/product"}],"about":[{"href":"https:\/\/urbex.direct\/pt\/wp-json\/wp\/v2\/types\/product"}],"wp:featuredmedia":[{"embeddable":true,"href":"https:\/\/urbex.direct\/pt\/wp-json\/wp\/v2\/media\/49067"}],"wp:attachment":[{"href":"https:\/\/urbex.direct\/pt\/wp-json\/wp\/v2\/media?parent=48846"}],"wp:term":[{"taxonomy":"product_brand","embeddable":true,"href":"https:\/\/urbex.direct\/pt\/wp-json\/wp\/v2\/product_brand?post=48846"},{"taxonomy":"product_cat","embeddable":true,"href":"https:\/\/urbex.direct\/pt\/wp-json\/wp\/v2\/product_cat?post=48846"},{"taxonomy":"product_tag","embeddable":true,"href":"https:\/\/urbex.direct\/pt\/wp-json\/wp\/v2\/product_tag?post=48846"}],"curies":[{"name":"wp","href":"https:\/\/api.w.org\/{rel}","templated":true}]}}