{"id":48844,"date":"2023-09-21T08:56:25","date_gmt":"2023-09-21T07:56:25","guid":{"rendered":"https:\/\/urbex.direct\/?post_type=product&#038;p=48844"},"modified":"2024-06-20T08:48:30","modified_gmt":"2024-06-20T07:48:30","slug":"mapa-de-localizacao-vosges-88-franca","status":"publish","type":"product","link":"https:\/\/urbex.direct\/pt\/product\/location-map-vosges-88-france\/","title":{"rendered":"Urbex Map Fran\u00e7a, Grand Est: Vosges (88) (1 ano de acesso)"},"content":{"rendered":"<p>Este mapa cont\u00e9m as seguintes localiza\u00e7\u00f5es:<\/p>\n<ul><li>Vila Larue<\/li><li>Maison Durand<\/li><li>Ch\u00e2teau du D\u00e9m\u00e9nageur<\/li><li>Ch\u00e2teau des Fraises<\/li><li>Maison Jean-Marie<\/li><li>Maison Satanique<\/li><li>Matadouros<\/li><li>Villa Am\u00e9lie<\/li><li>Usine Blanchiment<\/li><li>Ch\u00e2teau de la Marquise de Brinvilliers<\/li><li>Casa de vag\u00f5es<\/li><li>Maison 72<\/li><li>Hotel Weidman<\/li><li>Ch\u00e2teau Muet<\/li><li>Filatura D\u00e9meusur\u00e9e<\/li><li>Hotel William Bonin<\/li><li>Hotel Vasili Komaroff<\/li><li>Manoir La Vache<\/li><li>Capela B \/ Capela dos Loups<\/li><li>Ci\u00eancia abandonada<\/li><li>Casa intacta<\/li><li>Maison Vroom<\/li><li>Maison du Gutty<\/li><li>Maison Tisseuse<\/li><li>Le caf\u00e9 73 \/ Bistrot 1973<\/li><li>Casa do Pai Natal<\/li><\/ul>","protected":false},"excerpt":{"rendered":"<p>Este mapa urbex fornece-lhe todos os locais de explora\u00e7\u00e3o urbana (urbex) em<strong> Fran\u00e7a, <\/strong><strong>Grande Est<\/strong><strong>: Vosges (88).<\/strong> Este mapa de lugares perdidos permanecer\u00e1 atualizado e acess\u00edvel durante, pelo menos, 365 dias ap\u00f3s a compra.<\/p>\n<p>This map has currently 26 of the most unique urban exploring locations in France, Grand Est: Vosges (88) and is accessible from anywhere with our easy to use map<strong>.<\/strong><\/p>\n<p><strong>Se j\u00e1 tem este pacote, pode aceder-lhe atrav\u00e9s de <a href=\"\/pt\/a-minha-conta\/area-de-membros\/43905\/o-meu-conteudo-de-membro\/\">Os meus mapas &gt; Ver.<\/a><\/strong><\/p>","protected":false},"featured_media":49151,"template":"","meta":[],"product_brand":[],"product_cat":[226,231,322,1135,1341,1052],"product_tag":[],"class_list":{"0":"post-48844","1":"product","2":"type-product","3":"status-publish","4":"has-post-thumbnail","6":"product_cat-france","7":"product_cat-grand-est","8":"product_cat-location-packs","9":"product_cat-maps-france","10":"product_cat-maps-grand-est","11":"product_cat-vosges-88","13":"first","14":"instock","15":"virtual","16":"taxable","17":"purchasable","18":"product-type-simple"},"jetpack_sharing_enabled":true,"_links":{"self":[{"href":"https:\/\/urbex.direct\/pt\/wp-json\/wp\/v2\/product\/48844","targetHints":{"allow":["GET"]}}],"collection":[{"href":"https:\/\/urbex.direct\/pt\/wp-json\/wp\/v2\/product"}],"about":[{"href":"https:\/\/urbex.direct\/pt\/wp-json\/wp\/v2\/types\/product"}],"wp:featuredmedia":[{"embeddable":true,"href":"https:\/\/urbex.direct\/pt\/wp-json\/wp\/v2\/media\/49151"}],"wp:attachment":[{"href":"https:\/\/urbex.direct\/pt\/wp-json\/wp\/v2\/media?parent=48844"}],"wp:term":[{"taxonomy":"product_brand","embeddable":true,"href":"https:\/\/urbex.direct\/pt\/wp-json\/wp\/v2\/product_brand?post=48844"},{"taxonomy":"product_cat","embeddable":true,"href":"https:\/\/urbex.direct\/pt\/wp-json\/wp\/v2\/product_cat?post=48844"},{"taxonomy":"product_tag","embeddable":true,"href":"https:\/\/urbex.direct\/pt\/wp-json\/wp\/v2\/product_tag?post=48844"}],"curies":[{"name":"wp","href":"https:\/\/api.w.org\/{rel}","templated":true}]}}