{"id":48843,"date":"2023-09-21T08:53:22","date_gmt":"2023-09-21T07:53:22","guid":{"rendered":"https:\/\/urbex.direct\/?post_type=product&#038;p=48843"},"modified":"2024-06-20T08:48:10","modified_gmt":"2024-06-20T07:48:10","slug":"mapa-de-localizacao-moselle-57-franca","status":"publish","type":"product","link":"https:\/\/urbex.direct\/pt\/product\/location-map-moselle-57-france\/","title":{"rendered":"Urbex Map Fran\u00e7a, Grand Est: Moselle (57) (1 ano de acesso)"},"content":{"rendered":"<p>Este mapa cont\u00e9m as seguintes localiza\u00e7\u00f5es:<\/p>\n<ul><li>Bunker V<\/li><li>Bunker K<\/li><li>Trabalhos El\u00e9ctricos<\/li><li>Trabalhos de alien\u00edgenas<\/li><li>Caserne d&#039; Ange<\/li><li>Maginotbunker Gros Ouvrage de Rochonvillers<\/li><li>HFX<\/li><li>Fortaleza de Guerra<\/li><li>Campo da Morte<\/li><li>U Verlagerung Saar<\/li><li>Puits Simon<\/li><li>Ferme Edouard<\/li><li>Maison du Passionn\u00e9<\/li><li>Mina dos Grimpeurs<\/li><li>Casino Royale<\/li><li>Gare de Stroff<\/li><li>Base Militar dos Motores de Guerra<\/li><li>A piscina de ervas<\/li><li>Maison Kaltbach<\/li><li>Hangar com ve\u00edculos<\/li><li>O Chal\u00e9 Vinyll<\/li><li>Centro Mobilizador abandonado<\/li><li>Gare HB<\/li><li>Cabana do ca\u00e7ador<\/li><li>Maison pl\u00e2trage<\/li><li>Maison du Maquetiste<\/li><li>Manoir du lyc\u00e9e<\/li><li>Piscina Fronti\u00e8re<\/li><\/ul>","protected":false},"excerpt":{"rendered":"<p>Este mapa urbex fornece-lhe todos os locais de explora\u00e7\u00e3o urbana (urbex) em<strong> Fran\u00e7a, <\/strong><strong>Grande Est<\/strong><strong>: Moselle (57).<\/strong> Este mapa de lugares perdidos permanecer\u00e1 atualizado e acess\u00edvel durante, pelo menos, 365 dias ap\u00f3s a compra.<\/p>\n<p>This map has currently 28 of the most unique urban exploring locations in France, Grand Est: Moselle (57) and is accessible from anywhere with our easy to use map<strong>.<\/strong><\/p>\n<p><strong>Se j\u00e1 tem este pacote, pode aceder-lhe atrav\u00e9s de <a href=\"\/pt\/a-minha-conta\/area-de-membros\/43905\/o-meu-conteudo-de-membro\/\">Os meus mapas &gt; Ver.<\/a><\/strong><\/p>","protected":false},"featured_media":49149,"template":"","meta":[],"product_brand":[],"product_cat":[226,231,322,1135,1341,1051],"product_tag":[],"class_list":{"0":"post-48843","1":"product","2":"type-product","3":"status-publish","4":"has-post-thumbnail","6":"product_cat-france","7":"product_cat-grand-est","8":"product_cat-location-packs","9":"product_cat-maps-france","10":"product_cat-maps-grand-est","11":"product_cat-moselle-57","13":"first","14":"instock","15":"virtual","16":"taxable","17":"purchasable","18":"product-type-simple"},"jetpack_sharing_enabled":true,"_links":{"self":[{"href":"https:\/\/urbex.direct\/pt\/wp-json\/wp\/v2\/product\/48843","targetHints":{"allow":["GET"]}}],"collection":[{"href":"https:\/\/urbex.direct\/pt\/wp-json\/wp\/v2\/product"}],"about":[{"href":"https:\/\/urbex.direct\/pt\/wp-json\/wp\/v2\/types\/product"}],"wp:featuredmedia":[{"embeddable":true,"href":"https:\/\/urbex.direct\/pt\/wp-json\/wp\/v2\/media\/49149"}],"wp:attachment":[{"href":"https:\/\/urbex.direct\/pt\/wp-json\/wp\/v2\/media?parent=48843"}],"wp:term":[{"taxonomy":"product_brand","embeddable":true,"href":"https:\/\/urbex.direct\/pt\/wp-json\/wp\/v2\/product_brand?post=48843"},{"taxonomy":"product_cat","embeddable":true,"href":"https:\/\/urbex.direct\/pt\/wp-json\/wp\/v2\/product_cat?post=48843"},{"taxonomy":"product_tag","embeddable":true,"href":"https:\/\/urbex.direct\/pt\/wp-json\/wp\/v2\/product_tag?post=48843"}],"curies":[{"name":"wp","href":"https:\/\/api.w.org\/{rel}","templated":true}]}}