{"id":48832,"date":"2023-09-20T10:01:05","date_gmt":"2023-09-20T09:01:05","guid":{"rendered":"https:\/\/urbex.direct\/?post_type=product&#038;p=48832"},"modified":"2024-06-20T08:47:31","modified_gmt":"2024-06-20T07:47:31","slug":"location-map-haut-rhin-68-france","status":"publish","type":"product","link":"https:\/\/urbex.direct\/pt\/product\/location-map-haut-rhin-68-france\/","title":{"rendered":"Urbex Map Fran\u00e7a, Grand Est: Haut-Rhin (68) (1 ano de acesso)"},"content":{"rendered":"<p>Este mapa cont\u00e9m as seguintes localiza\u00e7\u00f5es:<\/p>\n<ul><li>Usine Robinot<\/li><li>Cl\u00ednica das Fontes<\/li><li>Hotel Hant\u00e9e d'Hippolyte<\/li><li>Castelos Ulrich<\/li><li>Igreja de Montanha<\/li><li>Hotel de Luxe<\/li><li>Cl\u00ednica do Diabo<\/li><li>Hotel do Loup<\/li><li>Castelo G<\/li><li>Maison Cigarette<\/li><li>Mina B<\/li><li>Cimeti\u00e8re des L\u00e9gendes<\/li><li>Mans\u00e3o da M\u00e3e Vermelha&#039;s<\/li><li>Usine FTech \/ Pequena F\u00e1brica Fecht<\/li><li>F\u00e1brica Cirva<\/li><li>Papeterie Riccobo<\/li><\/ul>","protected":false},"excerpt":{"rendered":"<p>Este mapa urbex fornece-lhe todos os locais de explora\u00e7\u00e3o urbana (urbex) em<strong> Fran\u00e7a, <\/strong><strong>Grande Est<\/strong><strong>: Haut-Rhin (68).<\/strong> Este mapa de lugares perdidos permanecer\u00e1 atualizado e acess\u00edvel durante, pelo menos, 365 dias ap\u00f3s a compra.<\/p>\n<p>This map has currently 16 of the most unique urban exploring locations in France, Grand Est: Haut-Rhin (68) and is accessible from anywhere with our easy to use map<strong>.<\/strong><\/p>\n<p><strong>Se j\u00e1 tem este pacote, pode aceder-lhe atrav\u00e9s de <a href=\"\/pt\/a-minha-conta\/area-de-membros\/43905\/o-meu-conteudo-de-membro\/\">Os meus mapas &gt; Ver.<\/a><\/strong><\/p>","protected":false},"featured_media":49148,"template":"","meta":[],"product_brand":[],"product_cat":[226,231,1044,322,1135,1341],"product_tag":[],"class_list":{"0":"post-48832","1":"product","2":"type-product","3":"status-publish","4":"has-post-thumbnail","6":"product_cat-france","7":"product_cat-grand-est","8":"product_cat-haut-rhin-68","9":"product_cat-location-packs","10":"product_cat-maps-france","11":"product_cat-maps-grand-est","13":"first","14":"instock","15":"virtual","16":"taxable","17":"purchasable","18":"product-type-simple"},"jetpack_sharing_enabled":true,"_links":{"self":[{"href":"https:\/\/urbex.direct\/pt\/wp-json\/wp\/v2\/product\/48832","targetHints":{"allow":["GET"]}}],"collection":[{"href":"https:\/\/urbex.direct\/pt\/wp-json\/wp\/v2\/product"}],"about":[{"href":"https:\/\/urbex.direct\/pt\/wp-json\/wp\/v2\/types\/product"}],"wp:featuredmedia":[{"embeddable":true,"href":"https:\/\/urbex.direct\/pt\/wp-json\/wp\/v2\/media\/49148"}],"wp:attachment":[{"href":"https:\/\/urbex.direct\/pt\/wp-json\/wp\/v2\/media?parent=48832"}],"wp:term":[{"taxonomy":"product_brand","embeddable":true,"href":"https:\/\/urbex.direct\/pt\/wp-json\/wp\/v2\/product_brand?post=48832"},{"taxonomy":"product_cat","embeddable":true,"href":"https:\/\/urbex.direct\/pt\/wp-json\/wp\/v2\/product_cat?post=48832"},{"taxonomy":"product_tag","embeddable":true,"href":"https:\/\/urbex.direct\/pt\/wp-json\/wp\/v2\/product_tag?post=48832"}],"curies":[{"name":"wp","href":"https:\/\/api.w.org\/{rel}","templated":true}]}}