{"id":48830,"date":"2023-09-20T09:58:58","date_gmt":"2023-09-20T08:58:58","guid":{"rendered":"https:\/\/urbex.direct\/?post_type=product&#038;p=48830"},"modified":"2024-06-20T08:46:14","modified_gmt":"2024-06-20T07:46:14","slug":"mapa-de-localizacao-aube-10-franca","status":"publish","type":"product","link":"https:\/\/urbex.direct\/pt\/product\/location-map-aube-10-france\/","title":{"rendered":"Urbex Map Fran\u00e7a, Grand Est: Aube (10) (1 ano de acesso)"},"content":{"rendered":"<p>Este mapa cont\u00e9m as seguintes localiza\u00e7\u00f5es:<\/p>\n<ul><li>Cemit\u00e9rio de avi\u00f5es<\/li><li>Ch\u00e2teau Bourgeois<\/li><li>Ch\u00e2teau de la chaise<\/li><li>Cora\u00e7\u00e3o de Guerra<\/li><li>Usine Saint-Julien<\/li><li>F\u00e1brica de p\u00e9s<\/li><li>Vila Tarcas<\/li><li>Ve\u00edculos Perdidos<\/li><li>Antigo Aer\u00f3dromo<\/li><li>Usine Malfoy \/ A grande f\u00e1brica abandonada<\/li><li>Capela dos Mortos \/ Chapelle des Morts<\/li><li>Chateau Hector \/ Castelo do Presidente&#039;s<\/li><li>Maisons Fiesta \/ Maison Jumelles<\/li><li>A cole\u00e7\u00e3o de sacos<\/li><li>Maison d'Alekse\u00ef \/ Cole\u00e7\u00e3o de autom\u00f3veis<\/li><li>Manoir petroucka \/ Maison Russia \/ Maison Poudine<\/li><li>Casa dos anos 90 \/ 90s Timecapsule<\/li><li>A Discoteca Tipi<\/li><li>Maison PapiPapi<\/li><li>Le rep\u00e8re des Pirates \/ Cemit\u00e9rio de barcos<\/li><li>Restaurante de Castor<\/li><li>Casa de campo<\/li><li>Pintura dos Moinhos<\/li><li>Escola 1934<\/li><li>Maison Alcohol Addict<\/li><\/ul>","protected":false},"excerpt":{"rendered":"<p>Este mapa urbex fornece-lhe todos os locais de explora\u00e7\u00e3o urbana (urbex) em<strong> Fran\u00e7a, <\/strong><strong>Grande Est<\/strong><strong>: Aube (10).<\/strong> Este mapa de lugares perdidos permanecer\u00e1 atualizado e acess\u00edvel durante, pelo menos, 365 dias ap\u00f3s a compra.<\/p>\n<p>Este mapa tem atualmente 25 dos locais de explora\u00e7\u00e3o urbana mais exclusivos em Fran\u00e7a, Grand Est: Aube (10) e \u00e9 acess\u00edvel a partir de qualquer lugar com o nosso mapa f\u00e1cil de utilizar<strong>.<\/strong><\/p>\n<p><strong>Se j\u00e1 tem este pacote, pode aceder-lhe atrav\u00e9s de <a href=\"\/pt\/a-minha-conta\/area-de-membros\/43905\/o-meu-conteudo-de-membro\/\">Os meus mapas &gt; Ver.<\/a><\/strong><\/p>","protected":false},"featured_media":49133,"template":"","meta":[],"product_brand":[],"product_cat":[1046,226,231,322,1135,1341],"product_tag":[],"class_list":{"0":"post-48830","1":"product","2":"type-product","3":"status-publish","4":"has-post-thumbnail","6":"product_cat-aube-10","7":"product_cat-france","8":"product_cat-grand-est","9":"product_cat-location-packs","10":"product_cat-maps-france","11":"product_cat-maps-grand-est","13":"first","14":"instock","15":"virtual","16":"taxable","17":"purchasable","18":"product-type-simple"},"jetpack_sharing_enabled":true,"_links":{"self":[{"href":"https:\/\/urbex.direct\/pt\/wp-json\/wp\/v2\/product\/48830","targetHints":{"allow":["GET"]}}],"collection":[{"href":"https:\/\/urbex.direct\/pt\/wp-json\/wp\/v2\/product"}],"about":[{"href":"https:\/\/urbex.direct\/pt\/wp-json\/wp\/v2\/types\/product"}],"wp:featuredmedia":[{"embeddable":true,"href":"https:\/\/urbex.direct\/pt\/wp-json\/wp\/v2\/media\/49133"}],"wp:attachment":[{"href":"https:\/\/urbex.direct\/pt\/wp-json\/wp\/v2\/media?parent=48830"}],"wp:term":[{"taxonomy":"product_brand","embeddable":true,"href":"https:\/\/urbex.direct\/pt\/wp-json\/wp\/v2\/product_brand?post=48830"},{"taxonomy":"product_cat","embeddable":true,"href":"https:\/\/urbex.direct\/pt\/wp-json\/wp\/v2\/product_cat?post=48830"},{"taxonomy":"product_tag","embeddable":true,"href":"https:\/\/urbex.direct\/pt\/wp-json\/wp\/v2\/product_tag?post=48830"}],"curies":[{"name":"wp","href":"https:\/\/api.w.org\/{rel}","templated":true}]}}