{"id":48829,"date":"2023-09-20T09:57:23","date_gmt":"2023-09-20T08:57:23","guid":{"rendered":"https:\/\/urbex.direct\/?post_type=product&#038;p=48829"},"modified":"2024-06-20T08:46:04","modified_gmt":"2024-06-20T07:46:04","slug":"location-map-ardennes-08-france","status":"publish","type":"product","link":"https:\/\/urbex.direct\/pt\/product\/location-map-ardennes-08-france\/","title":{"rendered":"Urbex Map Fran\u00e7a, Grand Est: Ardennes (08) (1 ano de acesso)"},"content":{"rendered":"<p>Este mapa cont\u00e9m as seguintes localiza\u00e7\u00f5es:<\/p>\n<ul><li>Hotel Jaur\u00e8s<\/li><li>Casa do tio Michel<\/li><li>Usine Phil<\/li><li>Chateau Wigney \/ Chateau Jaguar<\/li><li>Ferme Frappant<\/li><li>Casa no Landau<\/li><li>Forte de Givet<\/li><li>Fazenda da Rosa<\/li><li>Usine TG<\/li><li>Ch\u00e2teau Oniepronko<\/li><li>Ch\u00e2teau Jamais Le M\u00eame<\/li><li>Usine LF<\/li><li>Maison Buco<\/li><\/ul>","protected":false},"excerpt":{"rendered":"<p>Este mapa urbex fornece-lhe todos os locais de explora\u00e7\u00e3o urbana (urbex) em<strong> Fran\u00e7a, <\/strong><strong>Grande Est<\/strong><strong>: Ardennes (08).<\/strong> Este mapa de lugares perdidos permanecer\u00e1 atualizado e acess\u00edvel durante, pelo menos, 365 dias ap\u00f3s a compra.<\/p>\n<p>This map has currently 13 of the most unique urban exploring locations in France, Grand Est: Ardennes (08) and is accessible from anywhere with our easy to use map<strong>.<\/strong><\/p>\n<p><strong>Se j\u00e1 tem este pacote, pode aceder-lhe atrav\u00e9s de <a href=\"\/pt\/a-minha-conta\/area-de-membros\/43905\/o-meu-conteudo-de-membro\/\">Os meus mapas &gt; Ver.<\/a><\/strong><\/p>","protected":false},"featured_media":49063,"template":"","meta":[],"product_brand":[],"product_cat":[1045,226,231,322,1135,1341],"product_tag":[],"class_list":{"0":"post-48829","1":"product","2":"type-product","3":"status-publish","4":"has-post-thumbnail","6":"product_cat-ardennes-08","7":"product_cat-france","8":"product_cat-grand-est","9":"product_cat-location-packs","10":"product_cat-maps-france","11":"product_cat-maps-grand-est","13":"first","14":"instock","15":"virtual","16":"taxable","17":"purchasable","18":"product-type-simple"},"jetpack_sharing_enabled":true,"_links":{"self":[{"href":"https:\/\/urbex.direct\/pt\/wp-json\/wp\/v2\/product\/48829","targetHints":{"allow":["GET"]}}],"collection":[{"href":"https:\/\/urbex.direct\/pt\/wp-json\/wp\/v2\/product"}],"about":[{"href":"https:\/\/urbex.direct\/pt\/wp-json\/wp\/v2\/types\/product"}],"wp:featuredmedia":[{"embeddable":true,"href":"https:\/\/urbex.direct\/pt\/wp-json\/wp\/v2\/media\/49063"}],"wp:attachment":[{"href":"https:\/\/urbex.direct\/pt\/wp-json\/wp\/v2\/media?parent=48829"}],"wp:term":[{"taxonomy":"product_brand","embeddable":true,"href":"https:\/\/urbex.direct\/pt\/wp-json\/wp\/v2\/product_brand?post=48829"},{"taxonomy":"product_cat","embeddable":true,"href":"https:\/\/urbex.direct\/pt\/wp-json\/wp\/v2\/product_cat?post=48829"},{"taxonomy":"product_tag","embeddable":true,"href":"https:\/\/urbex.direct\/pt\/wp-json\/wp\/v2\/product_tag?post=48829"}],"curies":[{"name":"wp","href":"https:\/\/api.w.org\/{rel}","templated":true}]}}