{"id":48828,"date":"2023-09-20T09:56:25","date_gmt":"2023-09-20T08:56:25","guid":{"rendered":"https:\/\/urbex.direct\/?post_type=product&#038;p=48828"},"modified":"2024-06-20T08:42:09","modified_gmt":"2024-06-20T07:42:09","slug":"mapa-de-localizacao-finistere-29-franca","status":"publish","type":"product","link":"https:\/\/urbex.direct\/pt\/product\/location-map-finistere-29-france\/","title":{"rendered":"Urbex Map Fran\u00e7a, Bretagne: Finist\u00e8re (29) (1 ano de acesso)"},"content":{"rendered":"<p>Este mapa cont\u00e9m as seguintes localiza\u00e7\u00f5es:<\/p>\n\n\n\n<ul><li>Sanat\u00f3rio Dangih \/ Huelgoat<\/li><li>Reparador de autom\u00f3veis<\/li><li>Chateau Gargouilles<\/li><li>Parque Jurastel<\/li><li>Pris\u00e3o de Pontaniou Fran\u00e7a<\/li><li>Casa do arquiteto<\/li><li>Hotel Beausejour<\/li><li>Navios fantasma<\/li><li>O Cimetiere de Bateaux<\/li><li>Casa de campo Roz Trefeux<\/li><li>Ch\u00e2teau Jaycee Dugard \/ Castelo Jaycee Dugard<\/li><li>Escola Papa Denke<\/li><li>Convento das Necessidades<\/li><li>Maison Folles<\/li><li>Sanat\u00f3rios grand air<\/li><li>Casa do Demolidor<\/li><li>Castelo dos Druidas<\/li><li>Mal de resid\u00eancia<\/li><li>Maison Derniere Danse<\/li><li>F\u00e1brica na praia<\/li><li>Casa do ingl\u00eas na floresta<\/li><li>Maison vide pontla<\/li><li>Destro\u00e7os verdes<\/li><li>Muitos Fortes com um tanque 1<\/li><li>Muitos Fortes com um tanque 2<\/li><li>Muitos Fortes com um tanque 3 - O Tanque<\/li><li>Muitos Fortes com um tanque 4<\/li><li>Muitos Fortes com um tanque 5<\/li><li>Muitos Fortes com um tanque 6<\/li><li>Muitos Fortes com um tanque 7<\/li><li>20 anos de naufr\u00e1gios<\/li><li>Maison Palm<\/li><li>Bateaux oubli\u00e9s<\/li><li>Os Naufr\u00e1gios Vermelhos \/ The two survivors \/ Les deux survivants<\/li><\/ul>","protected":false},"excerpt":{"rendered":"<p>Este mapa urbex fornece-lhe todos os locais de explora\u00e7\u00e3o urbana (urbex) em<strong> Fran\u00e7a, Bretagne: Finist\u00e8re (29).<\/strong> Este mapa de lugares perdidos permanecer\u00e1 atualizado e acess\u00edvel durante, pelo menos, 365 dias ap\u00f3s a compra.<\/p>\n<p>Este mapa tem atualmente 34 dos locais de explora\u00e7\u00e3o urbana mais exclusivos em Fran\u00e7a, Bretagne: Finist\u00e8re (29) e \u00e9 acess\u00edvel a partir de qualquer lugar com o nosso mapa f\u00e1cil de utilizar<strong>.<\/p>\n<p><\/strong><strong>Se j\u00e1 tem este pacote, pode aceder-lhe atrav\u00e9s de <a href=\"\/pt\/a-minha-conta\/area-de-membros\/43905\/o-meu-conteudo-de-membro\/\">Os meus mapas &gt; Ver.<\/a><\/strong><strong><\/p>\n<p><\/strong><a href=\"#tab-description\">Lista de todas as localiza\u00e7\u00f5es Urbex neste mapa.<\/a><\/p>","protected":false},"featured_media":49060,"template":"","meta":[],"product_brand":[],"product_cat":[229,1040,226,322,1339,1135],"product_tag":[],"class_list":{"0":"post-48828","1":"product","2":"type-product","3":"status-publish","4":"has-post-thumbnail","6":"product_cat-bretagne","7":"product_cat-finistere-29","8":"product_cat-france","9":"product_cat-location-packs","10":"product_cat-maps-bretagne","11":"product_cat-maps-france","13":"first","14":"instock","15":"virtual","16":"taxable","17":"purchasable","18":"product-type-simple"},"jetpack_sharing_enabled":true,"_links":{"self":[{"href":"https:\/\/urbex.direct\/pt\/wp-json\/wp\/v2\/product\/48828","targetHints":{"allow":["GET"]}}],"collection":[{"href":"https:\/\/urbex.direct\/pt\/wp-json\/wp\/v2\/product"}],"about":[{"href":"https:\/\/urbex.direct\/pt\/wp-json\/wp\/v2\/types\/product"}],"wp:featuredmedia":[{"embeddable":true,"href":"https:\/\/urbex.direct\/pt\/wp-json\/wp\/v2\/media\/49060"}],"wp:attachment":[{"href":"https:\/\/urbex.direct\/pt\/wp-json\/wp\/v2\/media?parent=48828"}],"wp:term":[{"taxonomy":"product_brand","embeddable":true,"href":"https:\/\/urbex.direct\/pt\/wp-json\/wp\/v2\/product_brand?post=48828"},{"taxonomy":"product_cat","embeddable":true,"href":"https:\/\/urbex.direct\/pt\/wp-json\/wp\/v2\/product_cat?post=48828"},{"taxonomy":"product_tag","embeddable":true,"href":"https:\/\/urbex.direct\/pt\/wp-json\/wp\/v2\/product_tag?post=48828"}],"curies":[{"name":"wp","href":"https:\/\/api.w.org\/{rel}","templated":true}]}}