{"id":48825,"date":"2023-09-20T09:54:27","date_gmt":"2023-09-20T08:54:27","guid":{"rendered":"https:\/\/urbex.direct\/?post_type=product&#038;p=48825"},"modified":"2024-06-20T08:39:40","modified_gmt":"2024-06-20T07:39:40","slug":"mapa-de-localizacao-puy-de-dome-63-franca","status":"publish","type":"product","link":"https:\/\/urbex.direct\/pt\/product\/location-map-puy-de-dome-63-france\/","title":{"rendered":"Urbex Map Fran\u00e7a, Auvergne-Rh\u00f4ne-Alps: Puy-de-D\u00f4me (63) (1 ano de acesso)"},"content":{"rendered":"<p>Este mapa cont\u00e9m as seguintes localiza\u00e7\u00f5es:<\/p>\n<ul><li>Les Thermes Verts \/ O Spa Verde<\/li><li>Maison Martre<\/li><li>Les Thermes Rose<\/li><li>Discoteca The Lem<\/li><li>Castelo Exodus<\/li><li>Manoir Julie \/ Chateau Dennis Rader<\/li><li>Ch\u00e2teau Contorsionniste \/ Ch\u00e2teau Heracles \/ Ch\u00e2teau Cordiste<\/li><li>Hotel Capitole<\/li><li>Campo de f\u00e9rias La Roche<\/li><li>Les Bains Romains<\/li><li>H\u00f4tel Voiture Rouge \/ Hotel Rouge<\/li><li>Casa de repouso Montagnarde<\/li><li>Piscina Percer<\/li><li>Escola de Couteaux<\/li><li>Casa na montanha<\/li><li>Pastelaria e papelaria<\/li><li>A ind\u00fastria da ru\u00edna<\/li><\/ul>","protected":false},"excerpt":{"rendered":"<p>Este mapa urbex fornece-lhe todos os locais de explora\u00e7\u00e3o urbana (urbex) em<strong> Fran\u00e7a, Auvergne-Rh\u00f4ne-Alps, Puy-de-D\u00f4me (63).<\/strong> Este mapa de lugares perdidos permanecer\u00e1 atualizado e acess\u00edvel durante, pelo menos, 365 dias ap\u00f3s a compra.<\/p>\n<p>Este mapa tem atualmente 17 dos locais de explora\u00e7\u00e3o urbana mais exclusivos em Fran\u00e7a, Auvergne-Rh\u00f4ne-Alps: Puy-de-D\u00f4me (63) e \u00e9 acess\u00edvel a partir de qualquer lugar com o nosso mapa f\u00e1cil de utilizar<strong>.<\/strong><\/p>\n<p><strong>Se j\u00e1 tem este pacote, pode aceder-lhe atrav\u00e9s de <a href=\"\/pt\/a-minha-conta\/area-de-membros\/43905\/o-meu-conteudo-de-membro\/\">Os meus mapas &gt; Ver.<\/a><\/strong><\/p>\n<p><a href=\"#tab-description\">Lista de todas as localiza\u00e7\u00f5es Urbex neste mapa.<\/a><\/p>","protected":false},"featured_media":49056,"template":"","meta":[],"product_brand":[],"product_cat":[227,226,322,1336,1135,1003],"product_tag":[],"class_list":{"0":"post-48825","1":"product","2":"type-product","3":"status-publish","4":"has-post-thumbnail","6":"product_cat-auvergne-rhone-alps","7":"product_cat-france","8":"product_cat-location-packs","9":"product_cat-maps-auvergne-rhone-alps","10":"product_cat-maps-france","11":"product_cat-puy-de-dome-63","13":"first","14":"instock","15":"virtual","16":"taxable","17":"purchasable","18":"product-type-simple"},"jetpack_sharing_enabled":true,"_links":{"self":[{"href":"https:\/\/urbex.direct\/pt\/wp-json\/wp\/v2\/product\/48825","targetHints":{"allow":["GET"]}}],"collection":[{"href":"https:\/\/urbex.direct\/pt\/wp-json\/wp\/v2\/product"}],"about":[{"href":"https:\/\/urbex.direct\/pt\/wp-json\/wp\/v2\/types\/product"}],"wp:featuredmedia":[{"embeddable":true,"href":"https:\/\/urbex.direct\/pt\/wp-json\/wp\/v2\/media\/49056"}],"wp:attachment":[{"href":"https:\/\/urbex.direct\/pt\/wp-json\/wp\/v2\/media?parent=48825"}],"wp:term":[{"taxonomy":"product_brand","embeddable":true,"href":"https:\/\/urbex.direct\/pt\/wp-json\/wp\/v2\/product_brand?post=48825"},{"taxonomy":"product_cat","embeddable":true,"href":"https:\/\/urbex.direct\/pt\/wp-json\/wp\/v2\/product_cat?post=48825"},{"taxonomy":"product_tag","embeddable":true,"href":"https:\/\/urbex.direct\/pt\/wp-json\/wp\/v2\/product_tag?post=48825"}],"curies":[{"name":"wp","href":"https:\/\/api.w.org\/{rel}","templated":true}]}}