{"id":48824,"date":"2023-09-20T09:53:22","date_gmt":"2023-09-20T08:53:22","guid":{"rendered":"https:\/\/urbex.direct\/?post_type=product&#038;p=48824"},"modified":"2024-06-20T08:39:51","modified_gmt":"2024-06-20T07:39:51","slug":"mapa-de-localizacao-isere-38-franca","status":"publish","type":"product","link":"https:\/\/urbex.direct\/pt\/product\/location-map-isere-38-france\/","title":{"rendered":"Urbex Map Fran\u00e7a, Auvergne-Rh\u00f4ne-Alps: Puy-de-Is\u00e8re (38) (1 ano de acesso)"},"content":{"rendered":"<p>Este mapa cont\u00e9m as seguintes localiza\u00e7\u00f5es:<\/p>\n<ul><li>Antiga m\u00e1quina de&#039;\u00e9l\u00e9ctro-chimie<\/li><li>Colina ol\u00edmpica de saltos de esqui abandonada \/ Grand Saut<\/li><li>Maison Angus<\/li><li>Convento Pierre Dufour<\/li><li>Cimenterie Hulk<\/li><li>Villa Hestia<\/li><li>Instituto Geogr\u00e1fico Instituto Geogr\u00e1fico<\/li><li>Maison Le Port<\/li><li>Chateau Helix<\/li><li>Usine Siner<\/li><li>A perfumaria<\/li><li>Chateau Carre<\/li><li>Florestas energ\u00e9ticas<\/li><li>Maison Coeur<\/li><li>Hotel Perlinpinpin<\/li><li>Casa de banho Belle Croix<\/li><li>Usine Ruby<\/li><li>Usine Hock<\/li><li>Villa Bob&#039;s Legs<\/li><li>Castelo de Allem<\/li><li>Usina 38<\/li><li>Ladr\u00e3o de Usine<\/li><li>A cervejaria nos bosques<\/li><li>Centrale Vintage<\/li><li>T\u00fanel Fantasma<\/li><\/ul>","protected":false},"excerpt":{"rendered":"<p>Este mapa urbex fornece-lhe todos os locais de explora\u00e7\u00e3o urbana (urbex) em<strong> Fran\u00e7a, Auvergne-Rh\u00f4ne-Alps, Puy-de-Is\u00e8re (38).<\/strong> Este mapa de lugares perdidos permanecer\u00e1 atualizado e acess\u00edvel durante, pelo menos, 365 dias ap\u00f3s a compra.<\/p>\n<p>This map has currently 25 of the most unique urban exploring locations in France, Auvergne-Rh\u00f4ne-Alps: Is\u00e8re (38) and is accessible from anywhere with our easy to use map<strong>.<\/strong><\/p>\n<p><strong>Se j\u00e1 tem este pacote, pode aceder-lhe atrav\u00e9s de <a href=\"\/pt\/a-minha-conta\/area-de-membros\/43905\/o-meu-conteudo-de-membro\/\">Os meus mapas &gt; Ver.<\/a><\/strong><\/p>\n<p><a href=\"#tab-description\">Lista de todas as localiza\u00e7\u00f5es Urbex neste mapa.<\/a><\/p>","protected":false},"featured_media":49126,"template":"","meta":[],"product_brand":[],"product_cat":[227,226,1007,322,1336,1135],"product_tag":[],"class_list":{"0":"post-48824","1":"product","2":"type-product","3":"status-publish","4":"has-post-thumbnail","6":"product_cat-auvergne-rhone-alps","7":"product_cat-france","8":"product_cat-isere-38","9":"product_cat-location-packs","10":"product_cat-maps-auvergne-rhone-alps","11":"product_cat-maps-france","13":"first","14":"instock","15":"virtual","16":"taxable","17":"purchasable","18":"product-type-simple"},"jetpack_sharing_enabled":true,"_links":{"self":[{"href":"https:\/\/urbex.direct\/pt\/wp-json\/wp\/v2\/product\/48824","targetHints":{"allow":["GET"]}}],"collection":[{"href":"https:\/\/urbex.direct\/pt\/wp-json\/wp\/v2\/product"}],"about":[{"href":"https:\/\/urbex.direct\/pt\/wp-json\/wp\/v2\/types\/product"}],"wp:featuredmedia":[{"embeddable":true,"href":"https:\/\/urbex.direct\/pt\/wp-json\/wp\/v2\/media\/49126"}],"wp:attachment":[{"href":"https:\/\/urbex.direct\/pt\/wp-json\/wp\/v2\/media?parent=48824"}],"wp:term":[{"taxonomy":"product_brand","embeddable":true,"href":"https:\/\/urbex.direct\/pt\/wp-json\/wp\/v2\/product_brand?post=48824"},{"taxonomy":"product_cat","embeddable":true,"href":"https:\/\/urbex.direct\/pt\/wp-json\/wp\/v2\/product_cat?post=48824"},{"taxonomy":"product_tag","embeddable":true,"href":"https:\/\/urbex.direct\/pt\/wp-json\/wp\/v2\/product_tag?post=48824"}],"curies":[{"name":"wp","href":"https:\/\/api.w.org\/{rel}","templated":true}]}}