{"id":48823,"date":"2023-09-20T09:52:11","date_gmt":"2023-09-20T08:52:11","guid":{"rendered":"https:\/\/urbex.direct\/?post_type=product&#038;p=48823"},"modified":"2024-06-20T08:39:15","modified_gmt":"2024-06-20T07:39:15","slug":"localizacao-mapa-drome-26-franca","status":"publish","type":"product","link":"https:\/\/urbex.direct\/pt\/product\/location-map-drome-26-france\/","title":{"rendered":"Urbex Map Fran\u00e7a, Auvergne-Rh\u00f4ne-Alps: Dr\u00f4me (26) (1 ano de acesso)"},"content":{"rendered":"<p>Este mapa cont\u00e9m as seguintes localiza\u00e7\u00f5es:<\/p>\n\n\n\n<ul><li>Universidade de Uzi<\/li><li>Discoteca Freya<\/li><li>O Comboio Boogie \/ Comboios Abandonados II<\/li><li>Motel M \/ Motel des Vignes<\/li><li>Usine Gary Ridgway<\/li><li>Manoir des Vignes<\/li><li>A F\u00e1brica de Avrela \/ Usine Gangster<\/li><li>Navio do Apocalipse \/ Barco enferrujado<\/li><li>Ferme 1800<\/li><li>Manoir du Coureur \/ Manoir Renault<\/li><li>Caixa de Noite 1862<\/li><li>A enfermeira sexy<\/li><li>Hotel Parker<\/li><li>Usine Jourdan<\/li><\/ul>","protected":false},"excerpt":{"rendered":"<p>Este mapa urbex fornece-lhe todos os locais de explora\u00e7\u00e3o urbana (urbex) em<strong> Fran\u00e7a, Auvergne-Rh\u00f4ne-Alps, Dr\u00f4me (26).<\/strong> Este mapa de lugares perdidos permanecer\u00e1 atualizado e acess\u00edvel durante, pelo menos, 365 dias ap\u00f3s a compra.<\/p>\n<p>Este mapa tem atualmente 14 dos locais de explora\u00e7\u00e3o urbana mais exclusivos em Fran\u00e7a, Auvergne-Rh\u00f4ne-Alps: Dr\u00f4me (26) e \u00e9 acess\u00edvel a partir de qualquer lugar com o nosso mapa f\u00e1cil de utilizar<strong>.<\/p>\n<p><\/strong><strong>Se j\u00e1 tem este pacote, pode aceder-lhe atrav\u00e9s de <a href=\"\/pt\/a-minha-conta\/area-de-membros\/43905\/o-meu-conteudo-de-membro\/\">Os meus mapas &gt; Ver.<\/a><\/strong><strong><\/p>\n<p><\/strong><a href=\"#tab-description\">Lista de todas as localiza\u00e7\u00f5es Urbex neste mapa.<\/a><\/p>","protected":false},"featured_media":49124,"template":"","meta":[],"product_brand":[],"product_cat":[227,1006,226,322,1336,1135],"product_tag":[],"class_list":{"0":"post-48823","1":"product","2":"type-product","3":"status-publish","4":"has-post-thumbnail","6":"product_cat-auvergne-rhone-alps","7":"product_cat-drome-26","8":"product_cat-france","9":"product_cat-location-packs","10":"product_cat-maps-auvergne-rhone-alps","11":"product_cat-maps-france","13":"first","14":"instock","15":"virtual","16":"taxable","17":"purchasable","18":"product-type-simple"},"jetpack_sharing_enabled":true,"_links":{"self":[{"href":"https:\/\/urbex.direct\/pt\/wp-json\/wp\/v2\/product\/48823","targetHints":{"allow":["GET"]}}],"collection":[{"href":"https:\/\/urbex.direct\/pt\/wp-json\/wp\/v2\/product"}],"about":[{"href":"https:\/\/urbex.direct\/pt\/wp-json\/wp\/v2\/types\/product"}],"wp:featuredmedia":[{"embeddable":true,"href":"https:\/\/urbex.direct\/pt\/wp-json\/wp\/v2\/media\/49124"}],"wp:attachment":[{"href":"https:\/\/urbex.direct\/pt\/wp-json\/wp\/v2\/media?parent=48823"}],"wp:term":[{"taxonomy":"product_brand","embeddable":true,"href":"https:\/\/urbex.direct\/pt\/wp-json\/wp\/v2\/product_brand?post=48823"},{"taxonomy":"product_cat","embeddable":true,"href":"https:\/\/urbex.direct\/pt\/wp-json\/wp\/v2\/product_cat?post=48823"},{"taxonomy":"product_tag","embeddable":true,"href":"https:\/\/urbex.direct\/pt\/wp-json\/wp\/v2\/product_tag?post=48823"}],"curies":[{"name":"wp","href":"https:\/\/api.w.org\/{rel}","templated":true}]}}