{"id":48813,"date":"2023-09-19T19:10:16","date_gmt":"2023-09-19T18:10:16","guid":{"rendered":"https:\/\/urbex.direct\/?post_type=product&#038;p=48813"},"modified":"2024-06-20T08:39:04","modified_gmt":"2024-06-20T07:39:04","slug":"location-map-allier-3-france","status":"publish","type":"product","link":"https:\/\/urbex.direct\/pt\/product\/location-map-allier-3-france\/","title":{"rendered":"Urbex Map Fran\u00e7a, Auvergne-Rh\u00f4ne-Alps: Allier (3) (1 ano de acesso)"},"content":{"rendered":"<p>Este mapa cont\u00e9m as seguintes localiza\u00e7\u00f5es:<\/p>\n\n\n\n<ul><li>As vozes do Kraken<\/li><li>Ch\u00e2teau Versanne<\/li><li>Ch\u00e2teau Bayrou \/ Ch\u00e2teau Formica<\/li><li>Ch\u00e2teau 1000 Miroirs<\/li><li>Chateau Symphonie<\/li><li>Le Ch\u00e2teau de l'escargot \/ O castelo do caracol<\/li><li>Manoir Mercedes<\/li><li>Retrato do castelo<\/li><li>Ch\u00e2teau Minuit<\/li><li>Piscina Tropical<\/li><li>Hopitools<\/li><li>Usine Meldrague<\/li><li>Lotissement du D\u00e9sert \/ Casa AB<\/li><li>Chateau Paysan \/ O Castelo de Roffcho<\/li><li>Escola La Vache \/ Escola Napole\u00e3o<\/li><li>O Convento dos Peritos Convento dos Peritos<\/li><li>Ch\u00e2teau Cafards \/ O Castelo das Baratas<\/li><li>Manoir Bobo<\/li><li>Ch\u00e2teau Chrysantheme \/ Manoir Archie<\/li><li>Ch\u00e2teau de Valtan<\/li><li>Hotel Arrondi<\/li><li>2 Fermes Pluvieuses<\/li><li>Hospital de guerra<\/li><li>Usine La Pas Lisse<\/li><li>Casa da Santa Teresa<\/li><li>Maison Orange<\/li><li>Ferme de l'illettr\u00e9<\/li><li>A ferme contra tudo e todos<\/li><li>Maison Martine<\/li><li>Pequena capela dos viajantes<\/li><li>Quinta Allemande<\/li><li>Usine The Last of Us<\/li><\/ul>","protected":false},"excerpt":{"rendered":"<p>Este mapa urbex fornece-lhe todos os locais de explora\u00e7\u00e3o urbana (urbex) em<strong> France, Auvergne-Rh\u00f4ne-Alps, Allier (3).<\/strong> Este mapa de lugares perdidos permanecer\u00e1 atualizado e acess\u00edvel durante, pelo menos, 365 dias ap\u00f3s a compra.<\/p>\n<p>This map has currently 32 of the most unique urban exploring locations in France, Auvergne-Rh\u00f4ne-Alps: Allier (3) and is accessible from anywhere with our easy to use map<strong>.<\/p>\n<p><\/strong><strong>Se j\u00e1 tem este pacote, pode aceder-lhe atrav\u00e9s de <a href=\"\/pt\/a-minha-conta\/area-de-membros\/43905\/o-meu-conteudo-de-membro\/\">Os meus mapas &gt; Ver.<\/a><\/strong><strong><\/p>\n<p><\/strong><a href=\"#tab-description\">Lista de todas as localiza\u00e7\u00f5es Urbex neste mapa.<\/a><\/p>","protected":false},"featured_media":49053,"template":"","meta":[],"product_brand":[],"product_cat":[1000,227,226,322,1336,1135],"product_tag":[],"class_list":{"0":"post-48813","1":"product","2":"type-product","3":"status-publish","4":"has-post-thumbnail","6":"product_cat-allier-03","7":"product_cat-auvergne-rhone-alps","8":"product_cat-france","9":"product_cat-location-packs","10":"product_cat-maps-auvergne-rhone-alps","11":"product_cat-maps-france","13":"first","14":"instock","15":"virtual","16":"taxable","17":"purchasable","18":"product-type-simple"},"jetpack_sharing_enabled":true,"_links":{"self":[{"href":"https:\/\/urbex.direct\/pt\/wp-json\/wp\/v2\/product\/48813","targetHints":{"allow":["GET"]}}],"collection":[{"href":"https:\/\/urbex.direct\/pt\/wp-json\/wp\/v2\/product"}],"about":[{"href":"https:\/\/urbex.direct\/pt\/wp-json\/wp\/v2\/types\/product"}],"wp:featuredmedia":[{"embeddable":true,"href":"https:\/\/urbex.direct\/pt\/wp-json\/wp\/v2\/media\/49053"}],"wp:attachment":[{"href":"https:\/\/urbex.direct\/pt\/wp-json\/wp\/v2\/media?parent=48813"}],"wp:term":[{"taxonomy":"product_brand","embeddable":true,"href":"https:\/\/urbex.direct\/pt\/wp-json\/wp\/v2\/product_brand?post=48813"},{"taxonomy":"product_cat","embeddable":true,"href":"https:\/\/urbex.direct\/pt\/wp-json\/wp\/v2\/product_cat?post=48813"},{"taxonomy":"product_tag","embeddable":true,"href":"https:\/\/urbex.direct\/pt\/wp-json\/wp\/v2\/product_tag?post=48813"}],"curies":[{"name":"wp","href":"https:\/\/api.w.org\/{rel}","templated":true}]}}