{"id":48776,"date":"2023-09-16T14:03:49","date_gmt":"2023-09-16T13:03:49","guid":{"rendered":"https:\/\/urbex.direct\/?post_type=product&#038;p=48776"},"modified":"2024-06-20T08:38:35","modified_gmt":"2024-06-20T07:38:35","slug":"mapa-de-localizacao-em-1-franca","status":"publish","type":"product","link":"https:\/\/urbex.direct\/pt\/product\/location-map-ain-1-france\/","title":{"rendered":"Urbex Map Fran\u00e7a, Auvergne-Rh\u00f4ne-Alps: Ain (1) (1 ano de acesso)"},"content":{"rendered":"<p>Este mapa cont\u00e9m as seguintes localiza\u00e7\u00f5es:<\/p>\n<ul><li>Casa dos sonhos<\/li><li>Maison Bollirison<\/li><li>Chateau TH<\/li><li>Centro Polidesportivo<\/li><li>Sanat\u00f3rio do Lac gel\u00e9<\/li><li>Maison Jungle \/ Maison du sauvage<\/li><li>Chateau Bellevue<\/li><li>Hotel de la Faucille<\/li><li>A F\u00e1brica de Mercadorias \/ Usine Vulcain<\/li><li>Cimeti\u00e8re de train Mergeais<\/li><li>A F\u00e1brica do Desconhecido \/ Wasteland I<\/li><li>Castelo de Bellesyri<\/li><li>O museu dos j\u00f3ias<\/li><li>Discoteca Titanic \/ Discoteca das Facetas<\/li><li>Chateau Blanc 2.0<\/li><li>Ch\u00e2teau de Bohas<\/li><li>Manoir Flipper \/ Mans\u00e3o Pinball<\/li><li>Maison Panda<\/li><li>A garagem com destro\u00e7os<\/li><li>Manoir Horloge<\/li><li>Usine Mister Django<\/li><li>Maison Paucod<\/li><\/ul>","protected":false},"excerpt":{"rendered":"<p>Este mapa urbex fornece-lhe todos os locais de explora\u00e7\u00e3o urbana (urbex) em<strong> France, Auvergne-Rh\u00f4ne-Alps, Ain (1).<\/strong> Este mapa de lugares perdidos permanecer\u00e1 atualizado e acess\u00edvel durante, pelo menos, 365 dias ap\u00f3s a compra.<\/p>\n<p>This map has currently 22 of the most unique urban exploring locations in France, Auvergne-Rh\u00f4ne-Alps: Ain (1) and is accessible from anywhere with our easy to use map<strong>.<\/strong><\/p>\n<p><strong>Se j\u00e1 tem este pacote, pode aceder-lhe atrav\u00e9s de <a href=\"\/pt\/a-minha-conta\/area-de-membros\/43905\/o-meu-conteudo-de-membro\/\">Os meus mapas &gt; Ver.<\/a><\/strong><\/p>\n<p><a href=\"#tab-description\">Lista de todas as localiza\u00e7\u00f5es Urbex neste mapa.<\/a><\/p>","protected":false},"featured_media":49059,"template":"","meta":[],"product_brand":[],"product_cat":[1004,227,226,322,1336,1135],"product_tag":[323],"class_list":{"0":"post-48776","1":"product","2":"type-product","3":"status-publish","4":"has-post-thumbnail","6":"product_cat-ain-01","7":"product_cat-auvergne-rhone-alps","8":"product_cat-france","9":"product_cat-location-packs","10":"product_cat-maps-auvergne-rhone-alps","11":"product_cat-maps-france","12":"product_tag-locationpack","14":"first","15":"instock","16":"virtual","17":"taxable","18":"purchasable","19":"product-type-simple"},"jetpack_sharing_enabled":true,"_links":{"self":[{"href":"https:\/\/urbex.direct\/pt\/wp-json\/wp\/v2\/product\/48776","targetHints":{"allow":["GET"]}}],"collection":[{"href":"https:\/\/urbex.direct\/pt\/wp-json\/wp\/v2\/product"}],"about":[{"href":"https:\/\/urbex.direct\/pt\/wp-json\/wp\/v2\/types\/product"}],"wp:featuredmedia":[{"embeddable":true,"href":"https:\/\/urbex.direct\/pt\/wp-json\/wp\/v2\/media\/49059"}],"wp:attachment":[{"href":"https:\/\/urbex.direct\/pt\/wp-json\/wp\/v2\/media?parent=48776"}],"wp:term":[{"taxonomy":"product_brand","embeddable":true,"href":"https:\/\/urbex.direct\/pt\/wp-json\/wp\/v2\/product_brand?post=48776"},{"taxonomy":"product_cat","embeddable":true,"href":"https:\/\/urbex.direct\/pt\/wp-json\/wp\/v2\/product_cat?post=48776"},{"taxonomy":"product_tag","embeddable":true,"href":"https:\/\/urbex.direct\/pt\/wp-json\/wp\/v2\/product_tag?post=48776"}],"curies":[{"name":"wp","href":"https:\/\/api.w.org\/{rel}","templated":true}]}}