{"id":48720,"date":"2023-09-14T09:45:24","date_gmt":"2023-09-14T08:45:24","guid":{"rendered":"https:\/\/urbex.direct\/?post_type=product&#038;p=48720"},"modified":"2025-05-27T20:03:15","modified_gmt":"2025-05-27T19:03:15","slug":"mapa-de-localizacao-pays-de-la-loire-franca","status":"publish","type":"product","link":"https:\/\/urbex.direct\/pt\/product\/location-map-pays-de-la-loire-france\/","title":{"rendered":"Urbex Map France, Pays de la Loire (Acesso de 1 ou 2 anos)"},"content":{"rendered":"<p>Este mapa cont\u00e9m as seguintes localiza\u00e7\u00f5es:<\/p>\n<ul><li>O bairro abandonado<\/li><li>Manoir Holzbang<\/li><li>Estufa Altantique<\/li><li>Usine Forging<\/li><li>Chateau British<\/li><li>Maison Dans le Loire<\/li><li>Entreposto de Bel\u00e9m<\/li><li>Usine Tere<\/li><li>Descarga<\/li><li>Manoir BU<\/li><li>Ferme Oublier<\/li><li>Ferme Bang<\/li><li>Manoir du Maire<\/li><li>Maison Enorme Mysterieux<\/li><li>Manoir Des Jourrnaux<\/li><li>Maison du Dealer<\/li><li>Ferme Traction \/ Ferme Racines<\/li><li>Chateau Armin Meiwes<\/li><li>Forte do Guerre<\/li><li>Ch\u00e2teau de la Verrie<\/li><li>Col\u00e9gio dos 4 ventos<\/li><li>A \u00faltima etapa<\/li><li>Maison Tetris em frente ao mar<\/li><li>Maisonette de la Vieile<\/li><li>Usine du Don<\/li><li>Cripta da marquesa<\/li><li>Cemit\u00e9rio de tanques pequenos<\/li><li>Maison Violiste \/ Maison du Musicien<\/li><li>Casa com telhado queimado<\/li><li>Chasseur d&#039;hiver<\/li><li>Manoir Eco<\/li><li>Usine Tannerie<\/li><li>Castelo de la R<\/li><li>Usine Volt \/ Usine du Pont<\/li><li>Maison Alicee<\/li><li>Grande Usine Metal<\/li><li>Hospital B<\/li><li>Manoir Renard<\/li><li>Fundi\u00e7\u00e3o Mayenne<\/li><li>Usine PD<\/li><li>Manoir JM<\/li><li>Manoir Brumeux<\/li><li>F\u00e1brica FIAK<\/li><li>A fabrica\u00e7\u00e3o de flores<\/li><li>Maison Caverne \/ Maison Meublis<\/li><li>Maison Fieldview<\/li><li>Cl\u00ednica de la Croix<\/li><li>Quinta BA \/ Maison BA<\/li><li>Chateau Semelle \/ Ch\u00e2teau Canteloup<\/li><li>Manoir Pirmil<\/li><li>Hotel Robin Hood<\/li><li>O cimeti\u00e8re do Grande Comboio<\/li><li>Utiliza\u00e7\u00e3o de luzes<\/li><li>Manoir Dalida<\/li><li>Antiga F\u00e1brica de Tecidos<\/li><li>Planta com flor<\/li><li>Col\u00e9gio AB<\/li><li>Boite de nuit CA<\/li><li>Castelo Malbo<\/li><li>Antiga pista de desporto<\/li><\/ul>","protected":false},"excerpt":{"rendered":"<p>Este mapa urbex fornece-lhe todos os locais de explora\u00e7\u00e3o urbana (urbex) em<strong> Fran\u00e7a, <\/strong><strong>Pa\u00eds do Loire<\/strong><strong>.<\/strong> Este mapa de lugares perdidos permanecer\u00e1 atualizado e acess\u00edvel durante, pelo menos, 365 dias ap\u00f3s a compra.<\/p>\n<p>Este mapa tem atualmente 60 dos locais de explora\u00e7\u00e3o urbana mais exclusivos em Fran\u00e7a, Pays de la Loire, e \u00e9 acess\u00edvel a partir de qualquer lugar com o nosso mapa f\u00e1cil de utilizar<strong>.<\/strong><\/p>\n<p><strong>Se j\u00e1 tem este pacote, pode aceder-lhe atrav\u00e9s de <a href=\"\/pt\/a-minha-conta\/area-de-membros\/43905\/o-meu-conteudo-de-membro\/\">Os meus mapas &gt; Ver.<\/a><\/strong><\/p>\n<p><a href=\"#tab-description\">Lista de todas as localiza\u00e7\u00f5es Urbex neste mapa.<\/a><\/p>","protected":false},"featured_media":48734,"template":"","meta":[],"product_brand":[],"product_cat":[226,322,1135,1347,237],"product_tag":[323],"class_list":{"0":"post-48720","1":"product","2":"type-product","3":"status-publish","4":"has-post-thumbnail","6":"product_cat-france","7":"product_cat-location-packs","8":"product_cat-maps-france","9":"product_cat-maps-pays-de-la-loire","10":"product_cat-pays-de-la-loire","11":"product_tag-locationpack","13":"first","14":"instock","15":"taxable","16":"shipping-taxable","17":"purchasable","18":"product-type-variable"},"jetpack_sharing_enabled":true,"_links":{"self":[{"href":"https:\/\/urbex.direct\/pt\/wp-json\/wp\/v2\/product\/48720","targetHints":{"allow":["GET"]}}],"collection":[{"href":"https:\/\/urbex.direct\/pt\/wp-json\/wp\/v2\/product"}],"about":[{"href":"https:\/\/urbex.direct\/pt\/wp-json\/wp\/v2\/types\/product"}],"wp:featuredmedia":[{"embeddable":true,"href":"https:\/\/urbex.direct\/pt\/wp-json\/wp\/v2\/media\/48734"}],"wp:attachment":[{"href":"https:\/\/urbex.direct\/pt\/wp-json\/wp\/v2\/media?parent=48720"}],"wp:term":[{"taxonomy":"product_brand","embeddable":true,"href":"https:\/\/urbex.direct\/pt\/wp-json\/wp\/v2\/product_brand?post=48720"},{"taxonomy":"product_cat","embeddable":true,"href":"https:\/\/urbex.direct\/pt\/wp-json\/wp\/v2\/product_cat?post=48720"},{"taxonomy":"product_tag","embeddable":true,"href":"https:\/\/urbex.direct\/pt\/wp-json\/wp\/v2\/product_tag?post=48720"}],"curies":[{"name":"wp","href":"https:\/\/api.w.org\/{rel}","templated":true}]}}