{"id":48074,"date":"2023-07-18T19:20:37","date_gmt":"2023-07-18T18:20:37","guid":{"rendered":"https:\/\/urbex.direct\/?post_type=product&#038;p=48074"},"modified":"2025-05-27T20:07:51","modified_gmt":"2025-05-27T19:07:51","slug":"mapa-de-localizacao-fr-provence-alpes-cote-dazur","status":"publish","type":"product","link":"https:\/\/urbex.direct\/pt\/product\/location-map-fr-provence-alpes-cote-dazur\/","title":{"rendered":"Urbex Map France, Provence-Alpes-C\u00f4te d'Azur (Acesso de 1 ou 2 anos)"},"content":{"rendered":"<p>Este mapa cont\u00e9m as seguintes localiza\u00e7\u00f5es:<\/p>\n<ul><li>Boite de Nuit 04<\/li><li>Fiambre Ruine<\/li><li>Parque de constru\u00e7\u00e3o<\/li><li>Piscina Ol\u00edmpica<\/li><li>Buffet abandonado<\/li><li>Maison Plage<\/li><li>Forte do Serre<\/li><li>Maison de l&#039;Assassin<\/li><li>Chapelle G<\/li><li>Hospital Felix Zehetner<\/li><li>Vila Sharon<\/li><li>Hotel com piscina privada<\/li><li>Vila Valor<\/li><li>Manoir Cuba<\/li><li>Maison Pharaon<\/li><li>Hospital dos Ventos<\/li><li>Vila do Ditador<\/li><li>Villa August Sangret<\/li><li>Hotel de l&#039;Anneau<\/li><li>Chateau Robert Hansen<\/li><li>Observat\u00f3rio do Mar<\/li><li>Utiliza\u00e7\u00e3o Hydro-Agri<\/li><li>Piscina Luminosa<\/li><li>F\u00e1brica 23 \/ Usine 23<\/li><li>Igreja do Sul<\/li><li>Le Kube \/ O Cubo<\/li><li>Castelo Desideria<\/li><li>Domaine Game Over<\/li><li>O Rancho<\/li><li>Maison Gustavo<\/li><li>Aldeia FED<\/li><li>Manoir Honorine<\/li><li>Ferme des Plaines<\/li><li>Maison de l&#039;horreur<\/li><li>Maison des Ronces<\/li><li>Rua de falaise<\/li><li>Maison de Retraite du Chat<\/li><li>Usine Arles<\/li><li>Piscina Bulot<\/li><li>O dom\u00ednio dos Esp\u00edritos<\/li><li>Maison des Jumelles<\/li><li>Ferme de Fos<\/li><li>O dom\u00ednio do Relais<\/li><li>Maison Eva Peaur\u00e9<\/li><li>A gruta Berliet<\/li><li>Casa de Repouso do Pintor<\/li><li>Casa de Noite Relax<\/li><li>Hospital dos Anjos<\/li><li>Maison Stone<\/li><li>Clinique Rouge<\/li><li>Hotel Louis<\/li><li>Terminal de matadouros<\/li><li>Restaurante Panorama<\/li><li>Col\u00e9gio Amour<\/li><li>Base Militar de la Vall\u00e9e<\/li><li>Maison Edouard<\/li><li>Teatro Ath\u00e9na<\/li><li>Floresta de B\u00e9ton<\/li><li>La Bergerie<\/li><li>Maison Naick<\/li><li>Maison Vella<\/li><li>Maison du Renard<\/li><li>F\u00e1brica de Cera<\/li><li>Usine Duclos<\/li><li>Restos de Usine<\/li><li>Ch\u00e2teau Batarney<\/li><li>Ch\u00e2teau du Peintre<\/li><li>Moradia do fauteuil<\/li><li>Moradia em frente ao mar<\/li><li>Clinique RMT<\/li><li>Maison du Golf<\/li><li>Manoir Grime<\/li><li>Villa de la Plage<\/li><li>Centro de Observa\u00e7\u00e3o Militar<\/li><li>CFA Militaire<\/li><li>Maison Foresti\u00e8re<\/li><li>Maxi Barragem<\/li><li>Aldeia Fantasma 2<\/li><li>Hotel Calif\u00f3rnia<\/li><li>Moradia do fauteuil<\/li><li>Cidade Fantasma Barry<\/li><li>Hotel Zoom<\/li><li>Escola do Olivier<\/li><li>Armaz\u00e9ns perdidos<\/li><li>Casa escondida<\/li><li>Utiliza\u00e7\u00e3o de papel na floresta<\/li><li>Garagem em ru\u00ednas<\/li><li>Piscina CED<\/li><li>Hotel des Pins<\/li><\/ul>","protected":false},"excerpt":{"rendered":"<p>Este mapa urbex fornece-lhe todos os locais de explora\u00e7\u00e3o urbana (urbex) em<strong> Fran\u00e7a, <\/strong><strong>Proven\u00e7a-Alpes-C\u00f4te d'Azur<\/strong><strong>.<\/strong> Este mapa de lugares perdidos permanecer\u00e1 atualizado e acess\u00edvel durante, pelo menos, 365 dias ap\u00f3s a compra.<\/p>\n<p>Este mapa tem atualmente 89 dos locais de explora\u00e7\u00e3o urbana mais exclusivos de Fran\u00e7a, Proven\u00e7a-Alpes-C\u00f4te d'Azur e \u00e9 acess\u00edvel a partir de qualquer lugar com o nosso mapa f\u00e1cil de utilizar<strong>.<\/strong><\/p>\n<p><strong>Se j\u00e1 tem este pacote, pode aceder-lhe atrav\u00e9s de <a href=\"\/pt\/a-minha-conta\/area-de-membros\/43905\/o-meu-conteudo-de-membro\/\">Os meus mapas &gt; Ver.<\/a><\/strong><\/p>\n<p><a href=\"#tab-description\">Lista de todas as localiza\u00e7\u00f5es Urbex neste mapa.<\/a><\/p>","protected":false},"featured_media":48081,"template":"","meta":[],"product_brand":[],"product_cat":[226,322,1135,1348,317],"product_tag":[],"class_list":{"0":"post-48074","1":"product","2":"type-product","3":"status-publish","4":"has-post-thumbnail","6":"product_cat-france","7":"product_cat-location-packs","8":"product_cat-maps-france","9":"product_cat-maps-provence-alpes-cote-dazur","10":"product_cat-provence-alpes-cote-dazur","12":"first","13":"instock","14":"taxable","15":"shipping-taxable","16":"purchasable","17":"product-type-variable"},"jetpack_sharing_enabled":true,"_links":{"self":[{"href":"https:\/\/urbex.direct\/pt\/wp-json\/wp\/v2\/product\/48074","targetHints":{"allow":["GET"]}}],"collection":[{"href":"https:\/\/urbex.direct\/pt\/wp-json\/wp\/v2\/product"}],"about":[{"href":"https:\/\/urbex.direct\/pt\/wp-json\/wp\/v2\/types\/product"}],"wp:featuredmedia":[{"embeddable":true,"href":"https:\/\/urbex.direct\/pt\/wp-json\/wp\/v2\/media\/48081"}],"wp:attachment":[{"href":"https:\/\/urbex.direct\/pt\/wp-json\/wp\/v2\/media?parent=48074"}],"wp:term":[{"taxonomy":"product_brand","embeddable":true,"href":"https:\/\/urbex.direct\/pt\/wp-json\/wp\/v2\/product_brand?post=48074"},{"taxonomy":"product_cat","embeddable":true,"href":"https:\/\/urbex.direct\/pt\/wp-json\/wp\/v2\/product_cat?post=48074"},{"taxonomy":"product_tag","embeddable":true,"href":"https:\/\/urbex.direct\/pt\/wp-json\/wp\/v2\/product_tag?post=48074"}],"curies":[{"name":"wp","href":"https:\/\/api.w.org\/{rel}","templated":true}]}}