{"id":45858,"date":"2022-12-07T17:03:40","date_gmt":"2022-12-07T17:03:40","guid":{"rendered":"https:\/\/urbex.direct\/?post_type=product&#038;p=45858"},"modified":"2025-05-27T20:12:57","modified_gmt":"2025-05-27T19:12:57","slug":"mapa-de-localizacao-da-renania-do-norte-vestefalia","status":"publish","type":"product","link":"https:\/\/urbex.direct\/pt\/product\/location-map-de-north-rhine-westphalia\/","title":{"rendered":"Urbex Map Alemanha: Ren\u00e2nia do Norte-Vestef\u00e1lia (Acesso por 1 ou 2 anos)"},"content":{"rendered":"<p>Este mapa cont\u00e9m as seguintes localiza\u00e7\u00f5es: <ul><li>Base A\u00e9rea B<\/li><li>Hotel BM<\/li><li>Caf\u00e9 Eisenbahn<\/li><li>Acampamento Hitfeld<\/li><li>China Imbiss<\/li><li>Restaurante Eichhof<\/li><li>Bar Flower Valley<\/li><li>Casa Fontanna<\/li><li>Haus-Rhenus<\/li><li>Instituto Mollenkotten<\/li><li>O Senhor dos An\u00e9is<\/li><li>Tanques perdidos<\/li><li>Schwimmbad B<\/li><li>F\u00e1brica de luz solar<\/li><li>Villa Bogata<\/li><li>Villa Muhr<\/li><li>Wollseifen<\/li><li>Zeche Rudolf<\/li><li>Estufas<\/li><li>F\u00e1brica Feuerfest<\/li><li>Sanat\u00f3rio pulmonar<\/li><li>Quinta JRT<\/li><li>Kaserene ENG<\/li><li>Escola Verlassen<\/li><li>F\u00e1brica de bolachas<\/li><li>Hotel Kino \/ Weser Lichtspiele<\/li><li>F\u00e1brica de armaduras<\/li><li>Casa dos Gerentes<\/li><li>Freibad<\/li><li>Norton<\/li><li>St. A Krankenhaus<\/li><li>Tuchfabrik<\/li><li>Zeche N<\/li><li>Ponte do comboio W<\/li><li>Corpo de Verbrannter<\/li><li>Bauernhof Heu<\/li><li>Casa do Sauerei<\/li><li>Hexenhaus<\/li><li>Escola de Arte<\/li><li>F\u00e1brica de tecidos<\/li><li>Zeche DB<\/li><li>O Alte Krankenhaus<\/li><li>Igreja de S\u00e3o Francisco<\/li><li>A cl\u00ednica de reabilita\u00e7\u00e3o de idosos<\/li><li>Kazerne Herongen<\/li><li>Flugzeughangar<\/li><li>Casa de Sch\u00e4nders<\/li><li>Maison FOS<\/li><li>O bunker da Segunda Guerra Mundial<\/li><li>Eisenbahntunnel<\/li><li>A casa de banho<\/li><li>Hotel inacabado H<\/li><li>Maison Markus<\/li><li>Tanque de borracha<\/li><li>Bunkers Muna<\/li><li>Steinbruch M<\/li><li>Avi\u00e3o de mato<\/li><li>O hotel<\/li><li>Das Alte Strandhotel<\/li><li>Bunker de muni\u00e7\u00f5es<\/li><li>Lar das crian\u00e7as perdidas<\/li><li>O acampamento terminou<\/li><li>Maison Chinapalace<\/li><li>Caf\u00e9 hippie<\/li><li>O centro de compras<\/li><li>F\u00e1brica de motociclistas<\/li><li>A m\u00fasica<\/li><li>Casa de jogos para crian\u00e7as<\/li><li>O s\u00edtio dos ventos fortes<\/li><li>Ziegelei an der Villa<\/li><li>O vinho azul<\/li><li>Ataque de Marte<\/li><li>Oleoduto NAVO<\/li><li>Campo de tiro da Segunda Guerra Mundial<\/li><li>Bunker Klein<\/li><li>Ponte antiga do comboio Alemanha<\/li><li>Cinema XXX<\/li><li>No armaz\u00e9m \/ No armaz\u00e9m<\/li><li>Naufr\u00e1gio de um barco<\/li><li>Lanchonete<\/li><li>Quartel S<\/li><li>Sepulturas assustadoras<\/li><li>Casa dos pescadores<\/li><li>A piscina desactivada<\/li><li>Bunker im Wald<\/li><li>O velho Kalkofen<\/li><li>Quinta Europa<\/li><li>Casa de repouso B<\/li><li>Escola de ver\u00e3o<\/li><li>Bunker no meio da floresta<\/li><li>A igreja esquecida na floresta<\/li><li>Kalkfabrik<\/li><li>Casa do Professor<\/li><li>Piscina e restaurante<\/li><li>Campo militar das SS<\/li><li>Gest\u00e3o de muni\u00e7\u00f5es<\/li><li>Hotel am See<\/li><li>Das Kalkoven<\/li><li>A f\u00e1brica azul<\/li><li>A hist\u00f3ria dos chefes<\/li><\/ul><\/p>","protected":false},"excerpt":{"rendered":"<p>Este mapa urbex fornece-lhe todos os locais de explora\u00e7\u00e3o urbana (urbex) em<strong> Alemanha, Ren\u00e2nia do Norte-Vestef\u00e1lia.<\/strong> Este mapa de lugares perdidos permanecer\u00e1 atualizado e acess\u00edvel durante, pelo menos, 365 dias ap\u00f3s a compra. <\/p>\n<p>This map has currently 100 of the most unique urban exploring locations in Germany: North Rhine- Westphalia and is accessible from anywhere with our easy to use map<strong>. <\/p>\n<p><\/strong><strong>Se j\u00e1 tem este pacote, pode aceder-lhe atrav\u00e9s de <a href=\"\/pt\/a-minha-conta\/area-de-membros\/43905\/o-meu-conteudo-de-membro\/\">Os meus mapas &gt; Ver.<\/a><\/strong> <a href=\"#tab-description\">Lista de todas as localiza\u00e7\u00f5es Urbex neste mapa.<\/a><\/p>","protected":false},"featured_media":48118,"template":"","meta":[],"product_brand":[],"product_cat":[210,322,1229,218],"product_tag":[],"class_list":{"0":"post-45858","1":"product","2":"type-product","3":"status-publish","4":"has-post-thumbnail","6":"product_cat-germany","7":"product_cat-location-packs","8":"product_cat-maps-germany","9":"product_cat-north-rhine-westphalia","11":"first","12":"instock","13":"taxable","14":"shipping-taxable","15":"purchasable","16":"product-type-variable"},"jetpack_sharing_enabled":true,"_links":{"self":[{"href":"https:\/\/urbex.direct\/pt\/wp-json\/wp\/v2\/product\/45858","targetHints":{"allow":["GET"]}}],"collection":[{"href":"https:\/\/urbex.direct\/pt\/wp-json\/wp\/v2\/product"}],"about":[{"href":"https:\/\/urbex.direct\/pt\/wp-json\/wp\/v2\/types\/product"}],"wp:featuredmedia":[{"embeddable":true,"href":"https:\/\/urbex.direct\/pt\/wp-json\/wp\/v2\/media\/48118"}],"wp:attachment":[{"href":"https:\/\/urbex.direct\/pt\/wp-json\/wp\/v2\/media?parent=45858"}],"wp:term":[{"taxonomy":"product_brand","embeddable":true,"href":"https:\/\/urbex.direct\/pt\/wp-json\/wp\/v2\/product_brand?post=45858"},{"taxonomy":"product_cat","embeddable":true,"href":"https:\/\/urbex.direct\/pt\/wp-json\/wp\/v2\/product_cat?post=45858"},{"taxonomy":"product_tag","embeddable":true,"href":"https:\/\/urbex.direct\/pt\/wp-json\/wp\/v2\/product_tag?post=45858"}],"curies":[{"name":"wp","href":"https:\/\/api.w.org\/{rel}","templated":true}]}}