{"id":45851,"date":"2022-12-07T16:47:24","date_gmt":"2022-12-07T16:47:24","guid":{"rendered":"https:\/\/urbex.direct\/?post_type=product&#038;p=45851"},"modified":"2025-05-22T17:50:53","modified_gmt":"2025-05-22T16:50:53","slug":"mapa-de-localizacao-da-lombardia","status":"publish","type":"product","link":"https:\/\/urbex.direct\/pt\/product\/location-map-it-lombardy\/","title":{"rendered":"Urbex Map It\u00e1lia: Lombardia (Acesso por 1 ou 2 anos)"},"content":{"rendered":"<p>Este mapa cont\u00e9m as seguintes localiza\u00e7\u00f5es:<\/p>\n<ul><li>Igreja de Santa Maria<\/li><li>Gronel\u00e2ndia<\/li><li>Laborat\u00f3rio do Homem<\/li><li>Manic\u00f3mio de Mombello<\/li><li>Orfanato Mono<\/li><li>Villa Camilla<\/li><li>Vila Mira<\/li><li>Parque da Rep\u00fablica<\/li><li>Centro Comercial Milano<\/li><li>Cidade Fantasma<\/li><li>Grand Hotel P \/ Campo Estivo<\/li><li>Villa Di Vecchi<\/li><li>Discoteca Xo<\/li><li>Villa R Spazio<\/li><li>Impianto Idroelettrico<\/li><li>Sanat\u00f3rio Divo Carolo Dicatum<\/li><li>Palazzo D'Oro \/ Villa Gold<\/li><li>Castello Sorpresa<\/li><li>Teatro Politeama<\/li><li>Villa Delle Cennere<\/li><li>Igreja das Galinhas<\/li><li>Villa di Vetro<\/li><li>Pal\u00e1cio do Alquimista<\/li><li>Palazzo Piccione \/ Villa Pittore \/ Villa Madame Bovary<\/li><li>Centro Comercial Pyramid<\/li><li>Villa Micia<\/li><li>Ir para o helic\u00f3ptero<\/li><li>Autocarros pequenos e autom\u00f3veis pequenos<\/li><li>Villa Redentore \/ Palazzo Conte V<\/li><li>Vila Targaryen<\/li><li>Castello del Pittore<\/li><li>Villa Fattore<\/li><li>Miniera T \/ Fluorietmijn<\/li><li>Villa Weiss<\/li><li>Maison Grifiando<\/li><li>Ferme Rosto<\/li><li>Villa Exelia<\/li><li>Usine Nozo<\/li><li>Cinema Rose<\/li><li>A Villa dell'amore com a f\u00e1brica<\/li><li>Casa Bionda<\/li><li>Casa da usura<\/li><li>F\u00e1brica autossuficiente<\/li><li>Piatto Architettura Brutalista<\/li><li>Villa Glicine<\/li><li>Villa Monticel<\/li><li>Villa Giovanni<\/li><li>A casa Bambini<\/li><li>Fabricca 27<\/li><li>La Villa della Notte<\/li><li>Castello Del Oasi<\/li><li>La Scuola della Paura<\/li><li>Pub para cima e para baixo<\/li><li>Igreja com corti\u00e7o e jardim<\/li><li>Villa Verderio<\/li><li>A grande f\u00e1brica de cart\u00f5es<\/li><\/ul>","protected":false},"excerpt":{"rendered":"<p>Este mapa urbex fornece-lhe todos os locais de explora\u00e7\u00e3o urbana (urbex) em<strong> Italy, Lombardy.<\/strong> Este mapa de lugares perdidos permanecer\u00e1 atualizado e acess\u00edvel durante, pelo menos, 365 dias ap\u00f3s a compra.<\/p>\n<p>This map has currently 56 of the most unique urban exploring locations in Italy: Lombardy and is accessible from anywhere with our easy to use map<strong>.<\/strong><\/p>\n<p><strong>Se j\u00e1 tem este pacote, pode aceder-lhe atrav\u00e9s de <a href=\"\/pt\/a-minha-conta\/area-de-membros\/43905\/o-meu-conteudo-de-membro\/\">Os meus mapas &gt; Ver.<\/a><\/strong><\/p>\n<p><a href=\"#tab-description\">Lista de todas as localiza\u00e7\u00f5es Urbex neste mapa.<\/a><\/p>","protected":false},"featured_media":48122,"template":"","meta":[],"product_brand":[],"product_cat":[243,322,246,1137],"product_tag":[],"class_list":{"0":"post-45851","1":"product","2":"type-product","3":"status-publish","4":"has-post-thumbnail","6":"product_cat-italy","7":"product_cat-location-packs","8":"product_cat-lombardy","9":"product_cat-maps-italy","11":"first","12":"instock","13":"taxable","14":"shipping-taxable","15":"purchasable","16":"product-type-variable"},"jetpack_sharing_enabled":true,"_links":{"self":[{"href":"https:\/\/urbex.direct\/pt\/wp-json\/wp\/v2\/product\/45851","targetHints":{"allow":["GET"]}}],"collection":[{"href":"https:\/\/urbex.direct\/pt\/wp-json\/wp\/v2\/product"}],"about":[{"href":"https:\/\/urbex.direct\/pt\/wp-json\/wp\/v2\/types\/product"}],"wp:featuredmedia":[{"embeddable":true,"href":"https:\/\/urbex.direct\/pt\/wp-json\/wp\/v2\/media\/48122"}],"wp:attachment":[{"href":"https:\/\/urbex.direct\/pt\/wp-json\/wp\/v2\/media?parent=45851"}],"wp:term":[{"taxonomy":"product_brand","embeddable":true,"href":"https:\/\/urbex.direct\/pt\/wp-json\/wp\/v2\/product_brand?post=45851"},{"taxonomy":"product_cat","embeddable":true,"href":"https:\/\/urbex.direct\/pt\/wp-json\/wp\/v2\/product_cat?post=45851"},{"taxonomy":"product_tag","embeddable":true,"href":"https:\/\/urbex.direct\/pt\/wp-json\/wp\/v2\/product_tag?post=45851"}],"curies":[{"name":"wp","href":"https:\/\/api.w.org\/{rel}","templated":true}]}}