{"id":45839,"date":"2022-12-07T16:29:55","date_gmt":"2022-12-07T16:29:55","guid":{"rendered":"https:\/\/urbex.direct\/?post_type=product&#038;p=45839"},"modified":"2025-05-22T18:00:55","modified_gmt":"2025-05-22T17:00:55","slug":"mapa-de-localizacao-it-toscana-2023","status":"publish","type":"product","link":"https:\/\/urbex.direct\/pt\/product\/location-map-it-tuscany\/","title":{"rendered":"Urbex Map It\u00e1lia: Toscana (Acesso por 1 ou 2 anos)"},"content":{"rendered":"<p>Este mapa cont\u00e9m as seguintes localiza\u00e7\u00f5es:<\/p>\n<ul><li>Manic\u00f3mio de Volterra<\/li><li>Terme Del Corallo<\/li><li>Sanat\u00f3rio L\u00facia<\/li><li>Villa Viale<\/li><li>Zebra da Esta\u00e7\u00e3o de Gelo<\/li><li>Villa EB<\/li><li>Hotel Zano<\/li><li>Anivers\u00e1rio de Zano<\/li><li>Villa GM<\/li><li>Discoteca Ozgur Dengiz<\/li><li>Villa Sbertoli<\/li><li>Sanat\u00f3rio Bellavista<\/li><li>Borgo di Villa S Aldeia Perdida<\/li><li>Piscina na Selva<\/li><li>Villa Delle Virtu<\/li><li>Casa Della Nonna<\/li><li>Villa Condom<\/li><li>Estufa Steampunk<\/li><li>Villa Del Dottore LG<\/li><li>Villa Canneto<\/li><li>Villa del Farmacista<\/li><li>Resid\u00eancia senhorial<\/li><li>Villa delle statue<\/li><li>Casa Solit\u00e1ria<\/li><li>Convento delle monache felice<\/li><li>Instituto Salesiano<\/li><li>Hospital Verde \/ Colosso Grigio<\/li><li>La Serra Thermale \/ Bagno Thermale<\/li><li>Capela M<\/li><li>O saco de banho abandonado<\/li><li>GP de Spa<\/li><li>Castello Zano \/ Non Plus Ultra<\/li><li>Mosteiro de Tassa<\/li><li>Villa Pappagaio<\/li><li>Villa Carduci<\/li><li>Escola Giovanni<\/li><li>Castelo de Montepescini<\/li><li>Utiliza\u00e7\u00e3o de equipamentos<\/li><li>Villa della carrozzina \/ Villa della Resistenza<\/li><li>O castelo sem rei no bairro de Nessuno<\/li><li>Therme BG<\/li><li>Casas Gialla Infestata<\/li><li>Villa Mirabella<\/li><li>Al Trotto Ippodromo<\/li><li>Incubo na cozinha<\/li><li>Villa Hansel &amp; Gretel<\/li><li>Poeira estelar<\/li><li>Planta de cer\u00e2mica<\/li><li>Hotel Madonna<\/li><li>Hotel Eagle<\/li><li>Casa di Rosa<\/li><li>Vecchio e ruggine<\/li><li>Rosso Chimico<\/li><li>Casa da ferrovia<\/li><li>Fornalha na floresta<\/li><li>Mercado da selva<\/li><li>Brilho de f\u00e1brica<\/li><li>Forte PR<\/li><li>Fattoria Didi<\/li><\/ul>","protected":false},"excerpt":{"rendered":"<p>Este mapa urbex fornece-lhe todos os locais de explora\u00e7\u00e3o urbana (urbex) em<strong> Italy, Tuscany.<\/strong> Este mapa de lugares perdidos permanecer\u00e1 atualizado e acess\u00edvel durante, pelo menos, 365 dias ap\u00f3s a compra.<\/p>\n<p>This map has currently 59 of the most unique urban exploring locations in Italy: Tuscany and is accessible from anywhere with our easy to use map<strong>.<\/strong><\/p>\n<p><strong>Se j\u00e1 tem este pacote, pode aceder-lhe atrav\u00e9s de <a href=\"\/pt\/a-minha-conta\/area-de-membros\/43905\/o-meu-conteudo-de-membro\/\">Os meus mapas &gt; Ver.<\/a><\/strong><\/p>\n<p><a href=\"#tab-description\">Lista de todas as localiza\u00e7\u00f5es Urbex neste mapa.<\/a><\/p>","protected":false},"featured_media":48124,"template":"","meta":[],"product_brand":[],"product_cat":[243,322,1137,250],"product_tag":[],"class_list":{"0":"post-45839","1":"product","2":"type-product","3":"status-publish","4":"has-post-thumbnail","6":"product_cat-italy","7":"product_cat-location-packs","8":"product_cat-maps-italy","9":"product_cat-tuscany","11":"first","12":"instock","13":"taxable","14":"shipping-taxable","15":"purchasable","16":"product-type-variable"},"jetpack_sharing_enabled":true,"_links":{"self":[{"href":"https:\/\/urbex.direct\/pt\/wp-json\/wp\/v2\/product\/45839","targetHints":{"allow":["GET"]}}],"collection":[{"href":"https:\/\/urbex.direct\/pt\/wp-json\/wp\/v2\/product"}],"about":[{"href":"https:\/\/urbex.direct\/pt\/wp-json\/wp\/v2\/types\/product"}],"wp:featuredmedia":[{"embeddable":true,"href":"https:\/\/urbex.direct\/pt\/wp-json\/wp\/v2\/media\/48124"}],"wp:attachment":[{"href":"https:\/\/urbex.direct\/pt\/wp-json\/wp\/v2\/media?parent=45839"}],"wp:term":[{"taxonomy":"product_brand","embeddable":true,"href":"https:\/\/urbex.direct\/pt\/wp-json\/wp\/v2\/product_brand?post=45839"},{"taxonomy":"product_cat","embeddable":true,"href":"https:\/\/urbex.direct\/pt\/wp-json\/wp\/v2\/product_cat?post=45839"},{"taxonomy":"product_tag","embeddable":true,"href":"https:\/\/urbex.direct\/pt\/wp-json\/wp\/v2\/product_tag?post=45839"}],"curies":[{"name":"wp","href":"https:\/\/api.w.org\/{rel}","templated":true}]}}