{"id":45249,"date":"2022-10-11T09:30:19","date_gmt":"2022-10-11T08:30:19","guid":{"rendered":"https:\/\/urbex.direct\/?post_type=product&#038;p=45249"},"modified":"2025-05-22T17:49:08","modified_gmt":"2025-05-22T16:49:08","slug":"localizacao-mapa-da-emilia-romagna","status":"publish","type":"product","link":"https:\/\/urbex.direct\/pt\/product\/location-map-it-emilia-romagna\/","title":{"rendered":"Urbex Map It\u00e1lia: Emilia-Romagna (Acesso por 1 ou 2 anos)"},"content":{"rendered":"<p>Este mapa cont\u00e9m as seguintes localiza\u00e7\u00f5es:<\/p>\n<ul><li>Mans\u00e3o Conte di Cavour<\/li><li>F\u00e1brica d'argento<\/li><li>Casa sforzo finale<\/li><li>Capela Azul<\/li><li>Grand Hotel et de Milan<\/li><li>Preventorio di R<\/li><li>Torre Oculus<\/li><li>Vila L<\/li><li>Villa V<\/li><li>Acquazzurra Parco<\/li><li>Villa Prati<\/li><li>Discoteca Topkapi<\/li><li>Vila Buenos Airos<\/li><li>Discoteca Quaresimo<\/li><li>Carcere Maria<\/li><li>F\u00e1brica Zincata<\/li><li>Villa Infestato<\/li><li>Asilo Aguscello<\/li><li>Parque industrial<\/li><li>Escola Mezzo<\/li><li>Cinema da Embaixada<\/li><li>Sanat\u00f3rio Catone<\/li><li>Cl\u00ednica Bereta<\/li><li>Funivia<\/li><li>F\u00e1brica gigante<\/li><li>F\u00e1brica Gezani<\/li><li>Universidade de Casalec<\/li><li>Hotel Olmatello<\/li><li>Cartiera ER<\/li><li>Discoteca Pica-pau<\/li><li>Villa Ferri<\/li><li>Est\u00e1tua de Villa Delle<\/li><li>Villa Alessia<\/li><li>Capella Novi<\/li><li>Villa Voleno<\/li><li>Hotel Gabriele<\/li><li>Hotel a 5 Stelle<\/li><li>Teatro C<\/li><li>A escola de Frankenstein \/ Scoula de Manequies<\/li><li>Villa Zodiaco<\/li><li>Palazzo dei dieci pianoforti \/ Villa 10 Pianos (s\u00f3 com autoriza\u00e7\u00e3o)<\/li><li>Ex Manicomio Di Colorno<\/li><li>Disco Diana<\/li><li>Escola Dimenticata<\/li><li>La Casa Gialla<\/li><li>Villa del Cavallo<\/li><li>F\u00e1brica Gorizia<\/li><li>Casa do artista<\/li><li>Igreja Giuseppe e Maria<\/li><li>Villa Arcobaleno<\/li><li>La villa della Volpe \/ Casa Della Volpe<\/li><li>Igreja de Rigo<\/li><li>Villa Catini<\/li><li>Cinema Novo<\/li><li>Igreja do Monte Cavalloro<\/li><li>Villa del cavaliere \/ Villa Vorkona<\/li><li>Villa Jumanji<\/li><li>Naufr\u00e1gios russos<\/li><li>Batimento Z<\/li><li>Silo Cereali<\/li><li>Maxio Fridgeria<\/li><li>Casa Santa Claus<\/li><li>Casa do Relato<\/li><li>Casa rosso edera<\/li><li>La Casa alla stazione<\/li><li>F\u00e1brica de a\u00e7\u00facar E<\/li><li>Casa Maria<\/li><li>La comunit\u00e0 abbandonata \/ A comunidade abandonada<\/li><li>Base militare in citt\u00e0 \/ Base do ex\u00e9rcito na cidade<\/li><li>La casa stregata \/ A casa assombrada<\/li><li>Casa con fienile pianeggiante \/ Casa com celeiro plano<\/li><li>La possente Villa \/ A poderosa Villa<\/li><li>La fattoria e la cappella \/ A quinta e a capela<\/li><li>Fattoria Storica \/ Quinta hist\u00f3rica<\/li><li>Mais uma quinta em ru\u00ednas \/ Un'altra fattoria fatiscente<\/li><li>Vecchia purificazione dell'acqua \/ Antiga purifica\u00e7\u00e3o da \u00e1gua<\/li><li>La piccola stazione \/ A pequena esta\u00e7\u00e3o<\/li><li>La ristrutturazione fallita \/ A renova\u00e7\u00e3o falhada<\/li><li>Il rifugio per cani abbandonati \/ O abrigo para c\u00e3es abandonados<\/li><li>Palacia Casino<\/li><li>Hotel Thermale<\/li><li>Fattoria in pista \/ Explora\u00e7\u00e3o agr\u00edcola no caminho de ferro<\/li><li>Piscina sulla spiaggia \/ Piscina na praia<\/li><li>Fabbrica dell'aviazione \/ F\u00e1brica de avia\u00e7\u00e3o<\/li><li>La casa fantasma \/ A casa fantasma<\/li><li>Villa Animali \/ Villa Animais<\/li><li>A casa dos mortos<\/li><li>Mans\u00e3o Ulisse<\/li><li>Casa em rovina<\/li><li>Pequeno castelo abandonado<\/li><\/ul>","protected":false},"excerpt":{"rendered":"<p>Este mapa urbex fornece-lhe todos os locais de explora\u00e7\u00e3o urbana (urbex) em<strong> It\u00e1lia, Em\u00edlia-Romanha.<\/strong> Este mapa de lugares perdidos permanecer\u00e1 atualizado e acess\u00edvel durante, pelo menos, 365 dias ap\u00f3s a compra.<\/p>\n<p>Este mapa tem atualmente 90 dos locais de explora\u00e7\u00e3o urbana mais exclusivos de It\u00e1lia: Emilia-Romagna e \u00e9 acess\u00edvel a partir de qualquer lugar com o nosso mapa f\u00e1cil de utilizar<strong>.<\/strong><\/p>\n<p><strong>Se j\u00e1 tem este pacote, pode aceder-lhe atrav\u00e9s de <a href=\"\/pt\/a-minha-conta\/area-de-membros\/43905\/o-meu-conteudo-de-membro\/\">Os meus mapas &gt; Ver.<\/a><\/strong><\/p>\n<p><a href=\"#tab-description\">Lista de todas as localiza\u00e7\u00f5es Urbex neste mapa.<\/a><\/p>","protected":false},"featured_media":48121,"template":"","meta":[],"product_brand":[],"product_cat":[244,243,322,1137],"product_tag":[],"class_list":{"0":"post-45249","1":"product","2":"type-product","3":"status-publish","4":"has-post-thumbnail","6":"product_cat-emilia-romagna-2","7":"product_cat-italy","8":"product_cat-location-packs","9":"product_cat-maps-italy","11":"first","12":"instock","13":"taxable","14":"shipping-taxable","15":"purchasable","16":"product-type-variable"},"jetpack_sharing_enabled":true,"_links":{"self":[{"href":"https:\/\/urbex.direct\/pt\/wp-json\/wp\/v2\/product\/45249","targetHints":{"allow":["GET"]}}],"collection":[{"href":"https:\/\/urbex.direct\/pt\/wp-json\/wp\/v2\/product"}],"about":[{"href":"https:\/\/urbex.direct\/pt\/wp-json\/wp\/v2\/types\/product"}],"wp:featuredmedia":[{"embeddable":true,"href":"https:\/\/urbex.direct\/pt\/wp-json\/wp\/v2\/media\/48121"}],"wp:attachment":[{"href":"https:\/\/urbex.direct\/pt\/wp-json\/wp\/v2\/media?parent=45249"}],"wp:term":[{"taxonomy":"product_brand","embeddable":true,"href":"https:\/\/urbex.direct\/pt\/wp-json\/wp\/v2\/product_brand?post=45249"},{"taxonomy":"product_cat","embeddable":true,"href":"https:\/\/urbex.direct\/pt\/wp-json\/wp\/v2\/product_cat?post=45249"},{"taxonomy":"product_tag","embeddable":true,"href":"https:\/\/urbex.direct\/pt\/wp-json\/wp\/v2\/product_tag?post=45249"}],"curies":[{"name":"wp","href":"https:\/\/api.w.org\/{rel}","templated":true}]}}