{"id":43726,"date":"2022-08-12T19:55:05","date_gmt":"2022-08-12T18:55:05","guid":{"rendered":"https:\/\/urbex.direct\/?post_type=product&#038;p=43726"},"modified":"2025-05-22T20:24:19","modified_gmt":"2025-05-22T19:24:19","slug":"mapa-de-localizacao-grecia-todas-as-regioes","status":"publish","type":"product","link":"https:\/\/urbex.direct\/pt\/product\/location-map-greece-all-regions\/","title":{"rendered":"Urbex Map Gr\u00e9cia: Todas as regi\u00f5es (Acesso por 1 ou 2 anos)"},"content":{"rendered":"<p>Este mapa cont\u00e9m as seguintes localiza\u00e7\u00f5es: <ul><li>Villa Paradi\u017enik<\/li><li>Mercado interno S<\/li><li>O Incr\u00edvel Cemit\u00e9rio de Comboios 2<\/li><li>Ergo Odos \/ F\u00e1brica de Odos<\/li><li>F\u00e1brica Ble<\/li><li>Eleftherio Kordelio \/ F\u00e1brica Kordelio<\/li><li>Vila Salem<\/li><li>Chateau Mon Bonheur<\/li><li>Hotel Georgios<\/li><li>Villa Hirsch<\/li><li>Ergo O<\/li><li>Cham\u00e9na Tr\u00e9na 1<\/li><li>Adeio kai Vr\u00f3miko<\/li><li>Cham\u00e9na Tr\u00e9na 2<\/li><li>Mans\u00e3o Kontos \/ Mans\u00e3o Kov<\/li><li>Hotel N<\/li><li>F\u00e1brica de seda<\/li><li>Hospital de Opuszczony<\/li><li>Nato Ace High<\/li><li>Hotel Saladi<\/li><li>Mills A<\/li><li>Pal\u00e1cio TT<\/li><li>Sanat\u00f3rio Osborn<\/li><li>Est\u00e1dio de Voleibol<\/li><li>Naufr\u00e1gio Nea \/ 1 UP<\/li><li>Praia dos Naufr\u00e1gios<\/li><li>Aeroporto Ol\u00edmpico<\/li><li>EOTP f\u00e1brica parc 1<\/li><li>EOTP f\u00e1brica parc 2<\/li><li>Central el\u00e9ctrica Ptole<\/li><li>Spiti Hadjikyriazis<\/li><li>Celeiro de autom\u00f3veis<\/li><li>Escola de adultos<\/li><li>Para\u00edso Azul<\/li><li>Naufr\u00e1gio Ferrugento<\/li><li>Caminho de ferro de montanha<\/li><li>Hotel Cheli<\/li><li>Ruine Bred<\/li><li>Hotel Sea View<\/li><li>Celeiro de lixo<\/li><li>Hotel comboio inacabado<\/li><li>Piscina Ngy<\/li><li>F\u00e1brica de t\u00eaxteis grega<\/li><li>F\u00e1brica de l\u00e3 abandonada<\/li><li>Ponte M\u00e1gica<\/li><li>Hotel Gr\u00e9cia<\/li><li>Monumento esquecido<\/li><li>F\u00e1brica nos campos<\/li><li>O velho eixo esquecido<\/li><li>Os silos na floresta<\/li><li>Villa Olive<\/li><li>Administra\u00e7\u00e3o abandonada<\/li><\/ul><\/p>","protected":false},"excerpt":{"rendered":"<p>Este mapa urbex fornece-lhe todos os locais de explora\u00e7\u00e3o urbana (urbex) em<strong> Gr\u00e9cia, Todas as regi\u00f5es.<\/strong> Este mapa de lugares perdidos permanecer\u00e1 atualizado e acess\u00edvel durante, pelo menos, 365 dias ap\u00f3s a compra. <\/p>\n<p>Este mapa tem atualmente 52 dos locais de explora\u00e7\u00e3o urbana mais exclusivos da Gr\u00e9cia: Todas as regi\u00f5es e \u00e9 acess\u00edvel a partir de qualquer lugar com o nosso mapa f\u00e1cil de utilizar<strong>. <\/p>\n<p><\/strong><strong>Se j\u00e1 tem este pacote, pode aceder-lhe atrav\u00e9s de <a href=\"\/pt\/a-minha-conta\/area-de-membros\/43905\/o-meu-conteudo-de-membro\/\">Os meus mapas &gt; Ver.<\/a><\/strong> <a href=\"#tab-description\">Lista de todas as localiza\u00e7\u00f5es Urbex neste mapa.<\/a><\/p>","protected":false},"featured_media":48119,"template":"","meta":[],"product_brand":[],"product_cat":[240,322,1140],"product_tag":[323],"class_list":{"0":"post-43726","1":"product","2":"type-product","3":"status-publish","4":"has-post-thumbnail","6":"product_cat-greece","7":"product_cat-location-packs","8":"product_cat-maps-greece","9":"product_tag-locationpack","11":"first","12":"instock","13":"taxable","14":"shipping-taxable","15":"purchasable","16":"product-type-variable"},"jetpack_sharing_enabled":true,"_links":{"self":[{"href":"https:\/\/urbex.direct\/pt\/wp-json\/wp\/v2\/product\/43726","targetHints":{"allow":["GET"]}}],"collection":[{"href":"https:\/\/urbex.direct\/pt\/wp-json\/wp\/v2\/product"}],"about":[{"href":"https:\/\/urbex.direct\/pt\/wp-json\/wp\/v2\/types\/product"}],"wp:featuredmedia":[{"embeddable":true,"href":"https:\/\/urbex.direct\/pt\/wp-json\/wp\/v2\/media\/48119"}],"wp:attachment":[{"href":"https:\/\/urbex.direct\/pt\/wp-json\/wp\/v2\/media?parent=43726"}],"wp:term":[{"taxonomy":"product_brand","embeddable":true,"href":"https:\/\/urbex.direct\/pt\/wp-json\/wp\/v2\/product_brand?post=43726"},{"taxonomy":"product_cat","embeddable":true,"href":"https:\/\/urbex.direct\/pt\/wp-json\/wp\/v2\/product_cat?post=43726"},{"taxonomy":"product_tag","embeddable":true,"href":"https:\/\/urbex.direct\/pt\/wp-json\/wp\/v2\/product_tag?post=43726"}],"curies":[{"name":"wp","href":"https:\/\/api.w.org\/{rel}","templated":true}]}}