{"id":43725,"date":"2022-08-12T19:50:50","date_gmt":"2022-08-12T18:50:50","guid":{"rendered":"https:\/\/urbex.direct\/?post_type=product&#038;p=43725"},"modified":"2025-05-22T17:57:00","modified_gmt":"2025-05-22T16:57:00","slug":"mapa-de-localizacao-da-sardenha","status":"publish","type":"product","link":"https:\/\/urbex.direct\/pt\/product\/location-map-it-sardinia\/","title":{"rendered":"Urbex Map It\u00e1lia: Sardenha (Acesso por 1 ou 2 anos)"},"content":{"rendered":"<p>Este mapa cont\u00e9m as seguintes localiza\u00e7\u00f5es: <ul><li>Villa Stefani<\/li><li>Ristorante viola<\/li><li>Mina Argentiera<\/li><li>Hotel Eden Beach<\/li><li>Palazzo Palm<\/li><li>Casa do Diretor<\/li><li>Cappella AU<\/li><li>Prigione H29<\/li><li>Casa Cedrino<\/li><li>Sardocalce<\/li><li>F\u00e1brica PT<\/li><li>Casa Angello<\/li><li>Hotel Green Park<\/li><li>Fornace di calce<\/li><li>Hotel C<\/li><li>Villa della contessa<\/li><li>A aldeia das minas<\/li><li>Villaggio Abbandonato A<\/li><li>Complesso turistico<\/li><li>Alojamento no mar<\/li><li>Disco Kiss<\/li><li>F\u00e1brica de cimento Felice<\/li><li>Hospital de Abergo<\/li><li>Hotel Velico<\/li><li>Cementi Alba<\/li><li>Albergo Ferroviario<\/li><li>Energia Disco<\/li><li>Miniera di Frodo<\/li><li>Cartaria Atax<\/li><li>Discoteca dos Sacerdotes<\/li><li>Seggiovia Abbandonata \/ Telef\u00e9rico perdido<\/li><li>Abandonato il mio villaggio<\/li><li>Esta\u00e7\u00e3o de r\u00e1dio da Guerra Fria<\/li><li>Villa Skeleton<\/li><li>Sa\u00edda do hotel<\/li><li>Sanat\u00f3rio Nove<\/li><li>Locomotivas esquecidas<\/li><li>Case a Cupola<\/li><li>Villa Stangoni<\/li><li>Caneca Villa<\/li><li>Grande Clube<\/li><li>Hotel Benve<\/li><li>Central el\u00e9ctrica de Caterina<\/li><li>F\u00e1brica de cal\u00e7ado<\/li><li>Villa Ginestra \/ Villa Idina<\/li><li>Cidade fantasma mineira<\/li><li>Mensa mineraria<\/li><li>Villa Weber<\/li><li>F\u00e1brica de m\u00f3veis<\/li><li>F\u00e1brica do gigante de ferro<\/li><li>Robien Centro Commerciale<\/li><li>F\u00e1brica di Sapone<\/li><li>La Diga Dimenticata<\/li><li>Campo Militar das Lendas \/ Radar da Sardinha<\/li><li>O Clube Desportivo de Montanha<\/li><li>Observat\u00f3rio astron\u00f3mico<\/li><li>Tsunami de discoteca<\/li><li>Ospedale M<\/li><li>Albergo dei birilli<\/li><li>Hotel Capo Taleuda<\/li><li>A mina do t\u00e9cnico<\/li><li>F\u00e1brica Kork<\/li><li>Instituto ENAP<\/li><li>La Colonia nuda<\/li><li>Impianto de tratamento das actas reflue<\/li><li>Esta\u00e7\u00e3o de Molinas<\/li><li>Casa Capo<\/li><li>Vila M<\/li><li>O dormit\u00f3rio da central el\u00e9ctrica<\/li><li>Aldeia do sesso abandonada<\/li><li>L&#039;ultimo piatto<\/li><li>Campo de minera\u00e7\u00e3o<\/li><li>Villa Pietri<\/li><li>Capela Pietri<\/li><li>Latticini U<\/li><li>Aldeia Tropica<\/li><li>Col\u00f3nia dos beb\u00e9s desaparecidos<\/li><li>Pedreira B<\/li><li>A aldeia na praia<\/li><li>A Casa Fantasma Diga<\/li><li>Caserma L<\/li><li>Os casos da central el\u00e9ctrica<\/li><li>O vecchio villaggio militare<\/li><li>Col\u00f3nia de cavalos do rei<\/li><li>A antiga pizzaria<\/li><li>A zona mineira abandonada<\/li><li>Campo Polv<\/li><li>Usine Picci<\/li><li>Miniera Sed<\/li><li>As ru\u00ednas de uma pequena cidade<\/li><li>Aldeia do Telhado Desaparecido<\/li><li>Est\u00e1dio reformado \/ Stadio in pensione<\/li><li>Sanat\u00f3rio Fantasmo<\/li><li>5 in a row \/ 5 di fila<\/li><li>Ponte do terramoto \/ Ponte del terremoto<\/li><li>Villa Falcone<\/li><li>Discoteca Otto<\/li><li>Escola invasa SL<\/li><li>Casa dos Tr\u00eas Pilares<\/li><li>O velho bar nos campos<\/li><li>Fornos romanos<\/li><li>Quinta das \u00e1rvores Oreda<\/li><li>Apenas as belas partilhas<\/li><li>Sala delle Macchine<\/li><li>Todo o incrocio<\/li><li>As rochas na colina<\/li><\/ul><\/p>","protected":false},"excerpt":{"rendered":"<p>Este mapa urbex fornece-lhe todos os locais de explora\u00e7\u00e3o urbana (urbex) em<strong> It\u00e1lia, Sardenha. <\/strong>Este mapa de lugares perdidos permanecer\u00e1 atualizado e acess\u00edvel durante, pelo menos, 365 dias ap\u00f3s a compra. <\/p>\n<p>Este mapa tem atualmente 106 dos locais de explora\u00e7\u00e3o urbana mais exclusivos de It\u00e1lia: Sardenha e \u00e9 acess\u00edvel a partir de qualquer lugar com o nosso mapa f\u00e1cil de utilizar<strong>. <\/p>\n<p><\/strong><strong>Se j\u00e1 tem este pacote, pode aceder-lhe atrav\u00e9s de <a href=\"\/pt\/a-minha-conta\/area-de-membros\/43905\/o-meu-conteudo-de-membro\/\">Os meus mapas &gt; Ver.<\/a><\/strong> <\/p>\n<p><a href=\"#tab-description\">Lista de todas as localiza\u00e7\u00f5es Urbex neste mapa.<\/a><\/p>","protected":false},"featured_media":48123,"template":"","meta":[],"product_brand":[],"product_cat":[243,322,1137,249],"product_tag":[323],"class_list":{"0":"post-43725","1":"product","2":"type-product","3":"status-publish","4":"has-post-thumbnail","6":"product_cat-italy","7":"product_cat-location-packs","8":"product_cat-maps-italy","9":"product_cat-sardinia","10":"product_tag-locationpack","12":"first","13":"instock","14":"taxable","15":"shipping-taxable","16":"purchasable","17":"product-type-variable"},"jetpack_sharing_enabled":true,"_links":{"self":[{"href":"https:\/\/urbex.direct\/pt\/wp-json\/wp\/v2\/product\/43725","targetHints":{"allow":["GET"]}}],"collection":[{"href":"https:\/\/urbex.direct\/pt\/wp-json\/wp\/v2\/product"}],"about":[{"href":"https:\/\/urbex.direct\/pt\/wp-json\/wp\/v2\/types\/product"}],"wp:featuredmedia":[{"embeddable":true,"href":"https:\/\/urbex.direct\/pt\/wp-json\/wp\/v2\/media\/48123"}],"wp:attachment":[{"href":"https:\/\/urbex.direct\/pt\/wp-json\/wp\/v2\/media?parent=43725"}],"wp:term":[{"taxonomy":"product_brand","embeddable":true,"href":"https:\/\/urbex.direct\/pt\/wp-json\/wp\/v2\/product_brand?post=43725"},{"taxonomy":"product_cat","embeddable":true,"href":"https:\/\/urbex.direct\/pt\/wp-json\/wp\/v2\/product_cat?post=43725"},{"taxonomy":"product_tag","embeddable":true,"href":"https:\/\/urbex.direct\/pt\/wp-json\/wp\/v2\/product_tag?post=43725"}],"curies":[{"name":"wp","href":"https:\/\/api.w.org\/{rel}","templated":true}]}}