{"id":43724,"date":"2022-08-12T19:41:52","date_gmt":"2022-08-12T18:41:52","guid":{"rendered":"https:\/\/urbex.direct\/?post_type=product&#038;p=43724"},"modified":"2025-05-27T19:47:04","modified_gmt":"2025-05-27T18:47:04","slug":"mapa-de-localizacao-fr-centre-val-de-loire","status":"publish","type":"product","link":"https:\/\/urbex.direct\/pt\/product\/location-map-fr-centre-val-de-loire\/","title":{"rendered":"Urbex Map France, Centre-Val de Loire (Acesso de 1 ou 2 anos)"},"content":{"rendered":"<p>Este mapa cont\u00e9m as seguintes localiza\u00e7\u00f5es:<\/p>\n\n\n\n<ul><li>Manoir Trinity \/ Castelo da Trindade<\/li><li>Castelo das Damas<\/li><li>Casa de campo \u00e0 beira-mar<\/li><li>Est\u00fadio 101<\/li><li>Chateau Black Pussy<\/li><li>O convento das irm\u00e3s<\/li><li>Abbaye Roy<\/li><li>Ferme Number One<\/li><li>Disco Travo<\/li><li>Sopa Chateau<\/li><li>Usine Poutres<\/li><li>Ch\u00e2teau blaireau<\/li><li>Whisky Ferme<\/li><li>Ferme du v\u00e9t\u00e9ran<\/li><li>Casa da Velha Senhora<\/li><li>Escola do pequeno G \/ A escola dos abusos<\/li><li>A fazenda na terra de ningu\u00e9m<\/li><li>A casa esquecida<\/li><li>Maison 6W<\/li><li>Casa assustadora<\/li><li>Ferme Rien<\/li><li>Castelo do Senhor<\/li><li>O Grande Castelo<\/li><li>Maison Mamie<\/li><li>Maison Oui<\/li><li>Ferme Peace<\/li><li>Piscina Bel Air<\/li><li>Sanat\u00f3rio Muet<\/li><li>Ch\u00e2teau Vidame<\/li><li>Ch\u00e2teau Clairdome<\/li><li>Moradia Bat\u00eas<\/li><li>Domaine du Tipi<\/li><li>Maison Barbasse<\/li><li>Col\u00e9gio Eur\u00e9lien<\/li><li>L'\u00e9cole du Village \/ La vieille \u00e9cole<\/li><li>Esta\u00e7\u00e3o de servi\u00e7o<\/li><li>Maison L'alchimiste<\/li><li>Manoir Kawasaki<\/li><li>Maison Strike<\/li><li>A casa da guarda barreira<\/li><li>Campo 51<\/li><li>Usine Beauce<\/li><li>Casa de campo<\/li><li>Ch\u00e2teau Opus<\/li><li>Torre Chateau Mossy<\/li><li>Entreposto ferrovi\u00e1rio<\/li><li>Casa do Poseidon<\/li><li>Manoir du D&#039;ou<\/li><li>Casa do colecionador<\/li><li>Orfanato Emile Louis<\/li><li>Ch\u00e2teau Tortue Ninja<\/li><li>Castelo Troubadour<\/li><li>Restaurante Epain \/ Restaurante Lazona<\/li><li>Manoir Orties<\/li><li>Des Vacances Effrayantes<\/li><li>Disco Cinco<\/li><li>Castelo Vasily Kurik<\/li><li>Sanat\u00f3rio de Longos<\/li><li>Maison Solitaire Maurice<\/li><li>A pista das estrelas<\/li><li>Helic\u00f3ptero Skytech dobrado<\/li><li>Grande corredor ferrovi\u00e1rio<\/li><li>Casa do amor<\/li><li>Maison Prejeux<\/li><li>Aqu\u00e1rio<\/li><li>Base Militar Extra<\/li><li>Manoir Panthera<\/li><li>Usine Cisse<\/li><li>Ferme Constant<\/li><li>Maison Grignou<\/li><li>Quinta Circel<\/li><li>Quinta das Laranjas<\/li><li>Hangar com espa\u00e7o para ve\u00edculos<\/li><li>Ch\u00e2teau Hallier<\/li><li>Usine Loing<\/li><li>Esta\u00e7\u00e3o de servi\u00e7o<\/li><li>Ch\u00e2teau Anglois<\/li><li>Chateau Decrepitude<\/li><li>Chateau Chasseur<\/li><li>Maison Faons<\/li><li>Manoir Meuble<\/li><li>Maison Soupir<\/li><li>Ch\u00e2teau darkface<\/li><li>Ch\u00e2teau des mouches<\/li><li>Maison de Retraite Verdure<\/li><li>Castelo de \u00e1gua<\/li><li>Manoir Ma\u00e2t<\/li><li>Destro\u00e7os de autom\u00f3veis 1<\/li><li>Destro\u00e7os de autom\u00f3veis 2<\/li><li>Maison v\u00e9randa<\/li><li>Maison Skrim<\/li><li>Casa de veraneio<\/li><li>Maison Power<\/li><li>Escola de Pol\u00edcia<\/li><li>Rua das Montanhas<\/li><li>A antiga esta\u00e7\u00e3o de el\u00e9trico<\/li><li>Castelo sem nome<\/li><li>Centro de cuidados Richard Labatt<\/li><li>Universidade biol\u00f3gica<\/li><li>Tri\u00e2ngulo de Usine<\/li><li>Manoir chat noir<\/li><li>Manoir pirata<\/li><li>Piscina municipal<\/li><li>Usine Roulin<\/li><li>Manoir Fosse<\/li><li>Maison Bout de Bois<\/li><li>Quinta do Gelato<\/li><\/ul>","protected":false},"excerpt":{"rendered":"<p>Este mapa urbex fornece-lhe todos os locais de explora\u00e7\u00e3o urbana (urbex) em<strong> Fran\u00e7a, <\/strong><strong>Centro-Val de Loire<\/strong><strong>.<\/strong> Este mapa de lugares perdidos permanecer\u00e1 atualizado e acess\u00edvel durante, pelo menos, 365 dias ap\u00f3s a compra.<\/p>\n<p>This map has currently 107 of the most unique urban exploring locations in France, Centre-Val de Loire and is accessible from anywhere with our easy to use map<strong>.<\/p>\n<p><\/strong><strong>Se j\u00e1 tem este pacote, pode aceder-lhe atrav\u00e9s de <a href=\"\/pt\/a-minha-conta\/area-de-membros\/43905\/o-meu-conteudo-de-membro\/\">Os meus mapas &gt; Ver.<\/a><\/strong><strong><\/p>\n<p><\/strong><a href=\"#tab-description\">Lista de todas as localiza\u00e7\u00f5es Urbex neste mapa.<\/a><\/p>","protected":false},"featured_media":48140,"template":"","meta":[],"product_brand":[],"product_cat":[230,226,322,1340,1135],"product_tag":[323],"class_list":{"0":"post-43724","1":"product","2":"type-product","3":"status-publish","4":"has-post-thumbnail","6":"product_cat-centre-val-de-loire","7":"product_cat-france","8":"product_cat-location-packs","9":"product_cat-maps-centre-val-de-loire","10":"product_cat-maps-france","11":"product_tag-locationpack","13":"first","14":"instock","15":"taxable","16":"shipping-taxable","17":"purchasable","18":"product-type-variable"},"jetpack_sharing_enabled":true,"_links":{"self":[{"href":"https:\/\/urbex.direct\/pt\/wp-json\/wp\/v2\/product\/43724","targetHints":{"allow":["GET"]}}],"collection":[{"href":"https:\/\/urbex.direct\/pt\/wp-json\/wp\/v2\/product"}],"about":[{"href":"https:\/\/urbex.direct\/pt\/wp-json\/wp\/v2\/types\/product"}],"wp:featuredmedia":[{"embeddable":true,"href":"https:\/\/urbex.direct\/pt\/wp-json\/wp\/v2\/media\/48140"}],"wp:attachment":[{"href":"https:\/\/urbex.direct\/pt\/wp-json\/wp\/v2\/media?parent=43724"}],"wp:term":[{"taxonomy":"product_brand","embeddable":true,"href":"https:\/\/urbex.direct\/pt\/wp-json\/wp\/v2\/product_brand?post=43724"},{"taxonomy":"product_cat","embeddable":true,"href":"https:\/\/urbex.direct\/pt\/wp-json\/wp\/v2\/product_cat?post=43724"},{"taxonomy":"product_tag","embeddable":true,"href":"https:\/\/urbex.direct\/pt\/wp-json\/wp\/v2\/product_tag?post=43724"}],"curies":[{"name":"wp","href":"https:\/\/api.w.org\/{rel}","templated":true}]}}